{"id":214008,"date":"2022-04-07T20:01:21","date_gmt":"2022-04-07T19:01:21","guid":{"rendered":"https:\/\/www.moskito.cz\/?post_type=product&#038;p=214008"},"modified":"2026-04-28T04:43:11","modified_gmt":"2026-04-28T03:43:11","slug":"pevny-nuz-extrema-ratio-asfk","status":"publish","type":"product","link":"https:\/\/www.moskito.cz\/pl\/produkt\/pevny-nuz-extrema-ratio-asfk\/","title":{"rendered":"Pevn\u00fd N\u016f\u017e Extrema Ratio A.S.F.K."},"content":{"rendered":"<p>Pevn\u00fd N\u016f\u017e Extrema Ratio A.S.F.K.<\/p>\n<p>ASFK je specializovan\u00e1 d\u00fdka, kterou z\u00edskalo nov\u00e9 arm\u00e1dn\u00ed velitelstv\u00ed speci\u00e1ln\u00edch sil (COM.FO.SE). P\u0159ipom\u00edn\u00e1 tradici troufalosti a krvav\u00e9 z\u00e1kopov\u00e9 bitvy poznamenan\u00e9 \u00fatoky na b\u00edlou zbra\u0148. ASFK je z\u00e1kopov\u00fd n\u016f\u017e p\u0159epracovan\u00fd modern\u00edm zp\u016fsobem. B\u00f6hler N690 ocelov\u00e1 \u010depel, forprenov\u00e1 rukoje\u0165 s krou\u017ekovou ochranou pro ochranu ruky p\u0159i pou\u017eit\u00ed rozb\u00edje\u010de skla. ASFK je dod\u00e1v\u00e1na s pou\u0161tn\u00edm pochvou cordura se syst\u00e9mem zap\u00edn\u00e1n\u00ed MOLLE, p\u0159\u00edpadn\u011b lze nosit s \u00favazkem v podpa\u017e\u00ed, kter\u00fd lze zakoupit samostatn\u011b.<\/p>\n<p>HMOTNOST G.: 413,0<br \/>\nHMOTNOST OZ .: 14.6<br \/>\nD\u00c9LKA \u010cEPELE (MM): 162<br \/>\nD\u00c9LKA \u010cEPELE (IN): 6,4<br \/>\nCELKOV\u00c1 D\u00c9LKA (MM): 289<br \/>\nCELKOV\u00c1 D\u00c9LKA (V): 11.4<br \/>\nTLOU\u0160\u0164KA \u010cEPELE (MM): 6,3<br \/>\nTLOU\u0160\u0164KA \u010cEPELE (IN): 0,25<br \/>\nMATERI\u00c1L \u010cEPELE: B\u00d6HLER N690 STEEL (58HRC)<br \/>\nPOVRCHOV\u00c1 \u00daPRAVA NO\u017dE: MIL-C-13924 BURNISH<br \/>\n\u0160IPKA \u010cEPELE: PLOCH\u00dd DR\u00c1T<br \/>\n\u010c\u00c1STE\u010cN\u00c9 ZUBY (MM): 40<br \/>\n\u010c\u00c1STE\u010cN\u00c9 ZUBY (V): 1.6<br \/>\nMATERI\u00c1L RUKOJETI: FORPRENE<\/p>\n","protected":false},"excerpt":{"rendered":"<p>Spole\u010dnost\u00a0<strong>Extrema Ratio<\/strong>\u00a0se s\u00eddlem v italsk\u00e9m Pratu navrhuje a vyr\u00e1b\u00ed vysoce v\u00fdkonn\u00e9 bojov\u00e9, vojensk\u00e9, kuchy\u0148sk\u00e9, loveck\u00e9 a taktick\u00e9 no\u017ee od roku 1997 a m\u00e1 pov\u011bst vynikaj\u00edc\u00ed kvality, kter\u00e1 je v oboru vojensk\u00fdch a taktick\u00fdch no\u017e\u016f nep\u0159ekonateln\u00e1.\u00a0<strong>Doprava zdarma.<\/strong><\/p>\n","protected":false},"featured_media":219467,"comment_status":"open","ping_status":"closed","template":"","meta":[],"pwb-brand":[267],"product_brand":[],"product_cat":[23,17],"product_tag":[3667],"class_list":{"0":"post-214008","1":"product","2":"type-product","3":"status-publish","4":"has-post-thumbnail","6":"pwb-brand-extrema-ratio","7":"product_cat-pevne-noze","8":"product_cat-noze","9":"product_tag-b2b","11":"first","12":"outofstock","13":"taxable","14":"shipping-taxable","15":"purchasable","16":"product-type-simple"},"brands":[{"id":267,"name":"Extrema Ratio","slug":"extrema-ratio"}],"_links":{"self":[{"href":"https:\/\/www.moskito.cz\/pl\/wp-json\/wp\/v2\/product\/214008","targetHints":{"allow":["GET"]}}],"collection":[{"href":"https:\/\/www.moskito.cz\/pl\/wp-json\/wp\/v2\/product"}],"about":[{"href":"https:\/\/www.moskito.cz\/pl\/wp-json\/wp\/v2\/types\/product"}],"replies":[{"embeddable":true,"href":"https:\/\/www.moskito.cz\/pl\/wp-json\/wp\/v2\/comments?post=214008"}],"wp:featuredmedia":[{"embeddable":true,"href":"https:\/\/www.moskito.cz\/pl\/wp-json\/wp\/v2\/media\/219467"}],"wp:attachment":[{"href":"https:\/\/www.moskito.cz\/pl\/wp-json\/wp\/v2\/media?parent=214008"}],"wp:term":[{"taxonomy":"pwb-brand","embeddable":true,"href":"https:\/\/www.moskito.cz\/pl\/wp-json\/wp\/v2\/pwb-brand?post=214008"},{"taxonomy":"product_brand","embeddable":true,"href":"https:\/\/www.moskito.cz\/pl\/wp-json\/wp\/v2\/product_brand?post=214008"},{"taxonomy":"product_cat","embeddable":true,"href":"https:\/\/www.moskito.cz\/pl\/wp-json\/wp\/v2\/product_cat?post=214008"},{"taxonomy":"product_tag","embeddable":true,"href":"https:\/\/www.moskito.cz\/pl\/wp-json\/wp\/v2\/product_tag?post=214008"}],"curies":[{"name":"wp","href":"https:\/\/api.w.org\/{rel}","templated":true}]}}