{"id":214125,"date":"2022-04-10T19:31:33","date_gmt":"2022-04-10T18:31:33","guid":{"rendered":"https:\/\/www.moskito.cz\/?post_type=product&#038;p=214125"},"modified":"2025-05-07T10:38:02","modified_gmt":"2025-05-07T09:38:02","slug":"zaviraci-nuz-boker-magnum-01mb511","status":"publish","type":"product","link":"https:\/\/www.moskito.cz\/pl\/produkt\/zaviraci-nuz-boker-magnum-01mb511\/","title":{"rendered":"Zav\u00edrac\u00ed N\u016f\u017e B\u00f6ker Magnum 01MB511"},"content":{"rendered":"<p>Zav\u00edrac\u00ed N\u016f\u017e <strong>B\u00f6ker<\/strong> Magnum 01MB511<\/p>\n<p>Kdo zn\u00e1 nep\u00e1lsk\u00fd model, bude ohromen, jak dob\u0159e Pocket Khukri ukazuje nejen vzhled, ale i origin\u00e1ln\u00ed rozm\u011bry. Kdy\u017e se \u010depel z nerezov\u00e9 oceli 440 vyklop\u00ed a odhal\u00ed svou p\u016fsobivou d\u00e9lku t\u00e9m\u011b\u0159 12 cm, vyjasn\u00ed se potenci\u00e1l zav\u00edrac\u00edho no\u017ee. Je ide\u00e1ln\u00ed pro intenzivn\u00ed pr\u00e1ci, pro carving nebo pro v\u0161echny outdoorov\u00e9 aktivity. Z\u00e1mek vlo\u017eky zaji\u0161\u0165uje \u010depel v otev\u0159en\u00e9 poloze. Rukoje\u0165 G10 je oblo\u017eena ocelov\u00fdmi pl\u00e1ty a zaji\u0161\u0165uje odpov\u00eddaj\u00edc\u00ed stabilitu.<\/p>\n<p>Typ polo\u017eky: kapesn\u00ed n\u016f\u017e<br \/>\nCelkov\u00e1 d\u00e9lka: 26,30 cm<br \/>\nD\u00e9lka \u010depele: 11,80 cm<br \/>\nS\u00edla \u010depele: 3,60 mm<br \/>\nHmotnost: 223,00 g<br \/>\nMateri\u00e1l \u010depele: 440A<br \/>\nMateri\u00e1l rukojeti: G10<br \/>\nPomoc p\u0159i otev\u00edr\u00e1n\u00ed: pinball<br \/>\nOtev\u00edrac\u00ed: Ru\u010dn\u011b<br \/>\nSpona: liner lock<\/p>\n<p>&nbsp;<\/p>\n","protected":false},"excerpt":{"rendered":"<p>No\u017e\u00ed\u0159sk\u00e1 manufaktura\u00a0<strong>B\u00f6ker<\/strong>\u00a0se postupem \u010dasu vypracovala na glob\u00e1ln\u00edho inova\u010dn\u00edho l\u00eddra a nejv\u011bt\u0161\u00edho v\u00fdrobce sportovn\u00edch no\u017e\u016f, taktick\u00fdch no\u017e\u016f a sb\u011bratelsk\u00fdch no\u017e\u016f v Evrop\u011b.<\/p>\n","protected":false},"featured_media":214126,"comment_status":"open","ping_status":"closed","template":"","meta":[],"pwb-brand":[140],"product_brand":[],"product_cat":[22,17],"product_tag":[3667],"class_list":{"0":"post-214125","1":"product","2":"type-product","3":"status-publish","4":"has-post-thumbnail","6":"pwb-brand-boker","7":"product_cat-zaviraci-noze","8":"product_cat-noze","9":"product_tag-b2b","11":"first","12":"instock","13":"taxable","14":"shipping-taxable","15":"purchasable","16":"product-type-simple"},"brands":[{"id":140,"name":"Boker","slug":"boker"}],"_links":{"self":[{"href":"https:\/\/www.moskito.cz\/pl\/wp-json\/wp\/v2\/product\/214125","targetHints":{"allow":["GET"]}}],"collection":[{"href":"https:\/\/www.moskito.cz\/pl\/wp-json\/wp\/v2\/product"}],"about":[{"href":"https:\/\/www.moskito.cz\/pl\/wp-json\/wp\/v2\/types\/product"}],"replies":[{"embeddable":true,"href":"https:\/\/www.moskito.cz\/pl\/wp-json\/wp\/v2\/comments?post=214125"}],"wp:featuredmedia":[{"embeddable":true,"href":"https:\/\/www.moskito.cz\/pl\/wp-json\/wp\/v2\/media\/214126"}],"wp:attachment":[{"href":"https:\/\/www.moskito.cz\/pl\/wp-json\/wp\/v2\/media?parent=214125"}],"wp:term":[{"taxonomy":"pwb-brand","embeddable":true,"href":"https:\/\/www.moskito.cz\/pl\/wp-json\/wp\/v2\/pwb-brand?post=214125"},{"taxonomy":"product_brand","embeddable":true,"href":"https:\/\/www.moskito.cz\/pl\/wp-json\/wp\/v2\/product_brand?post=214125"},{"taxonomy":"product_cat","embeddable":true,"href":"https:\/\/www.moskito.cz\/pl\/wp-json\/wp\/v2\/product_cat?post=214125"},{"taxonomy":"product_tag","embeddable":true,"href":"https:\/\/www.moskito.cz\/pl\/wp-json\/wp\/v2\/product_tag?post=214125"}],"curies":[{"name":"wp","href":"https:\/\/api.w.org\/{rel}","templated":true}]}}