{"id":214151,"date":"2022-04-10T20:34:26","date_gmt":"2022-04-10T19:34:26","guid":{"rendered":"https:\/\/www.moskito.cz\/?post_type=product&#038;p=214151"},"modified":"2026-02-06T13:34:06","modified_gmt":"2026-02-06T12:34:06","slug":"zaviraci-nuz-boker-magnum-special-forces-assisted-01mb858","status":"publish","type":"product","link":"https:\/\/www.moskito.cz\/pl\/produkt\/zaviraci-nuz-boker-magnum-special-forces-assisted-01mb858\/","title":{"rendered":"Zav\u00edrac\u00ed N\u016f\u017e B\u00f6ker Magnum Special Forces Assisted 01MB858"},"content":{"rendered":"<p>Zav\u00edrac\u00ed N\u016f\u017e <strong>B\u00f6ker Magnum<\/strong> Special Forces Assisted 01MB858.<\/p>\n<p>Zav\u00edrac\u00ed n\u016f\u017e B\u00f6ker Magnum Special Forces Assisted 01MB858 je specializovan\u00fd z\u00e1chrann\u00fd n\u016f\u017e, kter\u00fd je navr\u017een s ohledem na pot\u0159eby elitn\u00edch jednotek americk\u00fdch ozbrojen\u00fdch sil. Tento n\u016f\u017e kombinuje funk\u010dnost, odolnost a snadnou pou\u017eitelnost v nouzov\u00fdch situac\u00edch. Zde jsou hlavn\u00ed specifikace:<\/p>\n<p>Typ polo\u017eky: Kapesn\u00ed n\u016f\u017e<br \/>\nCelkov\u00e1 d\u00e9lka: 20,00 cm<br \/>\nD\u00e9lka \u010depele: 8,00 cm<br \/>\nS\u00edla \u010depele: 2,90 mm<br \/>\nHmotnost: 138,00 g<br \/>\nMateri\u00e1l \u010depele: 440A (nerezov\u00e1 ocel, nab\u00edz\u00ed dobr\u00fd kompromis mezi pevnost\u00ed a odolnost\u00ed v\u016f\u010di korozi)<br \/>\nMateri\u00e1l rukojeti: Hlin\u00edk (lehk\u00fd, \u010dern\u011b pota\u017een\u00fd a odoln\u00fd)<br \/>\nOtev\u0159en\u00ed: Otev\u00edr\u00e1no pomoc\u00ed odpru\u017een\u00e9ho flipperu pro rychl\u00e9 a snadn\u00e9 otev\u0159en\u00ed<br \/>\nZaji\u0161t\u011bn\u00ed \u010depele: Linerlock (spolehliv\u00fd z\u00e1mek, kter\u00fd udr\u017euje \u010depel pevn\u011b na m\u00edst\u011b)<br \/>\nDopl\u0148ky: Na konci rukojeti se nach\u00e1z\u00ed rozb\u00edje\u010d skla a \u0159eza\u010dka p\u00e1su, co\u017e d\u011bl\u00e1 tento n\u016f\u017e ide\u00e1ln\u00ed pro nouzov\u00e9 situace.<br \/>\nPraktick\u00e9 p\u0159\u00edslu\u0161enstv\u00ed: Spona pro hlubok\u00e9 no\u0161en\u00ed (umo\u017e\u0148uje no\u0161en\u00ed no\u017ee skryt\u011b, s klipem sm\u011b\u0159uj\u00edc\u00edm dol\u016f)<\/p>\n<p>Tento n\u016f\u017e je navr\u017een tak, aby spl\u0148oval n\u00e1roky na bezpe\u010dnost a efektivitu v krizov\u00fdch situac\u00edch, co\u017e jej \u010din\u00ed ide\u00e1ln\u00edm n\u00e1strojem pro z\u00e1chran\u00e1\u0159e, bezpe\u010dnostn\u00ed slo\u017eky i pro ka\u017edodenn\u00ed no\u0161en\u00ed s mo\u017enost\u00ed rychl\u00e9ho pou\u017eit\u00ed.<\/p>\n<p>&nbsp;<\/p>\n<p>&nbsp;<\/p>\n","protected":false},"excerpt":{"rendered":"<p><strong>Zav\u00edrac\u00ed n\u016f\u017e B\u00f6ker Magnum Special Forces Assisted 01MB858 je specializovan\u00fd z\u00e1chrann\u00fd n\u016f\u017e, kter\u00fd je navr\u017een s ohledem na pot\u0159eby elitn\u00edch jednotek americk\u00fdch ozbrojen\u00fdch sil. Tento n\u016f\u017e kombinuje funk\u010dnost, odolnost a snadnou pou\u017eitelnost v nouzov\u00fdch situac\u00edch.<\/strong><\/p>\n","protected":false},"featured_media":214152,"comment_status":"open","ping_status":"closed","template":"","meta":[],"pwb-brand":[140],"product_brand":[],"product_cat":[22,17],"product_tag":[3667],"class_list":{"0":"post-214151","1":"product","2":"type-product","3":"status-publish","4":"has-post-thumbnail","6":"pwb-brand-boker","7":"product_cat-zaviraci-noze","8":"product_cat-noze","9":"product_tag-b2b","11":"first","12":"instock","13":"taxable","14":"shipping-taxable","15":"purchasable","16":"product-type-simple"},"brands":[{"id":140,"name":"Boker","slug":"boker"}],"_links":{"self":[{"href":"https:\/\/www.moskito.cz\/pl\/wp-json\/wp\/v2\/product\/214151","targetHints":{"allow":["GET"]}}],"collection":[{"href":"https:\/\/www.moskito.cz\/pl\/wp-json\/wp\/v2\/product"}],"about":[{"href":"https:\/\/www.moskito.cz\/pl\/wp-json\/wp\/v2\/types\/product"}],"replies":[{"embeddable":true,"href":"https:\/\/www.moskito.cz\/pl\/wp-json\/wp\/v2\/comments?post=214151"}],"wp:featuredmedia":[{"embeddable":true,"href":"https:\/\/www.moskito.cz\/pl\/wp-json\/wp\/v2\/media\/214152"}],"wp:attachment":[{"href":"https:\/\/www.moskito.cz\/pl\/wp-json\/wp\/v2\/media?parent=214151"}],"wp:term":[{"taxonomy":"pwb-brand","embeddable":true,"href":"https:\/\/www.moskito.cz\/pl\/wp-json\/wp\/v2\/pwb-brand?post=214151"},{"taxonomy":"product_brand","embeddable":true,"href":"https:\/\/www.moskito.cz\/pl\/wp-json\/wp\/v2\/product_brand?post=214151"},{"taxonomy":"product_cat","embeddable":true,"href":"https:\/\/www.moskito.cz\/pl\/wp-json\/wp\/v2\/product_cat?post=214151"},{"taxonomy":"product_tag","embeddable":true,"href":"https:\/\/www.moskito.cz\/pl\/wp-json\/wp\/v2\/product_tag?post=214151"}],"curies":[{"name":"wp","href":"https:\/\/api.w.org\/{rel}","templated":true}]}}