{"id":214261,"date":"2022-04-12T20:49:40","date_gmt":"2022-04-12T19:49:40","guid":{"rendered":"https:\/\/www.moskito.cz\/?post_type=product&#038;p=214261"},"modified":"2025-06-06T14:14:49","modified_gmt":"2025-06-06T13:14:49","slug":"pevny-nuz-boker-magnum-m-spec-survival-knife-02sc005","status":"publish","type":"product","link":"https:\/\/www.moskito.cz\/pl\/produkt\/pevny-nuz-boker-magnum-m-spec-survival-knife-02sc005\/","title":{"rendered":"Pevn\u00fd N\u016f\u017e  B\u00f6ker Magnum M-Spec Survival Knife 02SC005"},"content":{"rendered":"<p>Pevn\u00fd N\u016f\u017e <strong>B\u00f6ker<\/strong> Magnum M-Spec Survival Knife 02SC005<\/p>\n<p>Plnohodnotn\u00e9 no\u017ee pro p\u0159e\u017eit\u00ed, jako je Magnum M-Spec Survival Knife, byly zalo\u017eeny p\u0159ed des\u00edtkami let Jimmym Lilem a staly se celosv\u011btov\u011b zn\u00e1m\u00fdmi nejpozd\u011bji d\u00edky filmu Rambo z roku 1982. Z d\u016fvodu stability v\u0161ak Magnum MSSK nen\u00ed vybaven kontroverzn\u00ed dutou rukojet\u00ed, ale m\u00e1 pevnou rukoje\u0165 z nezni\u010diteln\u00e9ho FRN. D\u00edky olivov\u011b zelen\u00e9mu pogumov\u00e1n\u00ed padne protiskluzov\u00e1 rukoje\u0165 v\u017edy bezpe\u010dn\u011b v ruce, i kdy\u017e je mokr\u00e1, a \u010dern\u00fd kryt zvy\u0161uje bezpe\u010dnost p\u0159i pr\u00e1ci. Otvor v z\u00e1\u0161tit\u011b ruky, p\u0159ipom\u00ednaj\u00edc\u00ed hlav\u0148ov\u00fd krou\u017eek bajonetu, umo\u017e\u0148uje upevn\u011bn\u00ed no\u017ee \u0161\u0148\u016frou, dr\u00e1tem, stahovac\u00ed p\u00e1skou nebo l\u00e1tkovou lepic\u00ed p\u00e1skou, tak\u017ee jej lze pou\u017e\u00edt nap\u0159\u00edklad i jako provizorn\u00ed o\u0161t\u011bp. V\u00fdkonn\u00e1 \u010depel Bowie vyroben\u00e1 z nerezov\u00e9 a n\u00e1razuvzdorn\u00e9 7Cr17MoV je pota\u017eena \u010dernou barvou a m\u00e1 tak\u00e9 typickou zadn\u00ed pilu. Ten dokonale padnouc\u00ed \u010dern\u00fdPlastov\u00e1 pochva d\u00edky \u010detn\u00fdm otvor\u016fm nab\u00edz\u00ed \u0161irokou \u0161k\u00e1lu mo\u017enost\u00ed uchycen\u00ed oble\u010den\u00ed a vybaven\u00ed a je tak\u00e9 vybavena vestav\u011bn\u00fdm kompasem a praktick\u00fdm zapalova\u010dem. Vlastn\u00ed poutko na opasek je navr\u017eeno jako integrovan\u00e1 spona .<\/p>\n<p>Typ polo\u017eky: Pevn\u00fd n\u016f\u017e<br \/>\nCelkov\u00e1 d\u00e9lka: 31,50 cm<br \/>\nD\u00e9lka \u010depele: 20,00 cm<br \/>\nS\u00edla \u010depele: 2,70 mm<br \/>\nHmotnost: 208,00 g<br \/>\nMateri\u00e1l \u010depele: 7Cr17MoV<br \/>\nMateri\u00e1l rukojeti: FRN<br \/>\nBarva: Olivov\u00fd<br \/>\nBarva \u010depele: \u010cern\u00e1<br \/>\nMateri\u00e1l pl\u00e1\u0161t\u011b: Ostatn\u00ed plast<br \/>\n\u010c\u00edslo polo\u017eky: 02SC005<\/p>\n<p>Fully-grown survival knives such as the Magnum M-Spec Survival Knife were established decades ago by Jimmy Lile and became known worldwide at the latest through the film Rambo in 1982. For stability reasons, however, the Magnum MSSK is not equipped with a controversial hollow handle, but has a solid handle made of indestructible FRN. Thanks to the olive-green rubber coating, the non-slip handle always lies securely in the hand, even in wet conditions, and the black parry element further increases work safety. The opening in the hand guard, which is reminiscent of the barrel ring of a bayonet, allows the knife to be fixed with string, wire, cable ties or fabric adhesive tape, so that it can also be used as a makeshift spear, for example. The powerful Bowie blade made of stainless and shock-elastic 7Cr17MoV is coated in black and additionally equipped with the typical back saw. The perfectly fitting black plastic sheath offers a wide range of fastening possibilities on clothing and equipment thanks to numerous openings and is additionally equipped with a built-in compass as well as a practical fire starter. The actual belt loop is designed as an integrated clip.<\/p>\n<p>Type:<br \/>\nFixed Blade<br \/>\nOverall Length:<br \/>\n31,50 cm<br \/>\nBlade Length:<br \/>\n20,00 cm<br \/>\nBlade Thickness:<br \/>\n2,70 mm<br \/>\nWeight:<br \/>\n208,00 g<br \/>\nBlade Material:<br \/>\n7Cr17MoV<br \/>\nHandle Material:<br \/>\nFRN<br \/>\nMade in:<br \/>\nAsia<br \/>\nColor:<br \/>\nOlive<br \/>\nBlade Color:<br \/>\nBlack<br \/>\nSheath Material:<br \/>\nOther Synthetics<br \/>\nItem Number:<br \/>\n02SC005<\/p>\n<p>&nbsp;<\/p>\n","protected":false},"excerpt":{"rendered":"<p>No\u017e\u00ed\u0159sk\u00e1 manufaktura\u00a0<strong>B\u00f6ker<\/strong>\u00a0se postupem \u010dasu vypracovala na glob\u00e1ln\u00edho inova\u010dn\u00edho l\u00eddra a nejv\u011bt\u0161\u00edho v\u00fdrobce sportovn\u00edch no\u017e\u016f, taktick\u00fdch no\u017e\u016f a sb\u011bratelsk\u00fdch no\u017e\u016f v Evrop\u011b.<\/p>\n","protected":false},"featured_media":214262,"comment_status":"open","ping_status":"closed","template":"","meta":[],"pwb-brand":[140],"product_brand":[],"product_cat":[23,17],"product_tag":[3667],"class_list":{"0":"post-214261","1":"product","2":"type-product","3":"status-publish","4":"has-post-thumbnail","6":"pwb-brand-boker","7":"product_cat-pevne-noze","8":"product_cat-noze","9":"product_tag-b2b","11":"first","12":"outofstock","13":"taxable","14":"shipping-taxable","15":"purchasable","16":"product-type-simple"},"brands":[{"id":140,"name":"Boker","slug":"boker"}],"_links":{"self":[{"href":"https:\/\/www.moskito.cz\/pl\/wp-json\/wp\/v2\/product\/214261","targetHints":{"allow":["GET"]}}],"collection":[{"href":"https:\/\/www.moskito.cz\/pl\/wp-json\/wp\/v2\/product"}],"about":[{"href":"https:\/\/www.moskito.cz\/pl\/wp-json\/wp\/v2\/types\/product"}],"replies":[{"embeddable":true,"href":"https:\/\/www.moskito.cz\/pl\/wp-json\/wp\/v2\/comments?post=214261"}],"wp:featuredmedia":[{"embeddable":true,"href":"https:\/\/www.moskito.cz\/pl\/wp-json\/wp\/v2\/media\/214262"}],"wp:attachment":[{"href":"https:\/\/www.moskito.cz\/pl\/wp-json\/wp\/v2\/media?parent=214261"}],"wp:term":[{"taxonomy":"pwb-brand","embeddable":true,"href":"https:\/\/www.moskito.cz\/pl\/wp-json\/wp\/v2\/pwb-brand?post=214261"},{"taxonomy":"product_brand","embeddable":true,"href":"https:\/\/www.moskito.cz\/pl\/wp-json\/wp\/v2\/product_brand?post=214261"},{"taxonomy":"product_cat","embeddable":true,"href":"https:\/\/www.moskito.cz\/pl\/wp-json\/wp\/v2\/product_cat?post=214261"},{"taxonomy":"product_tag","embeddable":true,"href":"https:\/\/www.moskito.cz\/pl\/wp-json\/wp\/v2\/product_tag?post=214261"}],"curies":[{"name":"wp","href":"https:\/\/api.w.org\/{rel}","templated":true}]}}