{"id":214315,"date":"2022-04-13T20:12:05","date_gmt":"2022-04-13T19:12:05","guid":{"rendered":"https:\/\/www.moskito.cz\/?post_type=product&#038;p=214315"},"modified":"2025-06-16T09:24:25","modified_gmt":"2025-06-16T08:24:25","slug":"sada-pevnych-nozu-boker-magnum-dubleta-02gl011","status":"publish","type":"product","link":"https:\/\/www.moskito.cz\/pl\/produkt\/sada-pevnych-nozu-boker-magnum-dubleta-02gl011\/","title":{"rendered":"Sada Pevn\u00fdch No\u017e\u016f B\u00f6ker Magnum Dubleta 02GL011"},"content":{"rendered":"<p>Sada Pevn\u00fdch No\u017e\u016f <strong>B\u00f6ker<\/strong> Magnum Dubleta 02GL011<\/p>\n<p>Sada no\u017e\u016f <strong>Magnum<\/strong> Doublette se snadno nos\u00ed vodorovn\u011b na opasku. \u010cepele d\u00fdky 420 o d\u00e9lce 10 cm jsou na obou stran\u00e1ch \u010d\u00e1ste\u010dn\u011b zoubkovan\u00e9 a jsou bezpe\u010dn\u011b dr\u017eeny v nylonov\u00e9m pouzd\u0159e. Rukojeti z plastov\u00e9ho elastomeru zaji\u0161\u0165uj\u00ed nejlep\u0161\u00ed manipulaci i za nep\u0159\u00edzniv\u00fdch pov\u011btrnostn\u00edch podm\u00ednek.<\/p>\n<p>Typ polo\u017eky: Pevn\u00fd n\u016f\u017e<br \/>\nCelkov\u00e1 d\u00e9lka: 18,00 cm<br \/>\nD\u00e9lka \u010depele: 10,00 cm<br \/>\nS\u00edla \u010depele: 3,77 mm<br \/>\nHmotnost: 148,00 g<br \/>\nMateri\u00e1l \u010depele: 420<br \/>\nMateri\u00e1l rukojeti: Plastov\u00fd elastomer<br \/>\nMateri\u00e1l pl\u00e1\u0161t\u011b: nylon<br \/>\n\u010c\u00edslo polo\u017eky:\u00a0 02GL011<\/p>\n<p>&nbsp;<\/p>\n<p>&nbsp;<\/p>\n","protected":false},"excerpt":{"rendered":"<p><strong>Sada no\u017e\u016f Magnum Doublette se snadno nos\u00ed vodorovn\u011b na opasku. \u010cepele d\u00fdky 420 o d\u00e9lce 10 cm jsou na obou stran\u00e1ch \u010d\u00e1ste\u010dn\u011b zoubkovan\u00e9 a jsou bezpe\u010dn\u011b dr\u017eeny v nylonov\u00e9m pouzd\u0159e.<\/strong><\/p>\n","protected":false},"featured_media":214316,"comment_status":"open","ping_status":"closed","template":"","meta":[],"pwb-brand":[140],"product_brand":[],"product_cat":[23,17],"product_tag":[3667],"class_list":{"0":"post-214315","1":"product","2":"type-product","3":"status-publish","4":"has-post-thumbnail","6":"pwb-brand-boker","7":"product_cat-pevne-noze","8":"product_cat-noze","9":"product_tag-b2b","11":"first","12":"instock","13":"taxable","14":"shipping-taxable","15":"purchasable","16":"product-type-simple"},"brands":[{"id":140,"name":"Boker","slug":"boker"}],"_links":{"self":[{"href":"https:\/\/www.moskito.cz\/pl\/wp-json\/wp\/v2\/product\/214315","targetHints":{"allow":["GET"]}}],"collection":[{"href":"https:\/\/www.moskito.cz\/pl\/wp-json\/wp\/v2\/product"}],"about":[{"href":"https:\/\/www.moskito.cz\/pl\/wp-json\/wp\/v2\/types\/product"}],"replies":[{"embeddable":true,"href":"https:\/\/www.moskito.cz\/pl\/wp-json\/wp\/v2\/comments?post=214315"}],"wp:featuredmedia":[{"embeddable":true,"href":"https:\/\/www.moskito.cz\/pl\/wp-json\/wp\/v2\/media\/214316"}],"wp:attachment":[{"href":"https:\/\/www.moskito.cz\/pl\/wp-json\/wp\/v2\/media?parent=214315"}],"wp:term":[{"taxonomy":"pwb-brand","embeddable":true,"href":"https:\/\/www.moskito.cz\/pl\/wp-json\/wp\/v2\/pwb-brand?post=214315"},{"taxonomy":"product_brand","embeddable":true,"href":"https:\/\/www.moskito.cz\/pl\/wp-json\/wp\/v2\/product_brand?post=214315"},{"taxonomy":"product_cat","embeddable":true,"href":"https:\/\/www.moskito.cz\/pl\/wp-json\/wp\/v2\/product_cat?post=214315"},{"taxonomy":"product_tag","embeddable":true,"href":"https:\/\/www.moskito.cz\/pl\/wp-json\/wp\/v2\/product_tag?post=214315"}],"curies":[{"name":"wp","href":"https:\/\/api.w.org\/{rel}","templated":true}]}}