{"id":214345,"date":"2022-04-13T21:17:01","date_gmt":"2022-04-13T20:17:01","guid":{"rendered":"https:\/\/www.moskito.cz\/?post_type=product&#038;p=214345"},"modified":"2025-07-09T18:19:49","modified_gmt":"2025-07-09T17:19:49","slug":"zaviraci-nuz-boker-magnum-fleet-street-razor-01lg242","status":"publish","type":"product","link":"https:\/\/www.moskito.cz\/pl\/produkt\/zaviraci-nuz-boker-magnum-fleet-street-razor-01lg242\/","title":{"rendered":"Zav\u00edrac\u00ed N\u016f\u017e B\u00f6ker Magnum Fleet Street Razor 01LG242"},"content":{"rendered":"<p>Zav\u00edrac\u00ed N\u016f\u017e <strong>B\u00f6ker<\/strong> Magnum Fleet Street Razor 01LG242<\/p>\n<p>V\u00fdjime\u010dn\u00fd a velmi unik\u00e1tn\u00ed zav\u00edrac\u00ed n\u016f\u017e. Tvarem a designem p\u0159ipom\u00edn\u00e1 klasick\u00fd holic\u00ed strojek , je v\u0161ak navr\u017een tak, aby byl velmi robustn\u00ed. \u010cepel a rukoje\u0165 jsou vyrobeny z nerezov\u00e9 oceli 440 a maj\u00ed atraktivn\u00ed dekor.<\/p>\n<p>Typ polo\u017eky: kapesn\u00ed n\u016f\u017e<br \/>\nCelkov\u00e1 d\u00e9lka: 26,50 cm<br \/>\nD\u00e9lka \u010depele: 12,30 cm<br \/>\nS\u00edla \u010depele: 4,50 mm<br \/>\nHmotnost: 172,00 g<br \/>\nMateri\u00e1l \u010depele: 440A<\/p>\n<p>Extraordinary and robust folder. Shape and finish remind of a classic shaving knife yet this model is more stable. Blade and handle are made of 440 stainless steel and have attractive decorations. The knife does not have a securing mechanism.<\/p>\n<p>Type:<br \/>\nPocket Knife<br \/>\nOverall Length:<br \/>\n26,50 cm<br \/>\nBlade Length:<br \/>\n12,30 cm<br \/>\nBlade Thickness:<br \/>\n4,50 mm<br \/>\nWeight:<br \/>\n172,00 g<br \/>\nBlade Material:<br \/>\n440A<br \/>\nHandle Material:<br \/>\nSteel<br \/>\nOpener:<br \/>\nNo<br \/>\nOpening:<br \/>\nManual<br \/>\nLock Type:<br \/>\nFriction Folder<br \/>\nMade in:<br \/>\nAsia<br \/>\nColor:<br \/>\nSilver<br \/>\nBlade Color:<br \/>\nUncoated<br \/>\nItem Number:<br \/>\n01LG242<\/p>\n<p>&nbsp;<\/p>\n","protected":false},"excerpt":{"rendered":"<p>No\u017e\u00ed\u0159sk\u00e1 manufaktura\u00a0<strong>B\u00f6ker<\/strong>\u00a0se postupem \u010dasu vypracovala na glob\u00e1ln\u00edho inova\u010dn\u00edho l\u00eddra a nejv\u011bt\u0161\u00edho v\u00fdrobce sportovn\u00edch no\u017e\u016f, taktick\u00fdch no\u017e\u016f a sb\u011bratelsk\u00fdch no\u017e\u016f v Evrop\u011b.<\/p>\n","protected":false},"featured_media":214346,"comment_status":"open","ping_status":"closed","template":"","meta":[],"pwb-brand":[140],"product_brand":[],"product_cat":[22,17],"product_tag":[],"class_list":{"0":"post-214345","1":"product","2":"type-product","3":"status-publish","4":"has-post-thumbnail","6":"pwb-brand-boker","7":"product_cat-zaviraci-noze","8":"product_cat-noze","10":"first","11":"outofstock","12":"taxable","13":"shipping-taxable","14":"purchasable","15":"product-type-simple"},"brands":[{"id":140,"name":"Boker","slug":"boker"}],"_links":{"self":[{"href":"https:\/\/www.moskito.cz\/pl\/wp-json\/wp\/v2\/product\/214345","targetHints":{"allow":["GET"]}}],"collection":[{"href":"https:\/\/www.moskito.cz\/pl\/wp-json\/wp\/v2\/product"}],"about":[{"href":"https:\/\/www.moskito.cz\/pl\/wp-json\/wp\/v2\/types\/product"}],"replies":[{"embeddable":true,"href":"https:\/\/www.moskito.cz\/pl\/wp-json\/wp\/v2\/comments?post=214345"}],"wp:featuredmedia":[{"embeddable":true,"href":"https:\/\/www.moskito.cz\/pl\/wp-json\/wp\/v2\/media\/214346"}],"wp:attachment":[{"href":"https:\/\/www.moskito.cz\/pl\/wp-json\/wp\/v2\/media?parent=214345"}],"wp:term":[{"taxonomy":"pwb-brand","embeddable":true,"href":"https:\/\/www.moskito.cz\/pl\/wp-json\/wp\/v2\/pwb-brand?post=214345"},{"taxonomy":"product_brand","embeddable":true,"href":"https:\/\/www.moskito.cz\/pl\/wp-json\/wp\/v2\/product_brand?post=214345"},{"taxonomy":"product_cat","embeddable":true,"href":"https:\/\/www.moskito.cz\/pl\/wp-json\/wp\/v2\/product_cat?post=214345"},{"taxonomy":"product_tag","embeddable":true,"href":"https:\/\/www.moskito.cz\/pl\/wp-json\/wp\/v2\/product_tag?post=214345"}],"curies":[{"name":"wp","href":"https:\/\/api.w.org\/{rel}","templated":true}]}}