{"id":214486,"date":"2022-04-15T16:29:01","date_gmt":"2022-04-15T15:29:01","guid":{"rendered":"https:\/\/www.moskito.cz\/?post_type=product&#038;p=214486"},"modified":"2025-05-07T10:38:08","modified_gmt":"2025-05-07T09:38:08","slug":"hul-mason-cane-metal-head","status":"publish","type":"product","link":"https:\/\/www.moskito.cz\/pl\/produkt\/hul-mason-cane-metal-head\/","title":{"rendered":"H\u016fl Mason Cane Metal Head"},"content":{"rendered":"<p>H\u016fl Mason Cane Metal Head<\/p>\n<p>H\u016fl s me\u010dem. Celkov\u00e1 d\u00e9lka je 91 cm,h\u016fl m\u00e1\u00a0 sat\u00e9novou povrchovou nebrou\u0161enou nerezovou \u010depel. Hlava je vyrobena z lit\u00e9ho kovu o pr\u016fm\u011bru 5 cm . \u010cern\u00e1 hlin\u00edkov\u00e1 n\u00e1sada m\u00e1 gumovou patku.<\/p>\n<p>Sword Cane. 36&#8243; overall. 12.25&#8243; satin finish unsharpened stainless blade. Cast metal head with 2&#8243; diameter and Masonic artwork. Black aluminum shaft with rubber foot. Boxed.<br \/>\nWeight:<br \/>\n2.55lbs<\/p>\n","protected":false},"excerpt":{"rendered":"<p>H\u016fl Mason Cane Metal Heads kordem.<\/p>\n","protected":false},"featured_media":214487,"comment_status":"open","ping_status":"closed","template":"","meta":[],"pwb-brand":[170],"product_brand":[],"product_cat":[24,1942],"product_tag":[],"class_list":{"0":"post-214486","1":"product","2":"type-product","3":"status-publish","4":"has-post-thumbnail","6":"pwb-brand-china","7":"product_cat-katany-a-mece","8":"product_cat-mece-dyky-repliky","10":"first","11":"outofstock","12":"taxable","13":"shipping-taxable","14":"purchasable","15":"product-type-simple"},"brands":[{"id":170,"name":"China","slug":"china"}],"_links":{"self":[{"href":"https:\/\/www.moskito.cz\/pl\/wp-json\/wp\/v2\/product\/214486","targetHints":{"allow":["GET"]}}],"collection":[{"href":"https:\/\/www.moskito.cz\/pl\/wp-json\/wp\/v2\/product"}],"about":[{"href":"https:\/\/www.moskito.cz\/pl\/wp-json\/wp\/v2\/types\/product"}],"replies":[{"embeddable":true,"href":"https:\/\/www.moskito.cz\/pl\/wp-json\/wp\/v2\/comments?post=214486"}],"wp:featuredmedia":[{"embeddable":true,"href":"https:\/\/www.moskito.cz\/pl\/wp-json\/wp\/v2\/media\/214487"}],"wp:attachment":[{"href":"https:\/\/www.moskito.cz\/pl\/wp-json\/wp\/v2\/media?parent=214486"}],"wp:term":[{"taxonomy":"pwb-brand","embeddable":true,"href":"https:\/\/www.moskito.cz\/pl\/wp-json\/wp\/v2\/pwb-brand?post=214486"},{"taxonomy":"product_brand","embeddable":true,"href":"https:\/\/www.moskito.cz\/pl\/wp-json\/wp\/v2\/product_brand?post=214486"},{"taxonomy":"product_cat","embeddable":true,"href":"https:\/\/www.moskito.cz\/pl\/wp-json\/wp\/v2\/product_cat?post=214486"},{"taxonomy":"product_tag","embeddable":true,"href":"https:\/\/www.moskito.cz\/pl\/wp-json\/wp\/v2\/product_tag?post=214486"}],"curies":[{"name":"wp","href":"https:\/\/api.w.org\/{rel}","templated":true}]}}