{"id":214693,"date":"2022-04-16T20:40:15","date_gmt":"2022-04-16T19:40:15","guid":{"rendered":"https:\/\/www.moskito.cz\/?post_type=product&#038;p=214693"},"modified":"2025-06-28T11:30:37","modified_gmt":"2025-06-28T10:30:37","slug":"nodachi-warrior-series-cold-steel","status":"publish","type":"product","link":"https:\/\/www.moskito.cz\/pl\/produkt\/nodachi-warrior-series-cold-steel\/","title":{"rendered":"NODACHI (WARRIOR SERIES) Cold Steel"},"content":{"rendered":"<p>NODACHI (WARRIOR SERIES) Cold Steel.<\/p>\n<p>Od sv\u00e9ho prvn\u00edho p\u0159edstaven\u00ed se me\u010de Emperor Series od Cold Steel staly obl\u00edben\u00fdmi u mnoha na\u0161ich z\u00e1kazn\u00edk\u016f. P\u0159esto jsme si v\u011bdomi toho, \u017ee jsou n\u011bkte\u0159\u00ed lid\u00e9, kte\u0159\u00ed cht\u011bj\u00ed me\u010d p\u0159ipraven\u00fd k boji, ale doufaj\u00ed, \u017ee jej najdou za p\u0159ijateln\u011bj\u0161\u00ed cenu. Na\u0161e s\u00e9rie Warrior \u0159e\u0161\u00ed tento probl\u00e9m p\u0159\u00edmo. Me\u010de \u0159ady Warrior sd\u00edlej\u00ed stejnou vysoce v\u00fdkonnou ocel 1060, tepeln\u00e9 zpracov\u00e1n\u00ed a ostrost jako jejich prot\u011bj\u0161ky Emperor, ale vynechali jsme jejich drah\u00e9 zrcadlov\u00e9 le\u0161t\u011bn\u00ed ve prosp\u011bch prakti\u010dt\u011bj\u0161\u00edho proveden\u00ed. D\u00edky tomu je \u0159ada Warrior perfektn\u00ed volbou pro tr\u00e9nink a zdokonalov\u00e1n\u00ed \u0159ezn\u00fdch technik (Tameshigiri) bez po\u0161kozen\u00ed nebo za\u0161pin\u011bn\u00ed \u010depele.<\/p>\n<p>Nodachi (Warrior Series) od firmy Cold Steel je velk\u00fd dvouru\u010dn\u00ed japonsk\u00fd me\u010d. Jde o velice funk\u010dn\u00ed repliku japonsk\u00e9ho me\u010de.<\/p>\n<p>Ocel : 1060 Carbon<br \/>\nBarva : \u010cern\u00e1\/St\u0159\u00edbrn\u00e1<br \/>\nTlou\u0161\u0165ka \u010depele : 8 mm<br \/>\nD\u00e9lka rukojeti : 584 mm<br \/>\nHmotnost : 1973 g<br \/>\nCelkov\u00e1 velikost : 1448 mm<br \/>\nD\u00e9lka \u010depele : 864 mm<\/p>\n<p>Since their initial introduction, Cold Steel&#8217;s Emperor Series swords have proven to be popular with many of our customers. Still, we are aware that there are some people who want a battle ready sword but hope to find one at a more affordable price. Our Warrior Series addresses this problem directly. The Warrior Series swords share the same high-performance 1060 steel, heat treatment, and sharpness as their Emperor counterparts, but we have omitted their expensive mirror polishing in favor of a more practical finish. This makes the Warrior Series a perfect choice for training and perfecting cutting techniques (Tameshigiri) without damaging or tarnishing the blade.<\/p>\n<p>Weight: 69.6oz Blade Thickness: 5\/16&#8243; Blade Length: 34&#8243; Blade Steel: 1060 Carbon Handle Length\/Material: 23&#8243; Overall Length: 57&#8243; Additional Features: Black lacquered wood scabbard. Sam\u00e9 (Ray Skin) Handle with Black Braid Cord and Brass Menuki Product Family: Warrior Series Blade Length Range: 30+ in Steel Family: High Carbon Steels Sword Style: Japanese<\/p>\n","protected":false},"excerpt":{"rendered":"<p>Nodachi (Warrior Series) od firmy <strong>Cold Steel j<\/strong>e velk\u00fd dvouru\u010dn\u00ed japonsk\u00fd me\u010d. Jde o velice funk\u010dn\u00ed repliku japonsk\u00e9ho me\u010de.<\/p>\n<p><strong>Doprava zdarma.<\/strong><\/p>\n","protected":false},"featured_media":214694,"comment_status":"open","ping_status":"closed","template":"","meta":[],"pwb-brand":[211],"product_brand":[],"product_cat":[24,1942],"product_tag":[3667],"class_list":{"0":"post-214693","1":"product","2":"type-product","3":"status-publish","4":"has-post-thumbnail","6":"pwb-brand-cold-steel","7":"product_cat-katany-a-mece","8":"product_cat-mece-dyky-repliky","9":"product_tag-b2b","11":"first","12":"instock","13":"sale","14":"taxable","15":"shipping-taxable","16":"purchasable","17":"product-type-simple"},"brands":[{"id":211,"name":"Cold Steel","slug":"cold-steel"}],"_links":{"self":[{"href":"https:\/\/www.moskito.cz\/pl\/wp-json\/wp\/v2\/product\/214693","targetHints":{"allow":["GET"]}}],"collection":[{"href":"https:\/\/www.moskito.cz\/pl\/wp-json\/wp\/v2\/product"}],"about":[{"href":"https:\/\/www.moskito.cz\/pl\/wp-json\/wp\/v2\/types\/product"}],"replies":[{"embeddable":true,"href":"https:\/\/www.moskito.cz\/pl\/wp-json\/wp\/v2\/comments?post=214693"}],"wp:featuredmedia":[{"embeddable":true,"href":"https:\/\/www.moskito.cz\/pl\/wp-json\/wp\/v2\/media\/214694"}],"wp:attachment":[{"href":"https:\/\/www.moskito.cz\/pl\/wp-json\/wp\/v2\/media?parent=214693"}],"wp:term":[{"taxonomy":"pwb-brand","embeddable":true,"href":"https:\/\/www.moskito.cz\/pl\/wp-json\/wp\/v2\/pwb-brand?post=214693"},{"taxonomy":"product_brand","embeddable":true,"href":"https:\/\/www.moskito.cz\/pl\/wp-json\/wp\/v2\/product_brand?post=214693"},{"taxonomy":"product_cat","embeddable":true,"href":"https:\/\/www.moskito.cz\/pl\/wp-json\/wp\/v2\/product_cat?post=214693"},{"taxonomy":"product_tag","embeddable":true,"href":"https:\/\/www.moskito.cz\/pl\/wp-json\/wp\/v2\/product_tag?post=214693"}],"curies":[{"name":"wp","href":"https:\/\/api.w.org\/{rel}","templated":true}]}}