{"id":214733,"date":"2022-04-17T09:42:57","date_gmt":"2022-04-17T08:42:57","guid":{"rendered":"https:\/\/www.moskito.cz\/?post_type=product&#038;p=214733"},"modified":"2025-06-17T20:42:59","modified_gmt":"2025-06-17T19:42:59","slug":"zaviraci-nuz-karambit-boker-advance-desert-pro","status":"publish","type":"product","link":"https:\/\/www.moskito.cz\/pl\/produkt\/zaviraci-nuz-karambit-boker-advance-desert-pro\/","title":{"rendered":"Zav\u00edrac\u00ed N\u016f\u017e B\u00f6ker Advance Desert Pro"},"content":{"rendered":"<p>Zav\u00edrac\u00ed N\u016f\u017e <strong>B\u00f6ker<\/strong> Advance Desert Pro.<\/p>\n<p>Magnum Advance Desert Pro pat\u0159\u00ed do profesion\u00e1ln\u00edho, taktick\u00e9ho, vojensk\u00e9ho nebo civiln\u00edho prost\u0159ed\u00ed. Plastov\u00e1 rukoje\u0165 vyztu\u017een\u00e1 vl\u00e1kny m\u00e1 protiskluzov\u00e9 pry\u017eov\u00e9 vlo\u017eky pro bezpe\u010dn\u011bj\u0161\u00ed uchopen\u00ed. \u010cepel o\u0161t\u011bpu vyroben\u00e1 z nerezov\u00e9 oceli 440C m\u00e1 \u010dern\u00fd povlak. Linerlock zaji\u0161\u0165uje n\u016f\u017e \u010dist\u011b a spolehliv\u011b. Verze pro jednu ruku je ide\u00e1ln\u00ed pro pou\u017eit\u00ed v nep\u0159\u00edzniv\u00fdch podm\u00ednk\u00e1ch, jako je chladn\u00e9 po\u010das\u00ed, bl\u00e1to nebo d\u00e9\u0161\u0165 &#8211; nebo kdy\u017e se po\u010d\u00edt\u00e1 ka\u017ed\u00e1 vte\u0159ina. Lze jej otev\u0159\u00edt jednou rukou pomoc\u00ed knofl\u00edku nebo ploutve. \u0160irok\u00e1 \u010dern\u00e1 spona se \u0161pi\u010dkou dr\u017e\u00ed n\u016f\u017e na m\u00edst\u011b. K zaji\u0161t\u011bn\u00ed tohoto d\u016fle\u017eit\u00e9ho za\u0159\u00edzen\u00ed lze tak\u00e9 pou\u017e\u00edt otvor pro \u0161\u0148\u016frku. Dod\u00e1v\u00e1 se s pevn\u00fdm nylonov\u00fdm pouzdrem na opasek.<\/p>\n<p>Popis produktu:<\/p>\n<p>Celkov\u00e1 d\u00e9lka: 21,3 cm<br \/>\nD\u00e9lka \u010depele: 9,5 cm<br \/>\nTlou\u0161\u0165ka \u010depele: 2,7 mm<br \/>\nHmotnost: 130 g<br \/>\nMateri\u00e1l \u010depele: 440C<br \/>\nMateri\u00e1l rukojeti: Plast<br \/>\nTyp pojistky: Linerlock<\/p>\n<p>&nbsp;<\/p>\n","protected":false},"excerpt":{"rendered":"<p><strong>No\u017e\u00ed\u0159sk\u00e1 manufaktura\u00a0B\u00f6ker\u00a0se postupem \u010dasu vypracovala na glob\u00e1ln\u00edho inova\u010dn\u00edho l\u00eddra a nejv\u011bt\u0161\u00edho v\u00fdrobce sportovn\u00edch no\u017e\u016f, taktick\u00fdch no\u017e\u016f a sb\u011bratelsk\u00fdch no\u017e\u016f v Evrop\u011b.<\/strong><\/p>\n","protected":false},"featured_media":214734,"comment_status":"open","ping_status":"closed","template":"","meta":[],"pwb-brand":[140],"product_brand":[],"product_cat":[22,17],"product_tag":[3667],"class_list":{"0":"post-214733","1":"product","2":"type-product","3":"status-publish","4":"has-post-thumbnail","6":"pwb-brand-boker","7":"product_cat-zaviraci-noze","8":"product_cat-noze","9":"product_tag-b2b","11":"first","12":"outofstock","13":"taxable","14":"shipping-taxable","15":"purchasable","16":"product-type-simple"},"brands":[{"id":140,"name":"Boker","slug":"boker"}],"_links":{"self":[{"href":"https:\/\/www.moskito.cz\/pl\/wp-json\/wp\/v2\/product\/214733","targetHints":{"allow":["GET"]}}],"collection":[{"href":"https:\/\/www.moskito.cz\/pl\/wp-json\/wp\/v2\/product"}],"about":[{"href":"https:\/\/www.moskito.cz\/pl\/wp-json\/wp\/v2\/types\/product"}],"replies":[{"embeddable":true,"href":"https:\/\/www.moskito.cz\/pl\/wp-json\/wp\/v2\/comments?post=214733"}],"wp:featuredmedia":[{"embeddable":true,"href":"https:\/\/www.moskito.cz\/pl\/wp-json\/wp\/v2\/media\/214734"}],"wp:attachment":[{"href":"https:\/\/www.moskito.cz\/pl\/wp-json\/wp\/v2\/media?parent=214733"}],"wp:term":[{"taxonomy":"pwb-brand","embeddable":true,"href":"https:\/\/www.moskito.cz\/pl\/wp-json\/wp\/v2\/pwb-brand?post=214733"},{"taxonomy":"product_brand","embeddable":true,"href":"https:\/\/www.moskito.cz\/pl\/wp-json\/wp\/v2\/product_brand?post=214733"},{"taxonomy":"product_cat","embeddable":true,"href":"https:\/\/www.moskito.cz\/pl\/wp-json\/wp\/v2\/product_cat?post=214733"},{"taxonomy":"product_tag","embeddable":true,"href":"https:\/\/www.moskito.cz\/pl\/wp-json\/wp\/v2\/product_tag?post=214733"}],"curies":[{"name":"wp","href":"https:\/\/api.w.org\/{rel}","templated":true}]}}