{"id":214741,"date":"2022-04-17T10:03:36","date_gmt":"2022-04-17T09:03:36","guid":{"rendered":"https:\/\/www.moskito.cz\/?post_type=product&#038;p=214741"},"modified":"2025-07-10T08:46:31","modified_gmt":"2025-07-10T07:46:31","slug":"pevny-nuz-karambit-boker-magnum-falun","status":"publish","type":"product","link":"https:\/\/www.moskito.cz\/pl\/produkt\/pevny-nuz-karambit-boker-magnum-falun\/","title":{"rendered":"Pevn\u00fd N\u016f\u017e B\u00f6ker Magnum Falun"},"content":{"rendered":"<p>Pevn\u00fd N\u016f\u017e B\u00f6ker Magnum Falun.<\/p>\n<p>N\u016f\u017e Magnum Falun je zaveden\u00fdm pracantem skandin\u00e1vsk\u00fdch les\u016f, pob\u0159e\u017e\u00ed a jezer. Sign\u00e1ln\u00ed plastov\u00e1 rukoje\u0165 s protiskluzov\u00fdm tvarovan\u00fdm gumov\u00fdm pl\u00e1\u0161t\u011bm d\u011bl\u00e1 z tohoto no\u017ee perfektn\u00ed n\u00e1stroj pro ryb\u00e1\u0159e. Nezni\u010diteln\u00fd, univerz\u00e1ln\u00ed, hygienick\u00fd, cenov\u011b dostupn\u00fd. S dob\u0159e padnouc\u00edm \u010dern\u00fdm syntetick\u00fdm pouzdrem s integrovan\u00fdm klipem.<br \/>\nPopis produktu<\/p>\n<p>Celkov\u00e1 d\u00e9lka: 21,5 cm<br \/>\nD\u00e9lka \u010depele: 10 cm<br \/>\nTlou\u0161\u0165ka \u010depele: 1,9 mm<br \/>\nHmotnost: 64 g<br \/>\nHateri\u00e1l \u010depele: 420<br \/>\nMateri\u00e1l rukojeti: Plast<br \/>\nDod\u00e1v\u00e1n v kvalitn\u00edm \u010dern\u00e9m pouzd\u0159e ze syntetick\u00e9ho materi\u00e1lu<\/p>\n<p>The Magnum Falun is the established workhorse of the Scandinavian forests, coasts and lakes. The signal-colored plastic handle with non-slip textured rubber sheathing makes the knife perfect for fishermen. Indestructible, versatile, hygienic, affordable. With a well-fitting black synthetic sheath with integrated clip.<\/p>\n<p>Type:<br \/>\nFixed Blade<br \/>\nOverall Length:<br \/>\n21,50 cm<br \/>\nBlade Length:<br \/>\n10,00 cm<br \/>\nBlade Thickness:<br \/>\n1,90 mm<br \/>\nWeight:<br \/>\n64,00 g<br \/>\nBlade Material:<br \/>\n420<br \/>\nHandle Material:<br \/>\nSynthetic<br \/>\nMade in:<br \/>\nAsia<br \/>\nColor:<br \/>\nOrange<br \/>\nBlade Color:<br \/>\nUncoated<br \/>\nItem Number:<br \/>\n02RY100<\/p>\n","protected":false},"excerpt":{"rendered":"<p>No\u017e\u00ed\u0159sk\u00e1 manufaktura B\u00f6ker se postupem \u010dasu vypracovala na glob\u00e1ln\u00edho inova\u010dn\u00edho l\u00eddra a nejv\u011bt\u0161\u00edho v\u00fdrobce sportovn\u00edch no\u017e\u016f, taktick\u00fdch no\u017e\u016f a sb\u011bratelsk\u00fdch no\u017e\u016f v Evrop\u011b.<\/p>\n","protected":false},"featured_media":214742,"comment_status":"open","ping_status":"closed","template":"","meta":[],"pwb-brand":[140],"product_brand":[],"product_cat":[23,17],"product_tag":[3667],"class_list":{"0":"post-214741","1":"product","2":"type-product","3":"status-publish","4":"has-post-thumbnail","6":"pwb-brand-boker","7":"product_cat-pevne-noze","8":"product_cat-noze","9":"product_tag-b2b","11":"first","12":"outofstock","13":"taxable","14":"shipping-taxable","15":"purchasable","16":"product-type-simple"},"brands":[{"id":140,"name":"Boker","slug":"boker"}],"_links":{"self":[{"href":"https:\/\/www.moskito.cz\/pl\/wp-json\/wp\/v2\/product\/214741","targetHints":{"allow":["GET"]}}],"collection":[{"href":"https:\/\/www.moskito.cz\/pl\/wp-json\/wp\/v2\/product"}],"about":[{"href":"https:\/\/www.moskito.cz\/pl\/wp-json\/wp\/v2\/types\/product"}],"replies":[{"embeddable":true,"href":"https:\/\/www.moskito.cz\/pl\/wp-json\/wp\/v2\/comments?post=214741"}],"wp:featuredmedia":[{"embeddable":true,"href":"https:\/\/www.moskito.cz\/pl\/wp-json\/wp\/v2\/media\/214742"}],"wp:attachment":[{"href":"https:\/\/www.moskito.cz\/pl\/wp-json\/wp\/v2\/media?parent=214741"}],"wp:term":[{"taxonomy":"pwb-brand","embeddable":true,"href":"https:\/\/www.moskito.cz\/pl\/wp-json\/wp\/v2\/pwb-brand?post=214741"},{"taxonomy":"product_brand","embeddable":true,"href":"https:\/\/www.moskito.cz\/pl\/wp-json\/wp\/v2\/product_brand?post=214741"},{"taxonomy":"product_cat","embeddable":true,"href":"https:\/\/www.moskito.cz\/pl\/wp-json\/wp\/v2\/product_cat?post=214741"},{"taxonomy":"product_tag","embeddable":true,"href":"https:\/\/www.moskito.cz\/pl\/wp-json\/wp\/v2\/product_tag?post=214741"}],"curies":[{"name":"wp","href":"https:\/\/api.w.org\/{rel}","templated":true}]}}