{"id":214765,"date":"2022-04-17T10:35:06","date_gmt":"2022-04-17T09:35:06","guid":{"rendered":"https:\/\/www.moskito.cz\/?post_type=product&#038;p=214765"},"modified":"2025-05-07T10:38:12","modified_gmt":"2025-05-07T09:38:12","slug":"pevny-nuz-boker-magnum-advance-pro-fixed-blade","status":"publish","type":"product","link":"https:\/\/www.moskito.cz\/pl\/produkt\/pevny-nuz-boker-magnum-advance-pro-fixed-blade\/","title":{"rendered":"Pevn\u00fd N\u016f\u017e B\u00f6ker Magnum Advance Pro Fixed Blade"},"content":{"rendered":"<p>Pevn\u00fd N\u016f\u017e B\u00f6ker Magnum Advance Pro Fixed Blade<\/p>\n<p>Magnum Advance Pro Fixed Blade nab\u00edz\u00ed stejn\u00e9 siln\u00e9 konstruk\u010dn\u00ed prvky a materi\u00e1ly jako All Black Pro Folder, i kdy\u017e v tomto p\u0159\u00edpad\u011b se jedn\u00e1 o robustn\u00ed pevn\u00fd n\u016f\u017e s pln\u00fdm tangem. \u0160ikovn\u00e1 velikost \u010depele z nerezov\u00e9 oceli 440C o d\u00e9lce 11,3 cm \u010din\u00ed z no\u017ee popul\u00e1rn\u00ed volbu. Nylonov\u00e9 pouzdro kompatibiln\u00ed se syst\u00e9mem MOLLE s p\u0159idanou kapsou a nohavicov\u00fdm p\u00e1skem neponech\u00e1v\u00e1 nic n\u00e1hod\u011b. Ochrana proti prop\u00edchnut\u00ed a zav\u00edr\u00e1n\u00ed na patentku jsou dal\u0161\u00ed bezpe\u010dnostn\u00ed prvky<\/p>\n<p>Popis produktu<br \/>\nCelkov\u00e1 d\u00e9lka: 24.2 cm<br \/>\nD\u00e9lka \u010depele: 11.3 cm<br \/>\nTlou\u0161\u0165ka \u010depele: 3.7 mm<br \/>\nHmotnost: 197 g<br \/>\nMateri\u00e1l \u010depele: 440C<br \/>\nMateri\u00e1l rukojeti: Plast<br \/>\nTyp pojistky: N\u016f\u017e s pevnou \u010depel\u00ed<\/p>\n<p>The Magnum Advance Pro Fixed Blade offers the same strong design features and materials as the All Black Pro Folder, though this one is a sturdy fixed-blade knife with a full tang. The handy size of the 11.3 cm blade of stainless steel 440C makes the knife a popular choice with the one-man-one-knife crowd. The MOLLE compatible nylon sheath with added gear pocket and leg strap ticks all boxes. Puncture protection and snap tab are additional safety features.<\/p>\n<p>Type:<br \/>\nFixed Blade<br \/>\nOverall Length:<br \/>\n24,20 cm<br \/>\nBlade Length:<br \/>\n11,30 cm<br \/>\nBlade Thickness:<br \/>\n3,70 mm<br \/>\nWeight:<br \/>\n197,00 g<br \/>\nBlade Material:<br \/>\n440C<br \/>\nHandle Material:<br \/>\nSynthetic<br \/>\nMade in:<br \/>\nAsia<br \/>\nColor:<br \/>\nBlack<br \/>\nBlade Color:<br \/>\nBlack<br \/>\nItem Number:<br \/>\n02RY300<\/p>\n","protected":false},"excerpt":{"rendered":"<p>No\u017e\u00ed\u0159sk\u00e1 manufaktura <strong>B\u00f6ker<\/strong> se postupem \u010dasu vypracovala na glob\u00e1ln\u00edho inova\u010dn\u00edho l\u00eddra a nejv\u011bt\u0161\u00edho v\u00fdrobce sportovn\u00edch no\u017e\u016f, taktick\u00fdch no\u017e\u016f a sb\u011bratelsk\u00fdch no\u017e\u016f v Evrop\u011b.<\/p>\n","protected":false},"featured_media":214766,"comment_status":"open","ping_status":"closed","template":"","meta":[],"pwb-brand":[140],"product_brand":[],"product_cat":[23,17],"product_tag":[3667],"class_list":{"0":"post-214765","1":"product","2":"type-product","3":"status-publish","4":"has-post-thumbnail","6":"pwb-brand-boker","7":"product_cat-pevne-noze","8":"product_cat-noze","9":"product_tag-b2b","11":"first","12":"instock","13":"taxable","14":"shipping-taxable","15":"purchasable","16":"product-type-simple"},"brands":[{"id":140,"name":"Boker","slug":"boker"}],"_links":{"self":[{"href":"https:\/\/www.moskito.cz\/pl\/wp-json\/wp\/v2\/product\/214765","targetHints":{"allow":["GET"]}}],"collection":[{"href":"https:\/\/www.moskito.cz\/pl\/wp-json\/wp\/v2\/product"}],"about":[{"href":"https:\/\/www.moskito.cz\/pl\/wp-json\/wp\/v2\/types\/product"}],"replies":[{"embeddable":true,"href":"https:\/\/www.moskito.cz\/pl\/wp-json\/wp\/v2\/comments?post=214765"}],"wp:featuredmedia":[{"embeddable":true,"href":"https:\/\/www.moskito.cz\/pl\/wp-json\/wp\/v2\/media\/214766"}],"wp:attachment":[{"href":"https:\/\/www.moskito.cz\/pl\/wp-json\/wp\/v2\/media?parent=214765"}],"wp:term":[{"taxonomy":"pwb-brand","embeddable":true,"href":"https:\/\/www.moskito.cz\/pl\/wp-json\/wp\/v2\/pwb-brand?post=214765"},{"taxonomy":"product_brand","embeddable":true,"href":"https:\/\/www.moskito.cz\/pl\/wp-json\/wp\/v2\/product_brand?post=214765"},{"taxonomy":"product_cat","embeddable":true,"href":"https:\/\/www.moskito.cz\/pl\/wp-json\/wp\/v2\/product_cat?post=214765"},{"taxonomy":"product_tag","embeddable":true,"href":"https:\/\/www.moskito.cz\/pl\/wp-json\/wp\/v2\/product_tag?post=214765"}],"curies":[{"name":"wp","href":"https:\/\/api.w.org\/{rel}","templated":true}]}}