{"id":214798,"date":"2022-04-17T11:16:53","date_gmt":"2022-04-17T10:16:53","guid":{"rendered":"https:\/\/www.moskito.cz\/?post_type=product&#038;p=214798"},"modified":"2025-12-31T13:45:44","modified_gmt":"2025-12-31T12:45:44","slug":"zaviraci-nuz-boker-magnum-mortem","status":"publish","type":"product","link":"https:\/\/www.moskito.cz\/pl\/produkt\/zaviraci-nuz-boker-magnum-mortem\/","title":{"rendered":"Zav\u00edrac\u00ed N\u016f\u017e B\u00f6ker Magnum Mortem"},"content":{"rendered":"<p>Zav\u00edrac\u00ed N\u016f\u017e <strong>B\u00f6ker<\/strong> Magnum Mortem.<\/p>\n<p>Neobvykl\u00e1 \u010depel no\u017ee Magnum Mortem je vyrobena z materi\u00e1lu 440 A a otev\u00edr\u00e1 se pomoc\u00ed flipperu nebo oboustrann\u00e9ho kol\u00ed\u010dku na palec. Zat\u00edmco na zadn\u00ed st\u0159ence je p\u0159ipevn\u011bn framelock, p\u0159edn\u00ed stranu rukojeti z nerezov\u00e9 oceli zdob\u00ed stylizovan\u00e1 lebka. V\u00fdrazn\u00e9 v\u00fd\u0159ezy na palcov\u00e9 hran\u011b no\u017ee pom\u00e1haj\u00ed dos\u00e1hnout kontrolovan\u00fdch \u0159ez\u016f. S klipem (hrotem dol\u016f) a otvorem na \u0161\u0148\u016frku.<\/p>\n<p>Popis produktu:<\/p>\n<p>Celkov\u00e1 d\u00e9lka: 20,6 cm<br \/>\nD\u00e9lka \u010depele: 8 cm<br \/>\nTlou\u0161\u0165ka \u010depele: 2,7 mm<br \/>\nHmotnost: 197 g<br \/>\nMateri\u00e1l \u010depele: 440A<br \/>\nMateri\u00e1l rukojeti: nerezov\u00e1 ocel<br \/>\nTyp pojistky: Framelock<\/p>\n<p>&nbsp;<\/p>\n<p>&nbsp;<\/p>\n<p>&nbsp;<\/p>\n","protected":false},"excerpt":{"rendered":"<p><strong>No\u017e\u00ed\u0159sk\u00e1 manufaktura B\u00f6ker se postupem \u010dasu vypracovala na glob\u00e1ln\u00edho inova\u010dn\u00edho l\u00eddra a nejv\u011bt\u0161\u00edho v\u00fdrobce sportovn\u00edch no\u017e\u016f, taktick\u00fdch no\u017e\u016f a sb\u011bratelsk\u00fdch no\u017e\u016f v Evrop\u011b.<\/strong><\/p>\n","protected":false},"featured_media":214799,"comment_status":"open","ping_status":"closed","template":"","meta":[],"pwb-brand":[140],"product_brand":[],"product_cat":[22,17],"product_tag":[3667],"class_list":{"0":"post-214798","1":"product","2":"type-product","3":"status-publish","4":"has-post-thumbnail","6":"pwb-brand-boker","7":"product_cat-zaviraci-noze","8":"product_cat-noze","9":"product_tag-b2b","11":"first","12":"outofstock","13":"taxable","14":"shipping-taxable","15":"purchasable","16":"product-type-simple"},"brands":[{"id":140,"name":"Boker","slug":"boker"}],"_links":{"self":[{"href":"https:\/\/www.moskito.cz\/pl\/wp-json\/wp\/v2\/product\/214798","targetHints":{"allow":["GET"]}}],"collection":[{"href":"https:\/\/www.moskito.cz\/pl\/wp-json\/wp\/v2\/product"}],"about":[{"href":"https:\/\/www.moskito.cz\/pl\/wp-json\/wp\/v2\/types\/product"}],"replies":[{"embeddable":true,"href":"https:\/\/www.moskito.cz\/pl\/wp-json\/wp\/v2\/comments?post=214798"}],"wp:featuredmedia":[{"embeddable":true,"href":"https:\/\/www.moskito.cz\/pl\/wp-json\/wp\/v2\/media\/214799"}],"wp:attachment":[{"href":"https:\/\/www.moskito.cz\/pl\/wp-json\/wp\/v2\/media?parent=214798"}],"wp:term":[{"taxonomy":"pwb-brand","embeddable":true,"href":"https:\/\/www.moskito.cz\/pl\/wp-json\/wp\/v2\/pwb-brand?post=214798"},{"taxonomy":"product_brand","embeddable":true,"href":"https:\/\/www.moskito.cz\/pl\/wp-json\/wp\/v2\/product_brand?post=214798"},{"taxonomy":"product_cat","embeddable":true,"href":"https:\/\/www.moskito.cz\/pl\/wp-json\/wp\/v2\/product_cat?post=214798"},{"taxonomy":"product_tag","embeddable":true,"href":"https:\/\/www.moskito.cz\/pl\/wp-json\/wp\/v2\/product_tag?post=214798"}],"curies":[{"name":"wp","href":"https:\/\/api.w.org\/{rel}","templated":true}]}}