{"id":214821,"date":"2022-04-17T11:43:02","date_gmt":"2022-04-17T10:43:02","guid":{"rendered":"https:\/\/www.moskito.cz\/?post_type=product&#038;p=214821"},"modified":"2026-01-22T23:20:46","modified_gmt":"2026-01-22T22:20:46","slug":"zaviraci-nuz-boker-magnum-slim-brother-wood","status":"publish","type":"product","link":"https:\/\/www.moskito.cz\/pl\/produkt\/zaviraci-nuz-boker-magnum-slim-brother-wood\/","title":{"rendered":"Zav\u00edrac\u00ed N\u016f\u017e B\u00f6ker Magnum Slim Brother Wood 01MB723"},"content":{"rendered":"<p>Zav\u00edrac\u00ed N\u016f\u017e <strong>B\u00f6ker Magnum<\/strong> Slim Brother Wood 01MB723.<\/p>\n<p>Kapesn\u00ed n\u016f\u017e Magnum Slim Brother nab\u00edz\u00ed \u010dist\u00fd, strukturovan\u00fd design, vynikaj\u00edc\u00ed detaily a klasick\u00e9 proveden\u00ed jednotliv\u00fdch prvk\u016f. \u010cepel z nerezov\u00e9 oceli 440A je zaji\u0161t\u011bna spolehlivou pojistkou linerlock. St\u0159enky rukojeti jsou vyrobeny ze d\u0159eva Bubinga, kter\u00e9 m\u00e1 sytou barvu a je tepl\u00e9 na dotek. Praktick\u00fd, pevn\u011b uchycen\u00fd klip.<\/p>\n<p>Popis produktu:<\/p>\n<p>Celkov\u00e1 d\u00e9lka: 20,7 cm<br \/>\nD\u00e9lka \u010depele: 9 cm<br \/>\nTlou\u0161\u0165ka \u010depele: 3,5 mm<br \/>\nMateri\u00e1l \u010depele: 440A<br \/>\nMateri\u00e1l rukojeti: africk\u00e9 d\u0159evo Bubinga<br \/>\nPojistka: Linerlock<br \/>\nKovov\u00fd klip<\/p>\n<p>&nbsp;<\/p>\n","protected":false},"excerpt":{"rendered":"<p>No\u017e\u00ed\u0159sk\u00e1 manufaktura\u00a0<strong>B\u00f6ker<\/strong>\u00a0se postupem \u010dasu vypracovala na glob\u00e1ln\u00edho inova\u010dn\u00edho l\u00eddra a nejv\u011bt\u0161\u00edho v\u00fdrobce sportovn\u00edch no\u017e\u016f, taktick\u00fdch no\u017e\u016f a sb\u011bratelsk\u00fdch no\u017e\u016f v Evrop\u011b.<\/p>\n","protected":false},"featured_media":214822,"comment_status":"open","ping_status":"closed","template":"","meta":[],"pwb-brand":[140],"product_brand":[],"product_cat":[22,17],"product_tag":[3667],"class_list":{"0":"post-214821","1":"product","2":"type-product","3":"status-publish","4":"has-post-thumbnail","6":"pwb-brand-boker","7":"product_cat-zaviraci-noze","8":"product_cat-noze","9":"product_tag-b2b","11":"first","12":"outofstock","13":"taxable","14":"shipping-taxable","15":"purchasable","16":"product-type-simple"},"brands":[{"id":140,"name":"Boker","slug":"boker"}],"_links":{"self":[{"href":"https:\/\/www.moskito.cz\/pl\/wp-json\/wp\/v2\/product\/214821","targetHints":{"allow":["GET"]}}],"collection":[{"href":"https:\/\/www.moskito.cz\/pl\/wp-json\/wp\/v2\/product"}],"about":[{"href":"https:\/\/www.moskito.cz\/pl\/wp-json\/wp\/v2\/types\/product"}],"replies":[{"embeddable":true,"href":"https:\/\/www.moskito.cz\/pl\/wp-json\/wp\/v2\/comments?post=214821"}],"wp:featuredmedia":[{"embeddable":true,"href":"https:\/\/www.moskito.cz\/pl\/wp-json\/wp\/v2\/media\/214822"}],"wp:attachment":[{"href":"https:\/\/www.moskito.cz\/pl\/wp-json\/wp\/v2\/media?parent=214821"}],"wp:term":[{"taxonomy":"pwb-brand","embeddable":true,"href":"https:\/\/www.moskito.cz\/pl\/wp-json\/wp\/v2\/pwb-brand?post=214821"},{"taxonomy":"product_brand","embeddable":true,"href":"https:\/\/www.moskito.cz\/pl\/wp-json\/wp\/v2\/product_brand?post=214821"},{"taxonomy":"product_cat","embeddable":true,"href":"https:\/\/www.moskito.cz\/pl\/wp-json\/wp\/v2\/product_cat?post=214821"},{"taxonomy":"product_tag","embeddable":true,"href":"https:\/\/www.moskito.cz\/pl\/wp-json\/wp\/v2\/product_tag?post=214821"}],"curies":[{"name":"wp","href":"https:\/\/api.w.org\/{rel}","templated":true}]}}