{"id":214893,"date":"2022-04-17T16:12:46","date_gmt":"2022-04-17T15:12:46","guid":{"rendered":"https:\/\/www.moskito.cz\/?post_type=product&#038;p=214893"},"modified":"2025-09-08T20:19:31","modified_gmt":"2025-09-08T19:19:31","slug":"cold-steel-mizutori-crane-wakizashi","status":"publish","type":"product","link":"https:\/\/www.moskito.cz\/pl\/produkt\/cold-steel-mizutori-crane-wakizashi\/","title":{"rendered":"Cold Steel MIZUTORI (CRANE) WAKIZASHI"},"content":{"rendered":"<p><strong>Cold Steel<\/strong> MIZUTORI (CRANE) WAKIZASHI<\/p>\n<p><strong>Mizutori<\/strong> &#8211; Je\u0159\u00e1b je symbolem \u0161t\u011bst\u00ed a dlouhov\u011bkosti, v\u011brnosti a s\u00edly a v Japonsku je velmi obl\u00edben\u00fdm symbolem. Kdy\u017e jsme vyv\u00edjeli novou Katanu, kterou jsme p\u0159idali k na\u0161\u00ed dlouholet\u00e9 a sv\u011btov\u011b proslul\u00e9 \u0159ad\u011b japonsk\u00fdch \u010depel\u00ed, c\u00edtili jsme, \u017ee je vhodn\u00e9 p\u0159idat jako motiv Crane. \u010cepel Mizutori je vyrobena z vysoce kvalitn\u00ed uhl\u00edkov\u00e9 oceli 1095 a diferenci\u00e1ln\u011b kalen\u00e1 Hamonem temperovan\u00fdm j\u00edlem. Kr\u00e1sn\u00e1 \u010depel se vyzna\u010duje ru\u010dn\u011b brou\u0161en\u00fdm brusem Hamaguri s vysoce le\u0161t\u011bn\u00fdm h\u0159betem a ploch\u00fdmi \u010depelemi. Tsuba i Menuki maj\u00ed ikonick\u00fd motiv je\u0159\u00e1ba a vysoce kvalitn\u00ed rukoje\u0165 z rejnok\u016f je pevn\u011b obalena hn\u011bdou hedv\u00e1bnou \u0161\u0148\u016frou, kter\u00e1 dod\u00e1v\u00e1 \u00farove\u0148 detail\u016f a kr\u00e1sy, kterou je t\u0159eba vid\u011bt, abyste uv\u011b\u0159ili. Mizutori Katana, kter\u00fd je ulo\u017een v leskl\u00e9 \u010dern\u011b lakovan\u00e9 Saya, je \u00fa\u017easn\u00fd a atraktivn\u00ed me\u010d, kter\u00fd se jist\u011b stane chloubou va\u0161\u00ed sb\u00edrky! Mizutori (je\u0159\u00e1b) Wakizashi zrcadl\u00ed materi\u00e1ly, st\u0159ih a povrchovou \u00fapravu sv\u00e9ho v\u011bt\u0161\u00edho bratra ve v\u0161ech sm\u011brech krom\u011b velikosti. Je stejn\u011b lehk\u00fd a rychl\u00fd a se stejn\u00fdmi vysoce kvalitn\u00edmi materi\u00e1ly, ale za zlomek velikosti, co\u017e z n\u011bj d\u011bl\u00e1 vynikaj\u00edc\u00ed dopln\u011bk k Mizutori Katana nebo kr\u00e1snou samostatnou \u010depel.<br \/>\nHmotnost: 28,1 oz Tlou\u0161\u0165ka \u010depele: 7 mm D\u00e9lka \u010depele: 21&#8243; Ocelov\u00e9 \u010depele: 1095 uhl\u00edk D\u00e9lka rukojeti\/materi\u00e1l: 6-1\/2&#8243; Celkov\u00e1 d\u00e9lka: 27-1\/2&#8243; Dal\u0161\u00ed funkce: Rukoje\u0165 Sam\u00e9 (Ray Skin) s hn\u011bd\u00fdm prov\u00e1zkem a mosazn\u00fdm menuki. \u010cern\u011b lakovan\u00e1 d\u0159ev\u011bn\u00e1 pochva. Rozsah d\u00e9lek \u010depele: 20-30 palc\u016f Rodina oceli: Vysoce uhl\u00edkov\u00e9 oceli Styl me\u010de: japonsk\u00fd<\/p>\n<p>PARAMETRY PRODUKTU<br \/>\nBarva : \u010cern\u00e1\/St\u0159\u00edbrn\u00e1<br \/>\nD\u00e9lka rukojeti : 165 mm<br \/>\nOcel : 1095 Carbon<br \/>\nCelkov\u00e1 velikost : 698 mm<br \/>\nHmotnost : 796,62 g<br \/>\nTlou\u0161\u0165ka \u010depele : 7 mm<\/p>\n<p>The Crane is a symbol of luck and longevity, loyalty and strength, and is a much-loved symbol in Japan. As we developed a new Katana to add to our long standing and world-renowned line-up of Japanese blades, we felt it only fitting to add the Crane as a motif. The Mizutori&#8217;s blade is made from high quality 1095 carbon steel and differentially hardened with a clay tempered Hamon. The handsome blade features a hand sharpened Hamaguri grind with highly polished spine and blade flats. The Tsuba and Menuki both feature an iconic crane motif, and the high quality ray-skin handle is tightly wrapped in brown silk cord, adding a level of detail and beauty that must be seen to be believed. Housed inside a lustrous black lacquered Saya, the Mizutori Katana a stunning and attractive sword that is sure to become the pride of your collection! The Mizutori (Crane) Wakizashi mirrors the materials, fit and finish of its larger brother in every way except size. It&#8217;s equally light and fast, and with the same high-quality materials, but at a fraction of the size, making it an exquisite companion piece to the Mizutori Katana, or a beautiful stand-alone blade.<\/p>\n<p>Weight: 28.1oz Blade Thickness: 7mm Blade Length: 21&#8243; Blade Steel: 1095 Carbon Handle Length\/Material: 6-1\/2&#8243; Overall Length: 27-1\/2&#8243; Additional Features: Sam\u00e9 (Ray Skin) handle with brown braid cord and brass menuki. Black lacquered wood scabbard. Blade Length Range: 20-30 in Steel Family: High Carbon Steels Sword Style: Japanese<\/p>\n<p>&nbsp;<\/p>\n","protected":false},"excerpt":{"rendered":"<p>Japonsk\u00fd me\u010d stejn\u00e9ho vzhledu jako m\u00e1 katana, se kterou byl pou\u017e\u00edv\u00e1n v p\u00e1ru\u00a0 jako z\u00e1lo\u017en\u00ed zbra\u0148.<\/p>\n","protected":false},"featured_media":214897,"comment_status":"open","ping_status":"closed","template":"","meta":[],"pwb-brand":[211],"product_brand":[],"product_cat":[24,1942],"product_tag":[3667],"class_list":{"0":"post-214893","1":"product","2":"type-product","3":"status-publish","4":"has-post-thumbnail","6":"pwb-brand-cold-steel","7":"product_cat-katany-a-mece","8":"product_cat-mece-dyky-repliky","9":"product_tag-b2b","11":"first","12":"outofstock","13":"taxable","14":"shipping-taxable","15":"purchasable","16":"product-type-simple"},"brands":[{"id":211,"name":"Cold Steel","slug":"cold-steel"}],"_links":{"self":[{"href":"https:\/\/www.moskito.cz\/pl\/wp-json\/wp\/v2\/product\/214893","targetHints":{"allow":["GET"]}}],"collection":[{"href":"https:\/\/www.moskito.cz\/pl\/wp-json\/wp\/v2\/product"}],"about":[{"href":"https:\/\/www.moskito.cz\/pl\/wp-json\/wp\/v2\/types\/product"}],"replies":[{"embeddable":true,"href":"https:\/\/www.moskito.cz\/pl\/wp-json\/wp\/v2\/comments?post=214893"}],"wp:featuredmedia":[{"embeddable":true,"href":"https:\/\/www.moskito.cz\/pl\/wp-json\/wp\/v2\/media\/214897"}],"wp:attachment":[{"href":"https:\/\/www.moskito.cz\/pl\/wp-json\/wp\/v2\/media?parent=214893"}],"wp:term":[{"taxonomy":"pwb-brand","embeddable":true,"href":"https:\/\/www.moskito.cz\/pl\/wp-json\/wp\/v2\/pwb-brand?post=214893"},{"taxonomy":"product_brand","embeddable":true,"href":"https:\/\/www.moskito.cz\/pl\/wp-json\/wp\/v2\/product_brand?post=214893"},{"taxonomy":"product_cat","embeddable":true,"href":"https:\/\/www.moskito.cz\/pl\/wp-json\/wp\/v2\/product_cat?post=214893"},{"taxonomy":"product_tag","embeddable":true,"href":"https:\/\/www.moskito.cz\/pl\/wp-json\/wp\/v2\/product_tag?post=214893"}],"curies":[{"name":"wp","href":"https:\/\/api.w.org\/{rel}","templated":true}]}}