{"id":214927,"date":"2022-04-17T17:37:19","date_gmt":"2022-04-17T16:37:19","guid":{"rendered":"https:\/\/www.moskito.cz\/?post_type=product&#038;p=214927"},"modified":"2025-05-07T10:38:18","modified_gmt":"2025-05-07T09:38:18","slug":"cold-steel-o-tanto-emperor-series","status":"publish","type":"product","link":"https:\/\/www.moskito.cz\/pl\/produkt\/cold-steel-o-tanto-emperor-series\/","title":{"rendered":"Cold Steel O TANTO (EMPEROR SERIES)"},"content":{"rendered":"<p><strong>Cold Steel<\/strong> O TANTO (EMPEROR SERIES)<\/p>\n<p>Cold Steels Emperor O Tanto je navr\u017een tak, aby odr\u00e1\u017eel n\u011bkter\u00e9 z nejv\u00fdrazn\u011bj\u0161\u00edch znak\u016f japonsk\u00e9ho designu me\u010de. Pro na\u0161e Tsuba (z\u00e1\u0161tita), Fuchi (l\u00edmec) a Kashira (hrudka) pou\u017e\u00edv\u00e1me pouze tradi\u010dn\u00ed materi\u00e1ly &#8211; ka\u017ed\u00fd kus je odborn\u011b vyroben a jemn\u011b zpracov\u00e1n v nikl-st\u0159\u00edbrn\u00e9m proveden\u00ed. Habaki (l\u00edmec \u010depele) je rovn\u011b\u017e ru\u010dn\u011b vyroben z nikl-st\u0159\u00edbra a j\u00edlec je pota\u017een same (ray skin) a pevn\u011b omot\u00e1n v tradi\u010dn\u00edm stylu \u010dernou hedv\u00e1bnou \u0161\u0148\u016frkou. N\u00e1dhern\u00e1 Menuki (mal\u00e1, ornament\u00e1ln\u00ed socha vlo\u017een\u00e1 mezi paprskovitou k\u016f\u017ei a omot\u00e1n\u00ed \u0161\u0148\u016fry) d\u00e1le vylep\u0161uje vzhled rukojet\u00ed. V\u0161echny na\u0161e me\u010de Emperor maj\u00ed pln\u011b nabrou\u0161en\u00e9 \u010depele z uhl\u00edkov\u00e9 oceli 1060, kter\u00e9 jsou tepeln\u011b zpracov\u00e1ny na tvrdou pru\u017einu. \u010cepel je n\u00e1sledn\u011b pe\u010dliv\u011b ru\u010dn\u011b opracov\u00e1na kr\u00e1sn\u00fdm zrcadlov\u00fdm leskem nanesen\u00fdm na plni\u010d.<\/p>\n<p>PARAMETRY PRODUKTU<br \/>\nHmotnost : 566 g<br \/>\nOcel : 1060 Carbon<br \/>\nCelkov\u00e1 velikost : 492 mm<br \/>\nBarva : \u010cern\u00e1\/St\u0159\u00edbrn\u00e1<br \/>\nD\u00e9lka rukojeti : 155 mm<br \/>\nTlou\u0161\u0165ka \u010depele : 7,93 mm<br \/>\nD\u00e9lka \u010depele\u00a0 : 336 mm<\/p>\n<p>Cold Steels Emperor O Tanto is styled to reflect some of the most distinctive hallmarks of Japanese sword design. We use only traditional materials for our Tsuba (guard), Fuchi (collar), and Kashira (pommel) &#8211; Each piece is expertly made and finely crafted in nickel-silver. The Habaki (blade collar) is also hand-made from nickel-silver and the hilt is covered in sam\u00e9 (ray skin) and tightly wrapped in the traditional style with black silk cord. A beautiful Menuki (a small, ornamental sculpture inserted between the ray skin and the cord wrappings) further enhances the handles appearance. All of our Emperor swords feature fully sharpened 1060 carbon steel blades that are heat treated to a tough spring temper. The blade is then carefully hand-finished with a beautiful mirror polish applied to the fuller.<\/p>\n<p>Weight: 20oz Blade Thickness: 5\/16in Blade Length: 13-1\/4in Blade Steel: 1060 Carbon Handle Length\/Material: 6-1\/8in Overall Length: 19-3\/8in Additional Features: Sam\u00a9 (Ray Skin) Handle with Black Braid Cord and Brass Menuki. Black Lacquered Wood Scabbard. Blade Length Range: 10-20 in Steel Family: High Carbon Steels Sword Style: Japanese<\/p>\n","protected":false},"excerpt":{"rendered":"<p>V\u0161echny na\u0161e Emperor Swords jsou vybaveny \u010depel\u00ed z oceli 1060 Carbon Steel.<\/p>\n<p><strong>Doprava zdarma.<\/strong><\/p>\n","protected":false},"featured_media":214931,"comment_status":"open","ping_status":"closed","template":"","meta":[],"pwb-brand":[211],"product_brand":[],"product_cat":[24,1942],"product_tag":[3667],"class_list":{"0":"post-214927","1":"product","2":"type-product","3":"status-publish","4":"has-post-thumbnail","6":"pwb-brand-cold-steel","7":"product_cat-katany-a-mece","8":"product_cat-mece-dyky-repliky","9":"product_tag-b2b","11":"first","12":"instock","13":"taxable","14":"shipping-taxable","15":"purchasable","16":"product-type-simple"},"brands":[{"id":211,"name":"Cold Steel","slug":"cold-steel"}],"_links":{"self":[{"href":"https:\/\/www.moskito.cz\/pl\/wp-json\/wp\/v2\/product\/214927","targetHints":{"allow":["GET"]}}],"collection":[{"href":"https:\/\/www.moskito.cz\/pl\/wp-json\/wp\/v2\/product"}],"about":[{"href":"https:\/\/www.moskito.cz\/pl\/wp-json\/wp\/v2\/types\/product"}],"replies":[{"embeddable":true,"href":"https:\/\/www.moskito.cz\/pl\/wp-json\/wp\/v2\/comments?post=214927"}],"wp:featuredmedia":[{"embeddable":true,"href":"https:\/\/www.moskito.cz\/pl\/wp-json\/wp\/v2\/media\/214931"}],"wp:attachment":[{"href":"https:\/\/www.moskito.cz\/pl\/wp-json\/wp\/v2\/media?parent=214927"}],"wp:term":[{"taxonomy":"pwb-brand","embeddable":true,"href":"https:\/\/www.moskito.cz\/pl\/wp-json\/wp\/v2\/pwb-brand?post=214927"},{"taxonomy":"product_brand","embeddable":true,"href":"https:\/\/www.moskito.cz\/pl\/wp-json\/wp\/v2\/product_brand?post=214927"},{"taxonomy":"product_cat","embeddable":true,"href":"https:\/\/www.moskito.cz\/pl\/wp-json\/wp\/v2\/product_cat?post=214927"},{"taxonomy":"product_tag","embeddable":true,"href":"https:\/\/www.moskito.cz\/pl\/wp-json\/wp\/v2\/product_tag?post=214927"}],"curies":[{"name":"wp","href":"https:\/\/api.w.org\/{rel}","templated":true}]}}