{"id":215032,"date":"2022-04-18T22:23:47","date_gmt":"2022-04-18T21:23:47","guid":{"rendered":"https:\/\/www.moskito.cz\/?post_type=product&#038;p=215032"},"modified":"2025-05-07T10:38:22","modified_gmt":"2025-05-07T09:38:22","slug":"zaviraci-nuz-cold-steel-6-counter-point-xl-aus10a","status":"publish","type":"product","link":"https:\/\/www.moskito.cz\/pl\/produkt\/zaviraci-nuz-cold-steel-6-counter-point-xl-aus10a\/","title":{"rendered":"Zav\u00edrac\u00ed N\u016f\u017e Cold Steel 6&#8243; COUNTER POINT XL (AUS10A)"},"content":{"rendered":"<p>Zav\u00edrac\u00ed N\u016f\u017e <strong>Cold Steel<\/strong> 6&#8243; COUNTER POINT XL (AUS10A)<\/p>\n<p>Str\u00e1vili jsme roky zkoum\u00e1n\u00edm \u0161pi\u010dkov\u00fdch botov\u00fdch no\u017e\u016f a nyn\u00ed jsme tyto znalosti aplikovali na zav\u00edrac\u00ed n\u016f\u017e Cold Steel Counter Point. \u010cepel Counter Point je k dispozici ve t\u0159ech velikostech \u010depele &#8211; 3&#8243;, 4&#8243; a 6&#8243;. Jejich \u010depele s kop\u00edm inspirovan\u00e9 jehlou maj\u00ed v\u00fdrazn\u011b v\u00fdrazn\u00e9 fale\u0161n\u00e9 ost\u0159\u00ed a leskl\u00fd sat\u00e9nov\u00fd povrch, jejich\u017e kombinac\u00ed je \u010depel, kter\u00e1 nejen skv\u011ble vypad\u00e1, ale poskytuje vynikaj\u00edc\u00ed v\u00fdkon! Vyrobeno z japonsk\u00e9 oceli AUS10A, Counter Point je vysoce odoln\u00e9 proti korozi a skvrn\u00e1m a m\u00e1 velmi ostrou a odolnou hranu. Rukoje\u0165 Counter Points je vyrobena z Griv-Ex a vyztu\u017eena tepeln\u011b upraven\u00fdmi hlin\u00edkov\u00fdmi vlo\u017ekami nejen velmi pevn\u00e9, ale pohodln\u00e9 a bezpe\u010dn\u00e9 v t\u00e9m\u011b\u0159 jak\u00e9mkoliv uchopen\u00ed, kter\u00e9 si lze p\u0159edstavit. Pro v\u011bt\u0161\u00ed pevnost a bezpe\u010dnost,<\/p>\n<p>PARAMETRY PRODUKTU<br \/>\nBarva : \u010cern\u00e1\/St\u0159\u00edbrn\u00e1<br \/>\nD\u00e9lka \u010depele : 152,4 mm<br \/>\nD\u00e9lka rukojeti : 180 mm<br \/>\nMateri\u00e1l rukojeti : Long Griv-Ex\u2122<br \/>\nCelkov\u00e1 velikost : 333,3 mm<br \/>\nOcel : Japanese AUS 10A Alloy<br \/>\nHmotnost : 224 g<br \/>\nDruh pojistky : Tri-Ad Lock<br \/>\nTlou\u0161\u0165ka \u010depele : 4 mm<\/p>\n<p>&nbsp;<\/p>\n<p>&nbsp;<\/p>\n","protected":false},"excerpt":{"rendered":"<p>Zav\u00edrac\u00ed n\u016f\u017e Counter Point XL od firmy COLD STEEL pat\u0159\u00ed do \u0159ady EDC zav\u00edrac\u00edch no\u017e\u016f. Jeho ost\u0159\u00ed je vyroben\u00e9 nerezov\u00e9 oceli AUS 10A.<\/p>\n","protected":false},"featured_media":215033,"comment_status":"open","ping_status":"closed","template":"","meta":[],"pwb-brand":[211],"product_brand":[],"product_cat":[22,17],"product_tag":[3667],"class_list":{"0":"post-215032","1":"product","2":"type-product","3":"status-publish","4":"has-post-thumbnail","6":"pwb-brand-cold-steel","7":"product_cat-zaviraci-noze","8":"product_cat-noze","9":"product_tag-b2b","11":"first","12":"outofstock","13":"taxable","14":"shipping-taxable","15":"purchasable","16":"product-type-simple"},"brands":[{"id":211,"name":"Cold Steel","slug":"cold-steel"}],"_links":{"self":[{"href":"https:\/\/www.moskito.cz\/pl\/wp-json\/wp\/v2\/product\/215032","targetHints":{"allow":["GET"]}}],"collection":[{"href":"https:\/\/www.moskito.cz\/pl\/wp-json\/wp\/v2\/product"}],"about":[{"href":"https:\/\/www.moskito.cz\/pl\/wp-json\/wp\/v2\/types\/product"}],"replies":[{"embeddable":true,"href":"https:\/\/www.moskito.cz\/pl\/wp-json\/wp\/v2\/comments?post=215032"}],"wp:featuredmedia":[{"embeddable":true,"href":"https:\/\/www.moskito.cz\/pl\/wp-json\/wp\/v2\/media\/215033"}],"wp:attachment":[{"href":"https:\/\/www.moskito.cz\/pl\/wp-json\/wp\/v2\/media?parent=215032"}],"wp:term":[{"taxonomy":"pwb-brand","embeddable":true,"href":"https:\/\/www.moskito.cz\/pl\/wp-json\/wp\/v2\/pwb-brand?post=215032"},{"taxonomy":"product_brand","embeddable":true,"href":"https:\/\/www.moskito.cz\/pl\/wp-json\/wp\/v2\/product_brand?post=215032"},{"taxonomy":"product_cat","embeddable":true,"href":"https:\/\/www.moskito.cz\/pl\/wp-json\/wp\/v2\/product_cat?post=215032"},{"taxonomy":"product_tag","embeddable":true,"href":"https:\/\/www.moskito.cz\/pl\/wp-json\/wp\/v2\/product_tag?post=215032"}],"curies":[{"name":"wp","href":"https:\/\/api.w.org\/{rel}","templated":true}]}}