{"id":215103,"date":"2022-04-20T19:37:08","date_gmt":"2022-04-20T18:37:08","guid":{"rendered":"https:\/\/www.moskito.cz\/?post_type=product&#038;p=215103"},"modified":"2025-05-07T10:38:23","modified_gmt":"2025-05-07T09:38:23","slug":"pevny-nuz-cold-steel-osi","status":"publish","type":"product","link":"https:\/\/www.moskito.cz\/pl\/produkt\/pevny-nuz-cold-steel-osi\/","title":{"rendered":"Pevn\u00fd N\u016f\u017e Cold Steel OSI"},"content":{"rendered":"<p>Pevn\u00fd N\u016f\u017e <strong>Cold Steel<\/strong> OSI.<\/p>\n<p>OSI je velmi robustn\u00ed, jednohrann\u00e1 verze na\u0161eho OSS. Ploch\u00e9 brou\u0161en\u00e9 do tenk\u00e9ho, ultra ostr\u00e9ho okraje, je to tak\u00e9 \u00fa\u017easn\u00e1 n\u00e1lepka a bude \u0159ezat a \u0159ezat se stejnou sebejistotou! Rozs\u00e1hle v ter\u00e9nu testov\u00e1n na\u0161\u00ed prezidentkou Lynn C. Thompsonovou, v ter\u00e9nu obl\u00e9kl, st\u00e1hl z k\u016f\u017ee a \u201erozbil\u201c des\u00edtky a des\u00edtky zv\u00ed\u0159at od divo\u010d\u00e1k\u016f po buvoly a uk\u00e1zal se jako mimo\u0159\u00e1dn\u011b \u00fa\u010dinn\u00fd poln\u00ed n\u016f\u017e. Je tak\u00e9 ide\u00e1ln\u00ed pro pou\u017eit\u00ed v zem\u00edch nebo lokalit\u00e1ch, kter\u00e9 zakazuj\u00ed nebo omezuj\u00ed dvoub\u0159it\u00e9 no\u017ee.<\/p>\n<p>Popis:<\/p>\n<p>Materi\u00e1l \u010depele: AUS8A<br \/>\nMateri\u00e1l rukojeti: Kray-Ex<br \/>\nMateri\u00e1l pouzdra: Secure-Ex<br \/>\nD\u00e9lka \u010depele: 21 cm<br \/>\nCelkov\u00e1 d\u00e9lka: 34 cm<br \/>\nD\u00e9lka rukojeti: 13 cm<br \/>\nTlou\u0161\u0165ka \u010depele: 0.47 cm<br \/>\nHmotnost: 241 g<\/p>\n<p>&nbsp;<\/p>\n","protected":false},"excerpt":{"rendered":"<p><strong>Pevn\u00fd n\u016f\u017e OSI od firmy Cold Steel s je p\u0159edev\u0161\u00edm ur\u010den pro lovce a p\u0159\u00edslu\u0161n\u00edky ozbrojen\u00fdch slo\u017eek, zejm\u00e9na pak \u010dleny vojensk\u00e9 komunyty.<\/strong><\/p>\n","protected":false},"featured_media":215104,"comment_status":"open","ping_status":"closed","template":"","meta":[],"pwb-brand":[211],"product_brand":[],"product_cat":[23,17],"product_tag":[3667],"class_list":{"0":"post-215103","1":"product","2":"type-product","3":"status-publish","4":"has-post-thumbnail","6":"pwb-brand-cold-steel","7":"product_cat-pevne-noze","8":"product_cat-noze","9":"product_tag-b2b","11":"first","12":"instock","13":"taxable","14":"shipping-taxable","15":"purchasable","16":"product-type-simple"},"brands":[{"id":211,"name":"Cold Steel","slug":"cold-steel"}],"_links":{"self":[{"href":"https:\/\/www.moskito.cz\/pl\/wp-json\/wp\/v2\/product\/215103","targetHints":{"allow":["GET"]}}],"collection":[{"href":"https:\/\/www.moskito.cz\/pl\/wp-json\/wp\/v2\/product"}],"about":[{"href":"https:\/\/www.moskito.cz\/pl\/wp-json\/wp\/v2\/types\/product"}],"replies":[{"embeddable":true,"href":"https:\/\/www.moskito.cz\/pl\/wp-json\/wp\/v2\/comments?post=215103"}],"wp:featuredmedia":[{"embeddable":true,"href":"https:\/\/www.moskito.cz\/pl\/wp-json\/wp\/v2\/media\/215104"}],"wp:attachment":[{"href":"https:\/\/www.moskito.cz\/pl\/wp-json\/wp\/v2\/media?parent=215103"}],"wp:term":[{"taxonomy":"pwb-brand","embeddable":true,"href":"https:\/\/www.moskito.cz\/pl\/wp-json\/wp\/v2\/pwb-brand?post=215103"},{"taxonomy":"product_brand","embeddable":true,"href":"https:\/\/www.moskito.cz\/pl\/wp-json\/wp\/v2\/product_brand?post=215103"},{"taxonomy":"product_cat","embeddable":true,"href":"https:\/\/www.moskito.cz\/pl\/wp-json\/wp\/v2\/product_cat?post=215103"},{"taxonomy":"product_tag","embeddable":true,"href":"https:\/\/www.moskito.cz\/pl\/wp-json\/wp\/v2\/product_tag?post=215103"}],"curies":[{"name":"wp","href":"https:\/\/api.w.org\/{rel}","templated":true}]}}