{"id":215113,"date":"2022-04-20T20:04:23","date_gmt":"2022-04-20T19:04:23","guid":{"rendered":"https:\/\/www.moskito.cz\/?post_type=product&#038;p=215113"},"modified":"2025-05-07T10:38:24","modified_gmt":"2025-05-07T09:38:24","slug":"zaviraci-nuz-cold-steel-3-counter-point-ii-aus8a-2","status":"publish","type":"product","link":"https:\/\/www.moskito.cz\/pl\/produkt\/zaviraci-nuz-cold-steel-3-counter-point-ii-aus8a-2\/","title":{"rendered":"Zav\u00edrac\u00ed N\u016f\u017e Cold Steel 3&#8243; COUNTER POINT II (AUS8A)"},"content":{"rendered":"<p>Zav\u00edrac\u00ed N\u016f\u017e <strong>Cold Steel<\/strong> 3&#8243; COUNTER POINT II (AUS8A)<\/p>\n<p>Str\u00e1vili jsme roky zkoum\u00e1n\u00edm \u0161pi\u010dkov\u00fdch botov\u00fdch no\u017e\u016f a nyn\u00ed jsme tyto znalosti aplikovali na zav\u00edrac\u00ed n\u016f\u017e Cold Steel Counter Point. Counter Point je k dispozici ve t\u0159ech velikostech \u010depele &#8211; 3&#8243;, 4&#8243; a 6&#8243;. Jejich \u010depele s kop\u00edm inspirovan\u00e9 jehlou maj\u00ed v\u00fdrazn\u011b v\u00fdrazn\u00e9 fale\u0161n\u00e9 ost\u0159\u00ed a lesklou sat\u00e9novou povrchovou \u00fapravu, d\u00edky \u010demu\u017e vznik\u00e1 \u010depel, kter\u00e1 nejen skv\u011ble vypad\u00e1, ale poskytuje vynikaj\u00edc\u00ed v\u00fdkon! Vyrobeno z japonsk\u00e9 oceli AUS8A, Counter Point je vysoce odoln\u00e9 proti korozi a skvrn\u00e1m a m\u00e1 velmi ostrou a trvanlivou hranu. Rukoje\u0165 Counter Points je vyrobena z Griv-Ex a vyztu\u017eena tepeln\u011b upraven\u00fdmi hlin\u00edkov\u00fdmi vlo\u017ekami nejen velmi pevn\u00fd, ale pohodln\u00fd a bezpe\u010dn\u00fd v t\u00e9m\u011b\u0159 jak\u00e9mkoliv uchopen\u00ed, kter\u00e9 si lze p\u0159edstavit. Pro v\u011bt\u0161\u00ed pevnost a bezpe\u010dnost jsme Counter Point vybavili na\u0161\u00edm slavn\u00fdm z\u00e1mkov\u00fdm mechanismem Tri-Ad,<\/p>\n<p>PARAMETRY PRODUKTU<br \/>\nD\u00e9lka \u010depele : 76,2 mm<br \/>\nCelkov\u00e1 velikost : 175 mm<br \/>\nMateri\u00e1l rukojeti : Long Griv Ex\u2122<br \/>\nTlou\u0161\u0165ka \u010depele : 3 mm<br \/>\nDruh pojistky : Tri-Ad Lock<br \/>\nHmotnost : 70,8 g :<\/p>\n<p>Ocel : Japanese AUS8A<br \/>\nMateri\u00e1l pouzdra : Ambidextrous Pocket \/ Belt Clip<br \/>\nBarva : \u010cern\u00e1\/St\u0159\u00edbrn\u00e1<br \/>\nD\u00e9lka rukojeti : 98 mm<\/p>\n<p>We spent years exploring high-end boot knives, and now weve applied that knowledge to a folding knife the Cold Steel Counter Point. The Counter Point is available in three blade sizes &#8211; 3&#8243;, 4&#8243; and 6&#8243;. Their stiletto-inspired spear point blades have a distinctively pronounced false edge and a lustrous satin finish, combining to make a blade that not only looks great, but delivers a show stopping performance! Made from Japanese AUS8A Steel, the Counter Point is highly corrosion and stain resistant and takes a very sharp and durable edge. The Counter Points handle is made from Griv-Ex and reinforced with heat treated aluminum liners, making it not only very strong, but comfortable and secure in almost any grip imaginable. For added strength and safety, we equipped the Counter Point with our famous Tri-Ad locking mechanism, proven again and again to be incredibly strong and shock resistant.<\/p>\n<p>Weight: 2.5oz Blade Thickness: 3mm Blade Length: 3in Blade Steel: Japanese AUS8A Handle Length\/Material: 3-7\/8in Griv-Ex\u2122 Overall Length: 6-7\/8in Additional Features: Ambidextrous Pocket \/ Belt Clip Knife Type: Folder Product Family: Counter Point Blade Length Range: 1-3 in Steel Family: AUS Blade Shape: Spear Point Locking Mechanism: Tri-Ad Lock<\/p>\n","protected":false},"excerpt":{"rendered":"<div class=\"vc-commoditydetail_annotation\">\n<div class=\"annotation wysiwyg\">Zav\u00edrac\u00ed n\u016f\u017e Counter Point II od firmy COLD STEEL pat\u0159\u00ed do \u0159ady zav\u00edrac\u00edch no\u017e\u016f s dvojit\u00fdm ost\u0159\u00edm a pojistkou Tri-Ad\u2122 lock proti samovoln\u00e9mu zav\u0159en\u00ed no\u017ee. Je ur\u010den p\u0159edev\u0161\u00edm ke skryt\u00e9mu no\u0161en\u00ed.<\/div>\n<\/div>\n<div class=\"vc-commoditydetail_info\">\n<div class=\"items loaded\" data-module=\"vm\/CommodityDetail_Info\"><\/div>\n<\/div>\n","protected":false},"featured_media":215114,"comment_status":"open","ping_status":"closed","template":"","meta":[],"pwb-brand":[211],"product_brand":[],"product_cat":[22,17],"product_tag":[3667],"class_list":{"0":"post-215113","1":"product","2":"type-product","3":"status-publish","4":"has-post-thumbnail","6":"pwb-brand-cold-steel","7":"product_cat-zaviraci-noze","8":"product_cat-noze","9":"product_tag-b2b","11":"first","12":"instock","13":"taxable","14":"shipping-taxable","15":"purchasable","16":"product-type-simple"},"brands":[{"id":211,"name":"Cold Steel","slug":"cold-steel"}],"_links":{"self":[{"href":"https:\/\/www.moskito.cz\/pl\/wp-json\/wp\/v2\/product\/215113","targetHints":{"allow":["GET"]}}],"collection":[{"href":"https:\/\/www.moskito.cz\/pl\/wp-json\/wp\/v2\/product"}],"about":[{"href":"https:\/\/www.moskito.cz\/pl\/wp-json\/wp\/v2\/types\/product"}],"replies":[{"embeddable":true,"href":"https:\/\/www.moskito.cz\/pl\/wp-json\/wp\/v2\/comments?post=215113"}],"wp:featuredmedia":[{"embeddable":true,"href":"https:\/\/www.moskito.cz\/pl\/wp-json\/wp\/v2\/media\/215114"}],"wp:attachment":[{"href":"https:\/\/www.moskito.cz\/pl\/wp-json\/wp\/v2\/media?parent=215113"}],"wp:term":[{"taxonomy":"pwb-brand","embeddable":true,"href":"https:\/\/www.moskito.cz\/pl\/wp-json\/wp\/v2\/pwb-brand?post=215113"},{"taxonomy":"product_brand","embeddable":true,"href":"https:\/\/www.moskito.cz\/pl\/wp-json\/wp\/v2\/product_brand?post=215113"},{"taxonomy":"product_cat","embeddable":true,"href":"https:\/\/www.moskito.cz\/pl\/wp-json\/wp\/v2\/product_cat?post=215113"},{"taxonomy":"product_tag","embeddable":true,"href":"https:\/\/www.moskito.cz\/pl\/wp-json\/wp\/v2\/product_tag?post=215113"}],"curies":[{"name":"wp","href":"https:\/\/api.w.org\/{rel}","templated":true}]}}