{"id":215844,"date":"2022-04-26T22:04:17","date_gmt":"2022-04-26T21:04:17","guid":{"rendered":"https:\/\/www.moskito.cz\/?post_type=product&#038;p=215844"},"modified":"2025-08-19T14:21:51","modified_gmt":"2025-08-19T13:21:51","slug":"zaviraci-nuz-sog-terminus-xr-s35vn","status":"publish","type":"product","link":"https:\/\/www.moskito.cz\/pl\/produkt\/zaviraci-nuz-sog-terminus-xr-s35vn\/","title":{"rendered":"Zav\u00edrac\u00ed N\u016f\u017e SOG TERMINUS XR &#8211; S35VN"},"content":{"rendered":"<p>Zav\u00edrac\u00ed N\u016f\u017e <strong>SOG<\/strong> TERMINUS XR &#8211; S35VN.<\/p>\n<p>Zav\u00edrac\u00ed n\u016f\u017e Terminus XR, kter\u00fd nastavuje novou la\u0165ku pro EDC, m\u00e1 vyvinut\u00fd ergonomick\u00fd tvar s nov\u00fdm hladk\u00fdm zamykac\u00edm mechanismem SOG XR. Bez ohledu na to, jak jej p\u0159en\u00e1\u0161\u00edte, XR se snadno otev\u00edr\u00e1 pomoc\u00ed 3 r\u016fzn\u00fdch mechanism\u016f. N\u016f\u017e je vybaven \u010depel\u00ed CPM S35VN ostrou SOG a d\u00edky rukojeti G10 a uhl\u00edkov\u00fdch vl\u00e1ken si zachov\u00e1v\u00e1 n\u00edzkou hmotnost. Elegantn\u00ed a vyv\u00e1\u017een\u00fd kapesn\u00ed n\u016f\u017e Terminus XR je va\u0161\u00edm dokonal\u00fdm EDC. Pr\u00e1v\u011b prob\u00edh\u00e1 aktualizace klipu k t\u00e9to polo\u017ece. Je mo\u017en\u00e9, \u017ee obdr\u017e\u00edte n\u016f\u017e s jin\u00fdm klipem ne\u017e na obr\u00e1zku.<\/p>\n<p>Den co den, d\u016fv\u011bra<br \/>\nOd p\u0159\u00edm\u011bstsk\u00e9ho vlaku v pond\u011bl\u00ed r\u00e1no po turistickou stezku v sobotu odpoledne, Terminus-XR poskytoval jistotu, den co den.<\/p>\n<p>Vybaveno pro ka\u017edodenn\u00ed no\u0161en\u00ed<br \/>\nObsahuje \u010depel z oceli S35VN, o kter\u00e9 by mnoz\u00ed tvrdili, \u017ee je to nejlep\u0161\u00ed z 'mainstreamov\u00fdch&#8217; no\u017e\u00ed\u0159sk\u00fdch ocel\u00ed a m\u011bli byste probl\u00e9m naj\u00edt jakoukoli ocel s lep\u0161\u00edm zachov\u00e1n\u00edm ost\u0159\u00ed, hou\u017eevnatost\u00ed a odolnost\u00ed v\u016f\u010di skvrn\u00e1m za dan\u00e9 pen\u00edze.<\/p>\n<h4 class=\"h5 heading\">XR Z\u00c1MEK<\/h4>\n<p>Spolehliv\u00fd a v\u00fdkonn\u00fd, schopn\u00fd odolat s\u00edle a\u017e 1 500 liber, poskytuje maxim\u00e1ln\u00ed vestav\u011bn\u00e9 zabezpe\u010den\u00ed \u010depele p\u0159i otev\u0159en\u00ed a zaji\u0161\u0165uje, \u017ee se otev\u0159e pouze tehdy, kdy\u017e je zam\u00fd\u0161leno.<\/p>\n<p>OBOUSTRANN\u00dd DESIGN<br \/>\nHladk\u00e9 a rychl\u00e9 otev\u00edr\u00e1n\u00ed jednou rukou jednou rukou. T\u0159i zp\u016fsoby otev\u00edr\u00e1n\u00ed: otvor pro palec, z\u00e1mek XR a kop\u00e1k<\/p>\n<p>RUKOJE\u0164 Z UHL\u00cdKOV\u00ddCH VL\u00c1KEN G10<br \/>\nRobustn\u00ed a extr\u00e9mn\u011b lehk\u00fd.<\/p>\n<p>PARAMETRY PRODUKTU:<br \/>\nD\u00c9LKA \u010cEPELE : 7,5 cm<br \/>\nMATERI\u00c1L RUKOJETI : G10 w\/carbon fiber face<br \/>\nD\u00c9LKA RUKOJETI : 10,7 cm<br \/>\nCELKOV\u00c1 VELIKOST : 18,3 cm<br \/>\nDRUH POJISTKY : Cross Bar Lock<br \/>\nOCEL : S35VN<br \/>\nHMOTNOST. 96 g<br \/>\nBARVA : Silver<br \/>\nTLOU\u0160\u0164KA \u010cEPELE : 2,5 mm<\/p>\n<p>&nbsp;<\/p>\n<p><iframe title=\"3 Ways to Open: Terminus XR\" width=\"800\" height=\"450\" src=\"https:\/\/www.youtube.com\/embed\/R8Dy_33-kw4?feature=oembed\" frameborder=\"0\" allow=\"accelerometer; autoplay; clipboard-write; encrypted-media; gyroscope; picture-in-picture; web-share\" allowfullscreen><\/iframe><\/p>\n<p>&nbsp;<\/p>\n<p>&nbsp;<\/p>\n","protected":false},"excerpt":{"rendered":"<p>A\u0165 u\u017e chr\u00e1n\u00edte ostatn\u00ed nebo vedete epickou loveckou expedici, \u0159e\u0161\u00edte jednu z ka\u017edodenn\u00edch \u017eivotn\u00edch v\u00fdzev nebo se pot\u00fdk\u00e1te se sv\u00fdmi dosud nejextr\u00e9mn\u011bj\u0161\u00edmi podm\u00ednkami, ud\u011blejte si cestu se\u00a0<strong>SOG<\/strong>.<\/p>\n<p><strong>Na v\u0161echny no\u017ee SOG d\u00e1v\u00e1me do\u017eivotn\u00ed z\u00e1ruku!<\/strong><\/p>\n","protected":false},"featured_media":215845,"comment_status":"open","ping_status":"closed","template":"","meta":[],"pwb-brand":[591],"product_brand":[],"product_cat":[22,17],"product_tag":[3667],"class_list":{"0":"post-215844","1":"product","2":"type-product","3":"status-publish","4":"has-post-thumbnail","6":"pwb-brand-sog","7":"product_cat-zaviraci-noze","8":"product_cat-noze","9":"product_tag-b2b","11":"first","12":"outofstock","13":"taxable","14":"shipping-taxable","15":"purchasable","16":"product-type-simple"},"brands":[{"id":591,"name":"SOG","slug":"sog"}],"_links":{"self":[{"href":"https:\/\/www.moskito.cz\/pl\/wp-json\/wp\/v2\/product\/215844","targetHints":{"allow":["GET"]}}],"collection":[{"href":"https:\/\/www.moskito.cz\/pl\/wp-json\/wp\/v2\/product"}],"about":[{"href":"https:\/\/www.moskito.cz\/pl\/wp-json\/wp\/v2\/types\/product"}],"replies":[{"embeddable":true,"href":"https:\/\/www.moskito.cz\/pl\/wp-json\/wp\/v2\/comments?post=215844"}],"wp:featuredmedia":[{"embeddable":true,"href":"https:\/\/www.moskito.cz\/pl\/wp-json\/wp\/v2\/media\/215845"}],"wp:attachment":[{"href":"https:\/\/www.moskito.cz\/pl\/wp-json\/wp\/v2\/media?parent=215844"}],"wp:term":[{"taxonomy":"pwb-brand","embeddable":true,"href":"https:\/\/www.moskito.cz\/pl\/wp-json\/wp\/v2\/pwb-brand?post=215844"},{"taxonomy":"product_brand","embeddable":true,"href":"https:\/\/www.moskito.cz\/pl\/wp-json\/wp\/v2\/product_brand?post=215844"},{"taxonomy":"product_cat","embeddable":true,"href":"https:\/\/www.moskito.cz\/pl\/wp-json\/wp\/v2\/product_cat?post=215844"},{"taxonomy":"product_tag","embeddable":true,"href":"https:\/\/www.moskito.cz\/pl\/wp-json\/wp\/v2\/product_tag?post=215844"}],"curies":[{"name":"wp","href":"https:\/\/api.w.org\/{rel}","templated":true}]}}