{"id":216114,"date":"2022-05-03T20:44:48","date_gmt":"2022-05-03T19:44:48","guid":{"rendered":"https:\/\/www.moskito.cz\/?post_type=product&#038;p=216114"},"modified":"2025-05-07T10:38:42","modified_gmt":"2025-05-07T09:38:42","slug":"zaviraci-nuz-motylek-magnum-boker-balisong-camo-06ex403","status":"publish","type":"product","link":"https:\/\/www.moskito.cz\/pl\/produkt\/zaviraci-nuz-motylek-magnum-boker-balisong-camo-06ex403\/","title":{"rendered":"Zav\u00edrac\u00ed N\u016f\u017e Mot\u00fdlek Magnum B\u00f6ker Balisong Camo 06EX403"},"content":{"rendered":"<p>Zav\u00edrac\u00ed N\u016f\u017e Mot\u00fdlek <strong>Magnum B\u00f6ker<\/strong> Balisong Camo 06EX403<\/p>\n<p>Magnum Balisong Camo se skl\u00e1d\u00e1 ze dvou polovin rukojeti, kter\u00e9 lze oto\u010dit o 180 stup\u0148\u016f. \u010cepel je um\u00edst\u011bna mezi t\u011bmito dv\u011bma rukoje\u0165mi a je p\u0159ipevn\u011bna osou. Rukojeti jsou stejn\u011b jako \u010depel opat\u0159eny taktick\u00fdm maskovac\u00edm vzorem. Lehk\u00fd, v\u0161estrann\u00fd spole\u010dn\u00edk se \u0161irokou \u0161k\u00e1lou vyu\u017eit\u00ed v ka\u017edodenn\u00edm \u017eivot\u011b.<\/p>\n<p>Typ polo\u017eky: kapesn\u00ed n\u016f\u017e<br \/>\nCelkov\u00e1 d\u00e9lka: 22,90 cm<br \/>\nD\u00e9lka \u010depele: 10,50 cm<br \/>\nS\u00edla \u010depele: 2,90 mm<br \/>\nHmotnost: 70,00 g<br \/>\nPomoc p\u0159i otev\u00edr\u00e1n\u00ed: nick na nehty<br \/>\nOtev\u00edrac\u00ed: Ru\u010dn\u011b<br \/>\nSpona: Balisong<br \/>\nBarva: v\u00edcebarevn\u00fd<br \/>\nBarva \u010depele: v\u00edcebarevn\u00fd<br \/>\n\u010c\u00edslo polo\u017eky: 06EX403<\/p>\n","protected":false},"excerpt":{"rendered":"<p><strong>B\u00d6KER\u00ae\u00a0je n\u011bmeck\u00e1 firma, kter\u00e1 vyr\u00e1b\u00ed no\u017ee t\u00e9 nejvy\u0161\u0161\u00ed kvality. No\u017ee s\u00a0pevnou \u010depel\u00ed, zav\u00edrac\u00ed no\u017ee, kuchy\u0148sk\u00e9 no\u017ee a stojany si d\u00edky v\u00fdjime\u010dn\u00e9 kvalit\u011b obl\u00edbila \u0159ada z\u00e1kazn\u00edk\u016f z\u00a0cel\u00e9ho sv\u011bta.<\/strong><\/p>\n","protected":false},"featured_media":216115,"comment_status":"open","ping_status":"closed","template":"","meta":[],"pwb-brand":[140],"product_brand":[],"product_cat":[2030,17],"product_tag":[3667],"class_list":{"0":"post-216114","1":"product","2":"type-product","3":"status-publish","4":"has-post-thumbnail","6":"pwb-brand-boker","7":"product_cat-motylky","8":"product_cat-noze","9":"product_tag-b2b","11":"first","12":"instock","13":"taxable","14":"shipping-taxable","15":"purchasable","16":"product-type-simple"},"brands":[{"id":140,"name":"Boker","slug":"boker"}],"_links":{"self":[{"href":"https:\/\/www.moskito.cz\/pl\/wp-json\/wp\/v2\/product\/216114","targetHints":{"allow":["GET"]}}],"collection":[{"href":"https:\/\/www.moskito.cz\/pl\/wp-json\/wp\/v2\/product"}],"about":[{"href":"https:\/\/www.moskito.cz\/pl\/wp-json\/wp\/v2\/types\/product"}],"replies":[{"embeddable":true,"href":"https:\/\/www.moskito.cz\/pl\/wp-json\/wp\/v2\/comments?post=216114"}],"wp:featuredmedia":[{"embeddable":true,"href":"https:\/\/www.moskito.cz\/pl\/wp-json\/wp\/v2\/media\/216115"}],"wp:attachment":[{"href":"https:\/\/www.moskito.cz\/pl\/wp-json\/wp\/v2\/media?parent=216114"}],"wp:term":[{"taxonomy":"pwb-brand","embeddable":true,"href":"https:\/\/www.moskito.cz\/pl\/wp-json\/wp\/v2\/pwb-brand?post=216114"},{"taxonomy":"product_brand","embeddable":true,"href":"https:\/\/www.moskito.cz\/pl\/wp-json\/wp\/v2\/product_brand?post=216114"},{"taxonomy":"product_cat","embeddable":true,"href":"https:\/\/www.moskito.cz\/pl\/wp-json\/wp\/v2\/product_cat?post=216114"},{"taxonomy":"product_tag","embeddable":true,"href":"https:\/\/www.moskito.cz\/pl\/wp-json\/wp\/v2\/product_tag?post=216114"}],"curies":[{"name":"wp","href":"https:\/\/api.w.org\/{rel}","templated":true}]}}