{"id":216234,"date":"2022-05-04T20:48:35","date_gmt":"2022-05-04T19:48:35","guid":{"rendered":"https:\/\/www.moskito.cz\/?post_type=product&#038;p=216234"},"modified":"2025-05-07T10:38:45","modified_gmt":"2025-05-07T09:38:45","slug":"zaviraci-nuz-magnum-boker-kids-folder-ebony-01ry137","status":"publish","type":"product","link":"https:\/\/www.moskito.cz\/pl\/produkt\/zaviraci-nuz-magnum-boker-kids-folder-ebony-01ry137\/","title":{"rendered":"Zav\u00edrac\u00ed N\u016f\u017e Magnum B\u00f6ker Kids Folder Ebony 01RY137"},"content":{"rendered":"<p>Zav\u00edrac\u00ed N\u016f\u017e <strong>Magnum B\u00f6ker<\/strong> Kids Folder Ebony 01RY137<\/p>\n<p>Jako bezpe\u010dn\u00fd d\u011btsk\u00fd n\u016f\u017e je Magnum Kids Folder vybaven zaoblenou \u0161pi\u010dkou a dopl\u0148uje v\u00fdbavu ka\u017ed\u00e9ho mal\u00e9ho skauta a mal\u00e9ho dobrodru\u017estv\u00ed. Kapesn\u00ed n\u016f\u017e Slipjoint , navr\u017een\u00fd speci\u00e1ln\u011b pro d\u011btsk\u00e9 ruce, je v\u00fdrazn\u011b skladn\u011bj\u0161\u00ed ne\u017e b\u011b\u017en\u00e9 no\u017ee, a proto jej mohou snadno ovl\u00e1dat i ti nejmen\u0161\u00ed. Sat\u00e9nov\u00e1 \u010depel drop point je vyrobena z nerezov\u00e9 oceli 440B , otev\u00edr\u00e1 se dv\u011bma rukama pomoc\u00ed h\u0159eb\u00edku a nezamyk\u00e1 se . Stabiln\u00ed konstrukce je vybavena ergonomicky tvarovanou rukojet\u00ed stupnice z tmav\u00e9ho ebenu , kter\u00e1 je d\u00edky vysok\u00e9 hustot\u011b extr\u00e9mn\u011b odoln\u00e1. S praktick\u00fdm otvorem na \u0161\u0148\u016frku.<\/p>\n<p>Typ polo\u017eky: kapesn\u00ed n\u016f\u017e<br \/>\nCelkov\u00e1 d\u00e9lka: 18,50 cm<br \/>\nD\u00e9lka \u010depele: 8,30 cm<br \/>\nS\u00edla \u010depele: 4,60 mm<br \/>\nHmotnost: 74,00 g<br \/>\nMateri\u00e1l \u010depele: 440B<br \/>\nMateri\u00e1l rukojeti: eben<br \/>\nPomoc p\u0159i otev\u00edr\u00e1n\u00ed: nick na nehty<br \/>\nOtev\u00edrac\u00ed: Ru\u010dn\u011b<br \/>\nSpona: kluzn\u00fd spoj<br \/>\nBarva: Hn\u011bd\u00fd<br \/>\nBarva \u010depele: nepota\u017een\u00e9<br \/>\n\u010c\u00edslo polo\u017eky: 01RY137<\/p>\n","protected":false},"excerpt":{"rendered":"<p><strong>B\u00d6KER\u00ae<\/strong> je n\u011bmeck\u00e1 firma, kter\u00e1 vyr\u00e1b\u00ed no\u017ee t\u00e9 nejvy\u0161\u0161\u00ed kvality. No\u017ee s pevnou \u010depel\u00ed, zav\u00edrac\u00ed no\u017ee, kuchy\u0148sk\u00e9 no\u017ee a stojany si d\u00edky v\u00fdjime\u010dn\u00e9 kvalit\u011b obl\u00edbila \u0159ada z\u00e1kazn\u00edk\u016f z cel\u00e9ho sv\u011bta.<\/p>\n","protected":false},"featured_media":216235,"comment_status":"open","ping_status":"closed","template":"","meta":[],"pwb-brand":[140],"product_brand":[],"product_cat":[22,17],"product_tag":[3667],"class_list":{"0":"post-216234","1":"product","2":"type-product","3":"status-publish","4":"has-post-thumbnail","6":"pwb-brand-boker","7":"product_cat-zaviraci-noze","8":"product_cat-noze","9":"product_tag-b2b","11":"first","12":"instock","13":"taxable","14":"shipping-taxable","15":"purchasable","16":"product-type-simple"},"brands":[{"id":140,"name":"Boker","slug":"boker"}],"_links":{"self":[{"href":"https:\/\/www.moskito.cz\/pl\/wp-json\/wp\/v2\/product\/216234","targetHints":{"allow":["GET"]}}],"collection":[{"href":"https:\/\/www.moskito.cz\/pl\/wp-json\/wp\/v2\/product"}],"about":[{"href":"https:\/\/www.moskito.cz\/pl\/wp-json\/wp\/v2\/types\/product"}],"replies":[{"embeddable":true,"href":"https:\/\/www.moskito.cz\/pl\/wp-json\/wp\/v2\/comments?post=216234"}],"wp:featuredmedia":[{"embeddable":true,"href":"https:\/\/www.moskito.cz\/pl\/wp-json\/wp\/v2\/media\/216235"}],"wp:attachment":[{"href":"https:\/\/www.moskito.cz\/pl\/wp-json\/wp\/v2\/media?parent=216234"}],"wp:term":[{"taxonomy":"pwb-brand","embeddable":true,"href":"https:\/\/www.moskito.cz\/pl\/wp-json\/wp\/v2\/pwb-brand?post=216234"},{"taxonomy":"product_brand","embeddable":true,"href":"https:\/\/www.moskito.cz\/pl\/wp-json\/wp\/v2\/product_brand?post=216234"},{"taxonomy":"product_cat","embeddable":true,"href":"https:\/\/www.moskito.cz\/pl\/wp-json\/wp\/v2\/product_cat?post=216234"},{"taxonomy":"product_tag","embeddable":true,"href":"https:\/\/www.moskito.cz\/pl\/wp-json\/wp\/v2\/product_tag?post=216234"}],"curies":[{"name":"wp","href":"https:\/\/api.w.org\/{rel}","templated":true}]}}