{"id":216361,"date":"2022-05-07T10:37:47","date_gmt":"2022-05-07T09:37:47","guid":{"rendered":"https:\/\/www.moskito.cz\/?post_type=product&#038;p=216361"},"modified":"2025-05-07T10:38:46","modified_gmt":"2025-05-07T09:38:46","slug":"zaviraci-nuz-victorinox-muj-prvni-victorinox-ruzovy-0-2363-t5","status":"publish","type":"product","link":"https:\/\/www.moskito.cz\/pl\/produkt\/zaviraci-nuz-victorinox-muj-prvni-victorinox-ruzovy-0-2363-t5\/","title":{"rendered":"Zav\u00edrac\u00ed N\u016f\u017e Victorinox M\u016fj prvn\u00ed Victorinox &#8211; R\u016f\u017eov\u00fd 0.2363.T5"},"content":{"rendered":"<p>Zav\u00edrac\u00ed N\u016f\u017e <strong>Victorinox<\/strong> M\u016fj prvn\u00ed Victorinox &#8211; R\u016f\u017eov\u00fd 0.2363.T5<\/p>\n<p>M\u016fj prvn\u00ed Victorinox je n\u016f\u017e ur\u010den\u00fd p\u0159edev\u0161\u00edm d\u011btem.<br \/>\nN\u016f\u017e m\u00e1 kulatou \u0161pi\u010dku \u010depele.<\/p>\n<p>velk\u00fd n\u016f\u017e &#8211; kulat\u00fd<br \/>\notv\u00edr\u00e1k na lahve<br \/>\notv\u00edr\u00e1k na konzervy<br \/>\n\u0161roubov\u00e1k<br \/>\nodstra\u0148ova\u010d izolace<br \/>\nnerezov\u00fd krou\u017eek na kl\u00ed\u010de<br \/>\npinzeta p\u00e1r\u00e1tko<\/p>\n","protected":false},"excerpt":{"rendered":"<p>M\u016fj prvn\u00ed Victorinox je n\u016f\u017e ur\u010den\u00fd p\u0159edev\u0161\u00edm d\u011btem.<\/p>\n","protected":false},"featured_media":216362,"comment_status":"open","ping_status":"closed","template":"","meta":[],"pwb-brand":[1175],"product_brand":[],"product_cat":[22,17],"product_tag":[],"class_list":{"0":"post-216361","1":"product","2":"type-product","3":"status-publish","4":"has-post-thumbnail","6":"pwb-brand-victorinox","7":"product_cat-zaviraci-noze","8":"product_cat-noze","10":"first","11":"outofstock","12":"taxable","13":"shipping-taxable","14":"purchasable","15":"product-type-simple"},"brands":[{"id":1175,"name":"Victorinox","slug":"victorinox"}],"_links":{"self":[{"href":"https:\/\/www.moskito.cz\/pl\/wp-json\/wp\/v2\/product\/216361","targetHints":{"allow":["GET"]}}],"collection":[{"href":"https:\/\/www.moskito.cz\/pl\/wp-json\/wp\/v2\/product"}],"about":[{"href":"https:\/\/www.moskito.cz\/pl\/wp-json\/wp\/v2\/types\/product"}],"replies":[{"embeddable":true,"href":"https:\/\/www.moskito.cz\/pl\/wp-json\/wp\/v2\/comments?post=216361"}],"wp:featuredmedia":[{"embeddable":true,"href":"https:\/\/www.moskito.cz\/pl\/wp-json\/wp\/v2\/media\/216362"}],"wp:attachment":[{"href":"https:\/\/www.moskito.cz\/pl\/wp-json\/wp\/v2\/media?parent=216361"}],"wp:term":[{"taxonomy":"pwb-brand","embeddable":true,"href":"https:\/\/www.moskito.cz\/pl\/wp-json\/wp\/v2\/pwb-brand?post=216361"},{"taxonomy":"product_brand","embeddable":true,"href":"https:\/\/www.moskito.cz\/pl\/wp-json\/wp\/v2\/product_brand?post=216361"},{"taxonomy":"product_cat","embeddable":true,"href":"https:\/\/www.moskito.cz\/pl\/wp-json\/wp\/v2\/product_cat?post=216361"},{"taxonomy":"product_tag","embeddable":true,"href":"https:\/\/www.moskito.cz\/pl\/wp-json\/wp\/v2\/product_tag?post=216361"}],"curies":[{"name":"wp","href":"https:\/\/api.w.org\/{rel}","templated":true}]}}