{"id":216368,"date":"2022-05-07T10:45:00","date_gmt":"2022-05-07T09:45:00","guid":{"rendered":"https:\/\/www.moskito.cz\/?post_type=product&#038;p=216368"},"modified":"2025-05-07T10:38:46","modified_gmt":"2025-05-07T09:38:46","slug":"zaviraci-nuz-victorinox-my-first-victorinox-dolphin-edition-0-2373-e1","status":"publish","type":"product","link":"https:\/\/www.moskito.cz\/pl\/produkt\/zaviraci-nuz-victorinox-my-first-victorinox-dolphin-edition-0-2373-e1\/","title":{"rendered":"Zav\u00edrac\u00ed N\u016f\u017e Victorinox My First Victorinox &#8211; Dolphin Edition 0.2373.E1"},"content":{"rendered":"<p>Zav\u00edrac\u00ed N\u016f\u017e <strong>Victorinox<\/strong> My First Victorinox &#8211; Dolphin Edition 0.2373.E1<\/p>\n<p>Z\u00e1bavn\u00e1 sada M\u016fj Prvn\u00ed Victorinox, je perfektn\u00ed d\u00e1rek pro odv\u00e1\u017en\u00e9 a zv\u00eddav\u00e9 d\u011bti. Sada se skl\u00e1d\u00e1 z no\u017ee, z\u00e1v\u011bsky na krk a omalov\u00e1nek, kter\u00e9 mimo jin\u00e9 ukazuj\u00ed, jak bezpe\u010dn\u011b pracovat s no\u017eem (za dozoru dosp\u011bl\u00e9 osoby). Zav\u00edrac\u00ed n\u016f\u017e m\u00e1 kulatou \u0161pici pro v\u011bt\u0161\u00ed bezpe\u010dnost. Nejedn\u00e1 se o hra\u010dku! V\u00fdrobek je plnohodnotn\u00fd zav\u00edrac\u00ed n\u016f\u017e s ostrou \u010depel\u00ed. Pr\u00e1ce d\u011bt\u00ed s no\u017eem je mo\u017en\u00e1 pouze pod dozorem dosp\u011bl\u00e9 osoby<\/p>\n<p>M\u016fj prvn\u00ed Victorinox je n\u016f\u017e ur\u010den\u00fd p\u0159edev\u0161\u00edm d\u011btem. Velikost no\u017ee je 84 mm a disponuje 8 funkcemi:<\/p>\n<p>velk\u00fd n\u016f\u017e &#8211; kulat\u00fd<br \/>\notv\u00edr\u00e1k na lahve<br \/>\n\u0161roubov\u00e1k<br \/>\nodstra\u0148ova\u010d izolace<br \/>\nnerezov\u00fd krou\u017eek na kl\u00ed\u010de<br \/>\npilka na d\u0159evo<br \/>\npinzeta<br \/>\np\u00e1r\u00e1tko<\/p>\n","protected":false},"excerpt":{"rendered":"<p>Z\u00e1bavn\u00e1 sada M\u016fj Prvn\u00ed <strong>Victorinox<\/strong>, je perfektn\u00ed d\u00e1rek pro odv\u00e1\u017en\u00e9 a zv\u00eddav\u00e9 d\u011bti.<\/p>\n","protected":false},"featured_media":216369,"comment_status":"open","ping_status":"closed","template":"","meta":[],"pwb-brand":[1175],"product_brand":[],"product_cat":[22,17],"product_tag":[],"class_list":{"0":"post-216368","1":"product","2":"type-product","3":"status-publish","4":"has-post-thumbnail","6":"pwb-brand-victorinox","7":"product_cat-zaviraci-noze","8":"product_cat-noze","10":"first","11":"instock","12":"taxable","13":"shipping-taxable","14":"purchasable","15":"product-type-simple"},"brands":[{"id":1175,"name":"Victorinox","slug":"victorinox"}],"_links":{"self":[{"href":"https:\/\/www.moskito.cz\/pl\/wp-json\/wp\/v2\/product\/216368","targetHints":{"allow":["GET"]}}],"collection":[{"href":"https:\/\/www.moskito.cz\/pl\/wp-json\/wp\/v2\/product"}],"about":[{"href":"https:\/\/www.moskito.cz\/pl\/wp-json\/wp\/v2\/types\/product"}],"replies":[{"embeddable":true,"href":"https:\/\/www.moskito.cz\/pl\/wp-json\/wp\/v2\/comments?post=216368"}],"wp:featuredmedia":[{"embeddable":true,"href":"https:\/\/www.moskito.cz\/pl\/wp-json\/wp\/v2\/media\/216369"}],"wp:attachment":[{"href":"https:\/\/www.moskito.cz\/pl\/wp-json\/wp\/v2\/media?parent=216368"}],"wp:term":[{"taxonomy":"pwb-brand","embeddable":true,"href":"https:\/\/www.moskito.cz\/pl\/wp-json\/wp\/v2\/pwb-brand?post=216368"},{"taxonomy":"product_brand","embeddable":true,"href":"https:\/\/www.moskito.cz\/pl\/wp-json\/wp\/v2\/product_brand?post=216368"},{"taxonomy":"product_cat","embeddable":true,"href":"https:\/\/www.moskito.cz\/pl\/wp-json\/wp\/v2\/product_cat?post=216368"},{"taxonomy":"product_tag","embeddable":true,"href":"https:\/\/www.moskito.cz\/pl\/wp-json\/wp\/v2\/product_tag?post=216368"}],"curies":[{"name":"wp","href":"https:\/\/api.w.org\/{rel}","templated":true}]}}