{"id":217157,"date":"2022-06-09T13:18:32","date_gmt":"2022-06-09T12:18:32","guid":{"rendered":"https:\/\/www.moskito.cz\/?post_type=product&#038;p=217157"},"modified":"2025-12-10T11:49:48","modified_gmt":"2025-12-10T10:49:48","slug":"pevny-nuz-extrema-ratio-t4000-c-satin","status":"publish","type":"product","link":"https:\/\/www.moskito.cz\/pl\/produkt\/pevny-nuz-extrema-ratio-t4000-c-satin\/","title":{"rendered":"Pevn\u00fd N\u016f\u017e Extrema Ratio T4000 C SATIN"},"content":{"rendered":"<p>Pevn\u00fd N\u016f\u017e <strong>Extrema Ratio<\/strong> T4000 C SATIN.<\/p>\n<p>T4000 C pokra\u010duje v nej\u010dist\u0161\u00ed kolekci Extrema Ratio tanto pro ty, kte\u0159\u00ed miluj\u00ed \u010depele s japonsk\u00fdm profilem, ale necht\u011bj\u00ed se vzd\u00e1t typick\u00fdch taktick\u00fdch dopl\u0148k\u016f, jako je rukoje\u0165 a pouzdro. Dostupn\u00e9 v \u010dern\u00e9 a sat\u00e9nov\u00e9 verzi.<\/p>\n<p>Hmotnost g.: 196,0<br \/>\nhmotnost unce: 6,9<br \/>\nD\u00e9lka \u010depele (mm): 104<br \/>\nD\u00e9lka \u010depele (palce): 4.1<br \/>\nCelkov\u00e1 d\u00e9lka (mm): 208<br \/>\nCelkov\u00e1 d\u00e9lka (palce): 8,2<br \/>\nTlou\u0161\u0165ka \u010depele (mm): 4,0<br \/>\nTlou\u0161\u0165ka \u010depele (palce): 0,16<br \/>\nMateri\u00e1l \u010depele: B\u00f6HLER N690 STEEL (58HRC)<br \/>\nPovrchov\u00e1 \u00faprava \u010depele: SATIN<br \/>\nHlavn\u00ed m\u0159\u00ed\u017eka: PLOCH\u00c1<br \/>\nMateri\u00e1l rukojeti: FORPRENE<\/p>\n<p>&nbsp;<\/p>\n","protected":false},"excerpt":{"rendered":"<p>Spole\u010dnost\u00a0<strong>Extrema Ratio<\/strong>\u00a0se s\u00eddlem v italsk\u00e9m Pratu navrhuje a vyr\u00e1b\u00ed vysoce v\u00fdkonn\u00e9 bojov\u00e9, vojensk\u00e9, kuchy\u0148sk\u00e9, loveck\u00e9 a taktick\u00e9 no\u017ee od roku 1997 a m\u00e1 pov\u011bst vynikaj\u00edc\u00ed kvality, kter\u00e1 je v oboru vojensk\u00fdch a taktick\u00fdch no\u017e\u016f nep\u0159ekonateln\u00e1.\u00a0<strong>Doprava zdarma<\/strong>.<\/p>\n","protected":false},"featured_media":217176,"comment_status":"open","ping_status":"closed","template":"","meta":[],"pwb-brand":[267],"product_brand":[],"product_cat":[23,17],"product_tag":[3667],"class_list":{"0":"post-217157","1":"product","2":"type-product","3":"status-publish","4":"has-post-thumbnail","6":"pwb-brand-extrema-ratio","7":"product_cat-pevne-noze","8":"product_cat-noze","9":"product_tag-b2b","11":"first","12":"outofstock","13":"taxable","14":"shipping-taxable","15":"purchasable","16":"product-type-simple"},"brands":[{"id":267,"name":"Extrema Ratio","slug":"extrema-ratio"}],"_links":{"self":[{"href":"https:\/\/www.moskito.cz\/pl\/wp-json\/wp\/v2\/product\/217157","targetHints":{"allow":["GET"]}}],"collection":[{"href":"https:\/\/www.moskito.cz\/pl\/wp-json\/wp\/v2\/product"}],"about":[{"href":"https:\/\/www.moskito.cz\/pl\/wp-json\/wp\/v2\/types\/product"}],"replies":[{"embeddable":true,"href":"https:\/\/www.moskito.cz\/pl\/wp-json\/wp\/v2\/comments?post=217157"}],"wp:featuredmedia":[{"embeddable":true,"href":"https:\/\/www.moskito.cz\/pl\/wp-json\/wp\/v2\/media\/217176"}],"wp:attachment":[{"href":"https:\/\/www.moskito.cz\/pl\/wp-json\/wp\/v2\/media?parent=217157"}],"wp:term":[{"taxonomy":"pwb-brand","embeddable":true,"href":"https:\/\/www.moskito.cz\/pl\/wp-json\/wp\/v2\/pwb-brand?post=217157"},{"taxonomy":"product_brand","embeddable":true,"href":"https:\/\/www.moskito.cz\/pl\/wp-json\/wp\/v2\/product_brand?post=217157"},{"taxonomy":"product_cat","embeddable":true,"href":"https:\/\/www.moskito.cz\/pl\/wp-json\/wp\/v2\/product_cat?post=217157"},{"taxonomy":"product_tag","embeddable":true,"href":"https:\/\/www.moskito.cz\/pl\/wp-json\/wp\/v2\/product_tag?post=217157"}],"curies":[{"name":"wp","href":"https:\/\/api.w.org\/{rel}","templated":true}]}}