{"id":217586,"date":"2022-06-24T20:38:26","date_gmt":"2022-06-24T19:38:26","guid":{"rendered":"https:\/\/www.moskito.cz\/?post_type=product&#038;p=217586"},"modified":"2026-03-09T14:03:03","modified_gmt":"2026-03-09T13:03:03","slug":"vystrelovaci-nuz-kershaw-launch-4","status":"publish","type":"product","link":"https:\/\/www.moskito.cz\/pl\/produkt\/vystrelovaci-nuz-kershaw-launch-4\/","title":{"rendered":"Vyst\u0159elovac\u00ed N\u016f\u017e KERSHAW LAUNCH 4"},"content":{"rendered":"<p>Vyst\u0159elovac\u00ed N\u016f\u017e <strong>KERSHAW<\/strong> LAUNCH 4<\/p>\n<p>Launch 4 je m\u00e1 krat\u0161\u00ed \u010depel, ale m\u00e1 vysok\u00fd styl. A to je dob\u0159e, proto\u017ee krat\u0161\u00ed \u010depel \u2013 p\u0159esn\u011bji 1,9 palce \u2013 \u010din\u00ed Launch 4 leg\u00e1ln\u00ed na mnohem v\u00edce m\u00edstech ne\u017e n\u011bkter\u00e1 jin\u00e1 auta. (Nezapome\u0148te zkontrolovat m\u00edstn\u00ed p\u0159edpisy.) Jeho v\u00fdkon a styl poch\u00e1z\u00ed z vylep\u0161en\u00e9 oceli \u010depele CPM 154 s povrchem \u010depele Cerakote, kompaktn\u00ed eloxovan\u00e9 hlin\u00edkov\u00e9 rukojeti a siln\u00e9ho otev\u00edrac\u00edho kopu. Jednopolohov\u00e1 kapesn\u00ed spona.<\/p>\n<p>Vyrobeno v USA; krat\u0161\u00ed \u010depel umo\u017e\u0148uje leg\u00e1ln\u00ed na v\u00edce m\u00edstech<br \/>\nOcel CPM 154 z pr\u00e1\u0161kov\u00e9 metalurgie zab\u00edr\u00e1 a dr\u017e\u00ed vynikaj\u00edc\u00ed ost\u0159\u00ed, poskytuje odolnost proti korozi, odolnost proti opot\u0159eben\u00ed, hou\u017eevnatost<br \/>\nLehk\u00e1, pevn\u00e1 rukoje\u0165 z eloxovan\u00e9ho hlin\u00edku nab\u00edz\u00ed pohodln\u00e9 uchopen\u00ed<br \/>\nN\u00edzkoprofilov\u00e9 tla\u010d\u00edtko zt\u011b\u017euje necht\u011bn\u00e9 rozvinut\u00ed \u010depele<br \/>\nTento automatick\u00fd n\u016f\u017e se prod\u00e1v\u00e1 pouze prost\u0159ednictv\u00edm autorizovan\u00fdch prodejc\u016f Kershaw; webov\u00e1 str\u00e1nka slou\u017e\u00ed pouze pro informaci<\/p>\n<p>Pouze pro prodejce edice<br \/>\nPou\u017e\u00edvejte ka\u017ed\u00fd den<br \/>\nZadejte Automaticky, Slo\u017eka<br \/>\nStylov\u00fd kapesn\u00ed n\u016f\u017e<br \/>\nDesigner Kershaw Originals<br \/>\nBod kop\u00ed ve stylu \u010depele<br \/>\nBlade Edge Plain<br \/>\nAutomatick\u00e1 akce otev\u0159en\u00ed<br \/>\nOtev\u0159e se tla\u010d\u00edtkem<br \/>\nTyp z\u00e1mku Tla\u010d\u00edtkov\u00fd z\u00e1mek<br \/>\nKapesn\u00ed spona Jednopolohov\u00e1 (prav\u00e1, sklopn\u00e1)<br \/>\nBarva rukojeti \u010cern\u00e1<br \/>\nVyrobeno v USA Ano<br \/>\nZem\u011b p\u016fvodu USA: Design, Prototyp, Kontrola kvality, V\u00fdroba<br \/>\nZ\u00e1ruka Omezen\u00e1 do\u017eivotn\u00ed z\u00e1ruka<\/p>\n<p>Materi\u00e1l \u010depele: CPM154<br \/>\nMateri\u00e1l rukojeti: Hlin\u00edk<br \/>\nPojistka: Push Button<br \/>\nD\u00e9lka \u010depele: 4.8 cm<br \/>\nCelkov\u00e1 d\u00e9lka: 13 cm<br \/>\nD\u00e9lka slo\u017een\u00e9ho no\u017ee: 8.1 cm<br \/>\nHmotnost: 51 g<br \/>\nTyp \u010depele: Spear Point<br \/>\nVyu\u017eit\u00ed: Taktick\u00fd<\/p>\n<p>&nbsp;<\/p>\n","protected":false},"excerpt":{"rendered":"<p>Zakladatel spole\u010dnosti Kershaw, Pete Kershaw, v\u011bd\u011bl, jak je d\u016fle\u017eit\u00e1 zaru\u010den\u00e1 kvalita.\u00a0 Koncem roku 1974 se rozhodl zalo\u017eit vlastn\u00ed no\u017e\u00ed\u0159skou spole\u010dnost v cement\u00e1rn\u011b v Lake Oswego v Oregonu.<\/p>\n<p>V Japonsku se gener\u00e1ln\u00ed \u0159editel Kai Koji Endo domn\u00edval, \u017ee Kershaw m\u00e1 je\u0161t\u011b v\u011bt\u0161\u00ed potenci\u00e1l k r\u016fstu. V roce 1996 Endo investoval do americk\u00e9ho v\u00fdrobn\u00edho z\u00e1vodu na z\u00e1kladn\u011b Kai USA ve Wilsonville. V\u011b\u0159il, \u017ee to Kershawovi pom\u016f\u017ee dos\u00e1hnout pln\u00e9ho potenci\u00e1lu. A brzy Kai USA najal nov\u00fd produk\u010dn\u00ed t\u00fdm pro tuto pr\u00e1ci.<\/p>\n","protected":false},"featured_media":217587,"comment_status":"open","ping_status":"closed","template":"","meta":[],"pwb-brand":[385],"product_brand":[],"product_cat":[2019,17],"product_tag":[],"class_list":{"0":"post-217586","1":"product","2":"type-product","3":"status-publish","4":"has-post-thumbnail","6":"pwb-brand-kershaw","7":"product_cat-vystrelovaci-noze","8":"product_cat-noze","10":"first","11":"outofstock","12":"taxable","13":"shipping-taxable","14":"purchasable","15":"product-type-simple"},"brands":[{"id":385,"name":"Kershaw","slug":"kershaw"}],"_links":{"self":[{"href":"https:\/\/www.moskito.cz\/pl\/wp-json\/wp\/v2\/product\/217586","targetHints":{"allow":["GET"]}}],"collection":[{"href":"https:\/\/www.moskito.cz\/pl\/wp-json\/wp\/v2\/product"}],"about":[{"href":"https:\/\/www.moskito.cz\/pl\/wp-json\/wp\/v2\/types\/product"}],"replies":[{"embeddable":true,"href":"https:\/\/www.moskito.cz\/pl\/wp-json\/wp\/v2\/comments?post=217586"}],"wp:featuredmedia":[{"embeddable":true,"href":"https:\/\/www.moskito.cz\/pl\/wp-json\/wp\/v2\/media\/217587"}],"wp:attachment":[{"href":"https:\/\/www.moskito.cz\/pl\/wp-json\/wp\/v2\/media?parent=217586"}],"wp:term":[{"taxonomy":"pwb-brand","embeddable":true,"href":"https:\/\/www.moskito.cz\/pl\/wp-json\/wp\/v2\/pwb-brand?post=217586"},{"taxonomy":"product_brand","embeddable":true,"href":"https:\/\/www.moskito.cz\/pl\/wp-json\/wp\/v2\/product_brand?post=217586"},{"taxonomy":"product_cat","embeddable":true,"href":"https:\/\/www.moskito.cz\/pl\/wp-json\/wp\/v2\/product_cat?post=217586"},{"taxonomy":"product_tag","embeddable":true,"href":"https:\/\/www.moskito.cz\/pl\/wp-json\/wp\/v2\/product_tag?post=217586"}],"curies":[{"name":"wp","href":"https:\/\/api.w.org\/{rel}","templated":true}]}}