{"id":217871,"date":"2022-06-28T21:26:03","date_gmt":"2022-06-28T20:26:03","guid":{"rendered":"https:\/\/www.moskito.cz\/?post_type=product&#038;p=217871"},"modified":"2025-05-07T10:39:12","modified_gmt":"2025-05-07T09:39:12","slug":"zaviraci-nuz-zero-tolerance-0350","status":"publish","type":"product","link":"https:\/\/www.moskito.cz\/pl\/produkt\/zaviraci-nuz-zero-tolerance-0350\/","title":{"rendered":"Zav\u00edrac\u00ed N\u016f\u017e Zero Tolerance 0350"},"content":{"rendered":"<p>Zav\u00edrac\u00ed N\u016f\u017e <strong>Zero Tolerance<\/strong> 0350<\/p>\n<p>Jeden z na\u0161ich prvn\u00edch <strong>ZT<\/strong> a st\u00e1le jeden z nejobl\u00edben\u011bj\u0161\u00edch. 0350 je velk\u00e1, agresivn\u00ed hrstka no\u017ee. P\u0159esto je st\u00e1le dostate\u010dn\u011b kompaktn\u00ed a lehk\u00fd na to, aby se stal praktick\u00fdm a p\u016fsobiv\u00fdm EDC. 0350 je vybaven syst\u00e9mem asistovan\u00e9ho otev\u00edr\u00e1n\u00ed <strong>ZT<\/strong>. Nasa\u010fte \u010depel rychle a snadno, dokonce i v rukavic\u00edch, pomoc\u00ed oboustrann\u00e9 ploutve. Pr\u00e9miov\u00e1 \u010depel m\u00e1 povrchovou \u00fapravu Cerakote pro zv\u00fd\u0161enou odolnost proti opot\u0159eben\u00ed a odolnost proti korozi.<\/p>\n<p>Vyrobeno v USA<br \/>\n\u010cepel z nerezov\u00e9 oceli CPM S30V je extr\u00e9mn\u011b odoln\u00e1, odoln\u00e1 proti korozi a opot\u0159eben\u00ed; Povrchov\u00e1 \u00faprava \u010depele Cerakote zvy\u0161uje chemickou odolnost a r\u00e1zovou pevnost<br \/>\nTexturovan\u00e9 stupnice rukojeti G10 a obrysy rukojeti zaji\u0161\u0165uj\u00ed stabiln\u00ed \u00fachop; extra t\u011b\u017ek\u00fd r\u00e1m poskytuje bezpe\u010dn\u00e9 uzam\u010den\u00ed \u010depele b\u011bhem pou\u017e\u00edv\u00e1n\u00ed<br \/>\nKapesn\u00ed spona se montuje se \u0161pi\u010dkou nahoru\/dol\u016f a vpravo\/vlevo; otvor pro \u0161\u0148\u016frku<\/p>\n<p>Typ Assisted, Folder<br \/>\nPou\u017e\u00edvejte ka\u017ed\u00fd den, pr\u00e1ci, taktiku<br \/>\nStylov\u00fd kapesn\u00ed n\u016f\u017e<br \/>\nN\u00e1vrh\u00e1\u0159 Ken Onion<br \/>\nBod poklesu ve stylu \u010depele s Recurve<br \/>\nBlade Edge Plain<br \/>\nAsistovan\u00e1 akce p\u0159i otev\u00edr\u00e1n\u00ed<br \/>\nOtev\u00edr\u00e1 pomoc\u00ed Flipper<br \/>\nTyp z\u00e1mku Liner lock<br \/>\nKapesn\u00ed spona 4-polohov\u00e1 (vpravo\/vlevo, p\u0159eklopen\u00ed nahoru\/dol\u016f)<br \/>\nVyrobeno v USA Ano<br \/>\nHardware Ocelov\u00fd \u010dep, \u0161rouby, kapesn\u00ed spona<br \/>\nExtra d\u00edra na \u0161\u0148\u016frku<\/p>\n<p>\u010cepel ocel CPM S30V<br \/>\nD\u00e9lka \u010depele 3,25 palce (8,25 cm)<br \/>\nHRC 57\u201359<br \/>\nPovrchov\u00e1 \u00faprava \u010depele\/potah Cerakote<br \/>\nTlou\u0161\u0165ka \u010depele 0,121 palce (0,31 cm)<br \/>\nD\u00e9lka v zav\u0159en\u00e9m stavu 4,6 palce (11,7 cm)<br \/>\nMateri\u00e1l rukojeti G10<br \/>\nBarva rukojeti \u010cern\u00e1<br \/>\nPovrchov\u00e1 \u00faprava rukojeti\/n\u00e1t\u011br \u2013<br \/>\nTlou\u0161\u0165ka rukojeti 0,5 palce (12,7 mm)<br \/>\nCelkov\u00e1 d\u00e9lka 7,6 palce (19,3 cm)<br \/>\nHmotnost 6,2 oz. (175,8 g)<\/p>\n","protected":false},"excerpt":{"rendered":"<p><strong>Budeme i nad\u00e1le stav\u011bt profesion\u00e1ln\u00ed no\u017ee pr\u00e9miov\u00e9 kvality, na kter\u00e9 se na\u0161i z\u00e1kazn\u00edci mohou ka\u017ed\u00fd den spolehnout!!<\/strong><\/p>\n<p><strong>To je Zero Tolerance!!<\/strong><\/p>\n<p><strong>Doprava zdarma.<\/strong><\/p>\n","protected":false},"featured_media":217872,"comment_status":"open","ping_status":"closed","template":"","meta":[],"pwb-brand":[717],"product_brand":[],"product_cat":[22,17],"product_tag":[],"class_list":{"0":"post-217871","1":"product","2":"type-product","3":"status-publish","4":"has-post-thumbnail","6":"pwb-brand-zero-tolerance","7":"product_cat-zaviraci-noze","8":"product_cat-noze","10":"first","11":"outofstock","12":"taxable","13":"shipping-taxable","14":"purchasable","15":"product-type-simple"},"brands":[{"id":717,"name":"Zero Tolerance","slug":"zero-tolerance"}],"_links":{"self":[{"href":"https:\/\/www.moskito.cz\/pl\/wp-json\/wp\/v2\/product\/217871","targetHints":{"allow":["GET"]}}],"collection":[{"href":"https:\/\/www.moskito.cz\/pl\/wp-json\/wp\/v2\/product"}],"about":[{"href":"https:\/\/www.moskito.cz\/pl\/wp-json\/wp\/v2\/types\/product"}],"replies":[{"embeddable":true,"href":"https:\/\/www.moskito.cz\/pl\/wp-json\/wp\/v2\/comments?post=217871"}],"wp:featuredmedia":[{"embeddable":true,"href":"https:\/\/www.moskito.cz\/pl\/wp-json\/wp\/v2\/media\/217872"}],"wp:attachment":[{"href":"https:\/\/www.moskito.cz\/pl\/wp-json\/wp\/v2\/media?parent=217871"}],"wp:term":[{"taxonomy":"pwb-brand","embeddable":true,"href":"https:\/\/www.moskito.cz\/pl\/wp-json\/wp\/v2\/pwb-brand?post=217871"},{"taxonomy":"product_brand","embeddable":true,"href":"https:\/\/www.moskito.cz\/pl\/wp-json\/wp\/v2\/product_brand?post=217871"},{"taxonomy":"product_cat","embeddable":true,"href":"https:\/\/www.moskito.cz\/pl\/wp-json\/wp\/v2\/product_cat?post=217871"},{"taxonomy":"product_tag","embeddable":true,"href":"https:\/\/www.moskito.cz\/pl\/wp-json\/wp\/v2\/product_tag?post=217871"}],"curies":[{"name":"wp","href":"https:\/\/api.w.org\/{rel}","templated":true}]}}