{"id":218070,"date":"2022-06-29T21:48:11","date_gmt":"2022-06-29T20:48:11","guid":{"rendered":"https:\/\/www.moskito.cz\/?post_type=product&#038;p=218070"},"modified":"2025-11-18T13:55:50","modified_gmt":"2025-11-18T12:55:50","slug":"zaviraci-nuz-magnum-boker-jewel","status":"publish","type":"product","link":"https:\/\/www.moskito.cz\/pl\/produkt\/zaviraci-nuz-magnum-boker-jewel\/","title":{"rendered":"Zav\u00edrac\u00ed N\u016f\u017e Magnum B\u00f6ker Jewel"},"content":{"rendered":"<p>Zav\u00edrac\u00ed N\u016f\u017e <strong>Magnum B\u00f6ker<\/strong> Jewel<\/p>\n<p>Hodnota tohoto no\u017ee se ji\u017e odr\u00e1\u017e\u00ed v jeho jm\u00e9nu. Le\u0161t\u011bn\u00e1 \u010depel z nerezov\u00e9 oceli 440 se zaji\u0161\u0165uje proti necht\u011bn\u00e9mu zav\u0159en\u00ed no\u017ee p\u0159i pr\u00e1ci pojistkou Lockback. Tmav\u00e9 d\u0159ev\u011bn\u00e9 st\u0159enky rukojeti z palisandru dokonale harmonizuj\u00ed s podobn\u011b le\u0161t\u011bn\u00fdmi kovov\u00fdmi bolstery. N\u016f\u017e, kter\u00fd je mal\u00fd v kapse, ale velk\u00fd svou u\u017eitnou hodnotou!<\/p>\n<p>Popis produktu<br \/>\nCelkov\u00e1 d\u00e9lka: 13.5 cm<br \/>\nD\u00e9lka \u010depele: 5.5 cm<br \/>\nTlou\u0161\u0165ka \u010depele: 1.8 mm<br \/>\nHmotnost: 44 g<br \/>\nMateri\u00e1l \u010depele: 440A<br \/>\nMateri\u00e1l rukojeti: Palisandr<br \/>\nTyp pojistky: Zadn\u00ed<\/p>\n","protected":false},"excerpt":{"rendered":"<p><strong>Hodnota tohoto no\u017ee se ji\u017e odr\u00e1\u017e\u00ed v jeho jm\u00e9nu.<\/strong><\/p>\n","protected":false},"featured_media":218071,"comment_status":"open","ping_status":"closed","template":"","meta":[],"pwb-brand":[140],"product_brand":[],"product_cat":[22,17],"product_tag":[3667],"class_list":{"0":"post-218070","1":"product","2":"type-product","3":"status-publish","4":"has-post-thumbnail","6":"pwb-brand-boker","7":"product_cat-zaviraci-noze","8":"product_cat-noze","9":"product_tag-b2b","11":"first","12":"outofstock","13":"taxable","14":"shipping-taxable","15":"purchasable","16":"product-type-simple"},"brands":[{"id":140,"name":"Boker","slug":"boker"}],"_links":{"self":[{"href":"https:\/\/www.moskito.cz\/pl\/wp-json\/wp\/v2\/product\/218070","targetHints":{"allow":["GET"]}}],"collection":[{"href":"https:\/\/www.moskito.cz\/pl\/wp-json\/wp\/v2\/product"}],"about":[{"href":"https:\/\/www.moskito.cz\/pl\/wp-json\/wp\/v2\/types\/product"}],"replies":[{"embeddable":true,"href":"https:\/\/www.moskito.cz\/pl\/wp-json\/wp\/v2\/comments?post=218070"}],"wp:featuredmedia":[{"embeddable":true,"href":"https:\/\/www.moskito.cz\/pl\/wp-json\/wp\/v2\/media\/218071"}],"wp:attachment":[{"href":"https:\/\/www.moskito.cz\/pl\/wp-json\/wp\/v2\/media?parent=218070"}],"wp:term":[{"taxonomy":"pwb-brand","embeddable":true,"href":"https:\/\/www.moskito.cz\/pl\/wp-json\/wp\/v2\/pwb-brand?post=218070"},{"taxonomy":"product_brand","embeddable":true,"href":"https:\/\/www.moskito.cz\/pl\/wp-json\/wp\/v2\/product_brand?post=218070"},{"taxonomy":"product_cat","embeddable":true,"href":"https:\/\/www.moskito.cz\/pl\/wp-json\/wp\/v2\/product_cat?post=218070"},{"taxonomy":"product_tag","embeddable":true,"href":"https:\/\/www.moskito.cz\/pl\/wp-json\/wp\/v2\/product_tag?post=218070"}],"curies":[{"name":"wp","href":"https:\/\/api.w.org\/{rel}","templated":true}]}}