{"id":218848,"date":"2022-07-08T22:01:27","date_gmt":"2022-07-08T21:01:27","guid":{"rendered":"https:\/\/www.moskito.cz\/?post_type=product&#038;p=218848"},"modified":"2025-05-07T10:39:33","modified_gmt":"2025-05-07T09:39:33","slug":"zaviraci-nuz-extrema-ratio-t-razor-black","status":"publish","type":"product","link":"https:\/\/www.moskito.cz\/pl\/produkt\/zaviraci-nuz-extrema-ratio-t-razor-black\/","title":{"rendered":"Zav\u00edrac\u00ed N\u016f\u017e Extrema Ratio T-RAZOR BLACK"},"content":{"rendered":"<p>Zav\u00edrac\u00ed N\u016f\u017e <strong>Extrema Ratio<\/strong> T-RAZOR BLACK<\/p>\n<p>A\u017e do po\u010d\u00e1tku 20. stolet\u00ed lid\u00e9 b\u011b\u017en\u011b nosili kapesn\u00ed no\u017ee. Kv\u016fli nekontrolovateln\u00e9mu \u201ezneu\u017e\u00edv\u00e1n\u00ed\u201c v\u0161ak byly p\u0159ijaty z\u00e1kony, kter\u00e9 ur\u010dovaly, \u017ee v\u0161echny takov\u00e9 no\u017ee m\u011bly b\u00fdt u\u0159\u00edznuty na \u0161pi\u010dce \u010depele, aby se sn\u00ed\u017eila jejich nebezpe\u010dnost jako zbran\u011b. N\u011bkte\u0159\u00ed lid\u00e9 pak usoudili, \u017ee nejv\u011bt\u0161\u00ed \u00fa\u010dinnost z\u00edskaj\u00ed z ostr\u00e9 hrany tradi\u010dn\u011b ploch\u00e9ho tvaru \u010depele, a za\u010dali nosit b\u0159itvy. Holic\u00ed strojek byl tedy n\u011bjakou dobu pova\u017eov\u00e1n za d\u011bsivou zbra\u0148 sebeobrany. Takov\u00e9 \u201ezneu\u017eit\u00ed\u201c b\u011b\u017en\u00e9 \u017eiletky inspirovalo n\u00e1\u0161 design T-RAZOR. Dostupn\u00e9 verze: T-RAZOR BLACK, T-RAZOR SATIN.<\/p>\n<p>V\u00c1HA G: 130<br \/>\nHMOTNOST OZ.: 4,6<br \/>\nD\u00c9LKA \u010cEPELE (MM): 100<br \/>\nD\u00c9LKA \u010cEPELE (IN): 3,9<br \/>\nCELKOV\u00c1 D\u00c9LKA (MM): 243<br \/>\nCELKOV\u00c1 D\u00c9LKA (V): 9,6<br \/>\nTLOU\u0160\u0164KA \u010cEPELE (MM): 3<br \/>\nTLOU\u0160\u0164KA \u010cEPELE (IN): 0,12<br \/>\nMATERI\u00c1L \u010cEPELE: B\u00d6HLER N690 STEEL (58HRC)<br \/>\nPOVRCHOV\u00c1 \u00daPRAVA NO\u017dE: LEHEN\u00cd MIL-C-13924<br \/>\nHLAVN\u00cd M\u0158\u00cd\u017dKA: B\u0159itva<br \/>\nMATERI\u00c1L RUKOJETI: ANTIKOROD\u00c1LN\u00cd ELOXOVAN\u00dd HLIN\u00cdK<\/p>\n","protected":false},"excerpt":{"rendered":"<p>Spole\u010dnost\u00a0<strong>Extrema Ratio<\/strong>\u00a0se s\u00eddlem v italsk\u00e9m Pratu navrhuje a vyr\u00e1b\u00ed vysoce v\u00fdkonn\u00e9 bojov\u00e9, vojensk\u00e9, kuchy\u0148sk\u00e9, loveck\u00e9 a taktick\u00e9 no\u017ee od roku 1997 a m\u00e1 pov\u011bst vynikaj\u00edc\u00ed kvality, kter\u00e1 je v oboru vojensk\u00fdch a taktick\u00fdch no\u017e\u016f nep\u0159ekonateln\u00e1.\u00a0<strong>Doprava zdarma<\/strong>.<\/p>\n","protected":false},"featured_media":218849,"comment_status":"open","ping_status":"closed","template":"","meta":[],"pwb-brand":[267],"product_brand":[],"product_cat":[22,17],"product_tag":[3667],"class_list":{"0":"post-218848","1":"product","2":"type-product","3":"status-publish","4":"has-post-thumbnail","6":"pwb-brand-extrema-ratio","7":"product_cat-zaviraci-noze","8":"product_cat-noze","9":"product_tag-b2b","11":"first","12":"instock","13":"taxable","14":"shipping-taxable","15":"purchasable","16":"product-type-simple"},"brands":[{"id":267,"name":"Extrema Ratio","slug":"extrema-ratio"}],"_links":{"self":[{"href":"https:\/\/www.moskito.cz\/pl\/wp-json\/wp\/v2\/product\/218848","targetHints":{"allow":["GET"]}}],"collection":[{"href":"https:\/\/www.moskito.cz\/pl\/wp-json\/wp\/v2\/product"}],"about":[{"href":"https:\/\/www.moskito.cz\/pl\/wp-json\/wp\/v2\/types\/product"}],"replies":[{"embeddable":true,"href":"https:\/\/www.moskito.cz\/pl\/wp-json\/wp\/v2\/comments?post=218848"}],"wp:featuredmedia":[{"embeddable":true,"href":"https:\/\/www.moskito.cz\/pl\/wp-json\/wp\/v2\/media\/218849"}],"wp:attachment":[{"href":"https:\/\/www.moskito.cz\/pl\/wp-json\/wp\/v2\/media?parent=218848"}],"wp:term":[{"taxonomy":"pwb-brand","embeddable":true,"href":"https:\/\/www.moskito.cz\/pl\/wp-json\/wp\/v2\/pwb-brand?post=218848"},{"taxonomy":"product_brand","embeddable":true,"href":"https:\/\/www.moskito.cz\/pl\/wp-json\/wp\/v2\/product_brand?post=218848"},{"taxonomy":"product_cat","embeddable":true,"href":"https:\/\/www.moskito.cz\/pl\/wp-json\/wp\/v2\/product_cat?post=218848"},{"taxonomy":"product_tag","embeddable":true,"href":"https:\/\/www.moskito.cz\/pl\/wp-json\/wp\/v2\/product_tag?post=218848"}],"curies":[{"name":"wp","href":"https:\/\/api.w.org\/{rel}","templated":true}]}}