{"id":218874,"date":"2022-07-08T22:20:17","date_gmt":"2022-07-08T21:20:17","guid":{"rendered":"https:\/\/www.moskito.cz\/?post_type=product&#038;p=218874"},"modified":"2025-05-07T10:39:34","modified_gmt":"2025-05-07T09:39:34","slug":"zaviraci-nuz-extrema-ratio-bf2-cd-black-ruvido","status":"publish","type":"product","link":"https:\/\/www.moskito.cz\/pl\/produkt\/zaviraci-nuz-extrema-ratio-bf2-cd-black-ruvido\/","title":{"rendered":"Zav\u00edrac\u00ed N\u016f\u017e Extrema Ratio BF2 CD BLACK RUVIDO"},"content":{"rendered":"<p>Zav\u00edrac\u00ed N\u016f\u017e <strong>Extrema Ratio<\/strong> BF2 CD BLACK RUVIDO<\/p>\n<p>BF2 jsou zav\u00edrac\u00ed no\u017ee \u201eFull size\u201c vhodn\u00e9 zejm\u00e9na pro profesion\u00e1ln\u00ed pou\u017eit\u00ed vojensk\u00fdmi nebo policejn\u00edmi pracovn\u00edky v ter\u00e9nu. Rukoje\u0165 je pevn\u00e1 a pohodln\u00e1, p\u0159i\u010dem\u017e oboustrann\u00e1 spona se st\u00e1v\u00e1 u\u017eite\u010dn\u00fdm a pohodln\u00fdm op\u011brn\u00fdm bodem pro palec p\u0159i \u201eobr\u00e1cen\u00e9m\u201c uchopen\u00ed. Charakteristick\u00e9 sn\u00ed\u017een\u00e9 ploch\u00e9 oblasti v rukojeti umo\u017e\u0148uj\u00ed p\u0159\u00edstup k otev\u00edrac\u00edm \u201ekol\u00edk\u016fm\u201c, kter\u00e9 p\u0159i zav\u0159en\u00ed nevy\u010dn\u00edvaj\u00ed z no\u017ee. Ploch\u00e1 \u010depel je k dispozici ve tvaru drop-point nebo tanto s extra silnou a pevnou \u0161pi\u010dkou (jako u modelu BF1). Proslul\u00fd syst\u00e9m blokov\u00e1n\u00ed \u010depel\u00ed LINER-LOCK je sp\u00e1rov\u00e1n s ru\u010dn\u011b aktivovan\u00fdm sekund\u00e1rn\u00edm blokovac\u00edm syst\u00e9mem chr\u00e1n\u011bn\u00fdm carterem. Dostupn\u00e9 verze: BF2 CT BLACK, BF2 CT BLACK ROUGH, BF2 CT DESERT WARFARE, BF2 CT STONE WASHED, BF2 CD BLACK, BF2 CD BLACK ROUGH, BF2 CD DESERT WARFARE, BF2 CD STONE WASHED.<br \/>\nV\u00c1HA G: 142<br \/>\nHMOTNOST OZ.: 5<br \/>\nD\u00c9LKA \u010cEPELE (MM): 87<br \/>\nD\u00c9LKA \u010cEPELE (IN): 3,4<br \/>\nCELKOV\u00c1 D\u00c9LKA (MM): 213<br \/>\nCELKOV\u00c1 D\u00c9LKA (IN): 8,4<br \/>\nTLOU\u0160\u0164KA \u010cEPELE (MM): 3<br \/>\nTLOU\u0160\u0164KA \u010cEPELE (IN): 0,12<br \/>\nMATERI\u00c1L \u010cEPELE: B\u00d6HLER N690 STEEL (58HRC)<br \/>\nPOVRCHOV\u00c1 \u00daPRAVA NO\u017dE: LEHEN\u00cd MIL-C-13924<br \/>\nHLAVN\u00cd M\u0158\u00cd\u017dKA: PLOCH\u00c1<br \/>\nMATERI\u00c1L RUKOJETI: ANTIKOROD\u00c1LN\u00cd ELOXOVAN\u00dd HLIN\u00cdK<\/p>\n","protected":false},"excerpt":{"rendered":"<p>Spole\u010dnost\u00a0<strong>Extrema Ratio<\/strong>\u00a0se s\u00eddlem v italsk\u00e9m Pratu navrhuje a vyr\u00e1b\u00ed vysoce v\u00fdkonn\u00e9 bojov\u00e9, vojensk\u00e9, kuchy\u0148sk\u00e9, loveck\u00e9 a taktick\u00e9 no\u017ee od roku 1997 a m\u00e1 pov\u011bst vynikaj\u00edc\u00ed kvality, kter\u00e1 je v oboru vojensk\u00fdch a taktick\u00fdch no\u017e\u016f nep\u0159ekonateln\u00e1.\u00a0<strong>Doprava zdarma<\/strong>.<\/p>\n","protected":false},"featured_media":218875,"comment_status":"open","ping_status":"closed","template":"","meta":[],"pwb-brand":[267],"product_brand":[],"product_cat":[22,17],"product_tag":[3667],"class_list":{"0":"post-218874","1":"product","2":"type-product","3":"status-publish","4":"has-post-thumbnail","6":"pwb-brand-extrema-ratio","7":"product_cat-zaviraci-noze","8":"product_cat-noze","9":"product_tag-b2b","11":"first","12":"instock","13":"taxable","14":"shipping-taxable","15":"purchasable","16":"product-type-simple"},"brands":[{"id":267,"name":"Extrema Ratio","slug":"extrema-ratio"}],"_links":{"self":[{"href":"https:\/\/www.moskito.cz\/pl\/wp-json\/wp\/v2\/product\/218874","targetHints":{"allow":["GET"]}}],"collection":[{"href":"https:\/\/www.moskito.cz\/pl\/wp-json\/wp\/v2\/product"}],"about":[{"href":"https:\/\/www.moskito.cz\/pl\/wp-json\/wp\/v2\/types\/product"}],"replies":[{"embeddable":true,"href":"https:\/\/www.moskito.cz\/pl\/wp-json\/wp\/v2\/comments?post=218874"}],"wp:featuredmedia":[{"embeddable":true,"href":"https:\/\/www.moskito.cz\/pl\/wp-json\/wp\/v2\/media\/218875"}],"wp:attachment":[{"href":"https:\/\/www.moskito.cz\/pl\/wp-json\/wp\/v2\/media?parent=218874"}],"wp:term":[{"taxonomy":"pwb-brand","embeddable":true,"href":"https:\/\/www.moskito.cz\/pl\/wp-json\/wp\/v2\/pwb-brand?post=218874"},{"taxonomy":"product_brand","embeddable":true,"href":"https:\/\/www.moskito.cz\/pl\/wp-json\/wp\/v2\/product_brand?post=218874"},{"taxonomy":"product_cat","embeddable":true,"href":"https:\/\/www.moskito.cz\/pl\/wp-json\/wp\/v2\/product_cat?post=218874"},{"taxonomy":"product_tag","embeddable":true,"href":"https:\/\/www.moskito.cz\/pl\/wp-json\/wp\/v2\/product_tag?post=218874"}],"curies":[{"name":"wp","href":"https:\/\/api.w.org\/{rel}","templated":true}]}}