{"id":219131,"date":"2022-07-09T23:47:13","date_gmt":"2022-07-09T22:47:13","guid":{"rendered":"https:\/\/www.moskito.cz\/?post_type=product&#038;p=219131"},"modified":"2025-05-07T10:39:37","modified_gmt":"2025-05-07T09:39:37","slug":"pevny-nuz-extrema-ratio-dobermann-iv-africa","status":"publish","type":"product","link":"https:\/\/www.moskito.cz\/pl\/produkt\/pevny-nuz-extrema-ratio-dobermann-iv-africa\/","title":{"rendered":"Pevn\u00fd N\u016f\u017e Extrema Ratio DOBERMANN IV AFRICA"},"content":{"rendered":"<p>Pevn\u00fd N\u016f\u017e <strong>Extrema Ratio<\/strong> DOBERMANN IV AFRICA<\/p>\n<p><strong>Dobermann IV<\/strong> Africa je n\u016f\u017e v\u011bnovan\u00fd profesion\u00e1ln\u00edm lovc\u016fm. Ocel \u010depele je Bohler N690, rakousk\u00e1 nerezov\u00e1 ocel obohacen\u00e1 o chrom, vanad, molybden a kobalt, jej\u00ed\u017e charakteristick\u00e9 rysy jsou tvrdost (nezbytn\u00e1 pro dosa\u017een\u00ed vysoce efektivn\u00edho ost\u0159en\u00ed) a zachov\u00e1n\u00ed vysok\u00e9 pru\u017enosti. <strong>Dobermann IV<\/strong> Africa se dod\u00e1v\u00e1 se dv\u011bma r\u016fzn\u00fdmi rukoje\u0165mi: jednou z palisandru santos a jednou z forprenu. U\u017eivatel tak m\u016f\u017ee snadno m\u011bnit rukoje\u0165 podle sv\u00fdch pot\u0159eb. Nav\u00edc bude dod\u00e1v\u00e1n s italsk\u00fdm ru\u010dn\u011b vyroben\u00fdm ko\u017een\u00fdm pouzdrem, o\u0159ez\u00e1v\u00e1tkem a marl\u00ednov\u00fdm hrotem z nerezov\u00e9 oceli.<\/p>\n<p>WEIGHT G.: 368,5<br \/>\nWEIGHT OZ.: 13<br \/>\nBLADE LENGTH (MM): 185<br \/>\nBLADE LENGTH (IN): 7.3<br \/>\nTOTAL LENGTH (MM): 337<br \/>\nTOTAL LENGTH (IN): 13,3<br \/>\nBLADE THICKNESS (MM): 6,3<br \/>\nBLADE THICKNESS (IN): 0,25<br \/>\nBLADE MATERIAL: B\u00d6HLER N690 STEEL (58HRC)<br \/>\nBLADE FINISHING: SATIN<br \/>\nMAIN GRID: FLAT<br \/>\nHANDLE MATERIAL: WOOD<\/p>\n","protected":false},"excerpt":{"rendered":"<p>Spole\u010dnost\u00a0<strong>Extrema Ratio<\/strong>\u00a0se s\u00eddlem v italsk\u00e9m Pratu navrhuje a vyr\u00e1b\u00ed vysoce v\u00fdkonn\u00e9 bojov\u00e9, vojensk\u00e9, kuchy\u0148sk\u00e9, loveck\u00e9 a taktick\u00e9 no\u017ee od roku 1997 a m\u00e1 pov\u011bst vynikaj\u00edc\u00ed kvality, kter\u00e1 je v oboru vojensk\u00fdch a taktick\u00fdch no\u017e\u016f nep\u0159ekonateln\u00e1.\u00a0<strong>Doprava zdarma<\/strong>.<\/p>\n","protected":false},"featured_media":219132,"comment_status":"open","ping_status":"closed","template":"","meta":[],"pwb-brand":[267],"product_brand":[],"product_cat":[23,17],"product_tag":[3667],"class_list":{"0":"post-219131","1":"product","2":"type-product","3":"status-publish","4":"has-post-thumbnail","6":"pwb-brand-extrema-ratio","7":"product_cat-pevne-noze","8":"product_cat-noze","9":"product_tag-b2b","11":"first","12":"instock","13":"taxable","14":"shipping-taxable","15":"purchasable","16":"product-type-simple"},"brands":[{"id":267,"name":"Extrema Ratio","slug":"extrema-ratio"}],"_links":{"self":[{"href":"https:\/\/www.moskito.cz\/pl\/wp-json\/wp\/v2\/product\/219131","targetHints":{"allow":["GET"]}}],"collection":[{"href":"https:\/\/www.moskito.cz\/pl\/wp-json\/wp\/v2\/product"}],"about":[{"href":"https:\/\/www.moskito.cz\/pl\/wp-json\/wp\/v2\/types\/product"}],"replies":[{"embeddable":true,"href":"https:\/\/www.moskito.cz\/pl\/wp-json\/wp\/v2\/comments?post=219131"}],"wp:featuredmedia":[{"embeddable":true,"href":"https:\/\/www.moskito.cz\/pl\/wp-json\/wp\/v2\/media\/219132"}],"wp:attachment":[{"href":"https:\/\/www.moskito.cz\/pl\/wp-json\/wp\/v2\/media?parent=219131"}],"wp:term":[{"taxonomy":"pwb-brand","embeddable":true,"href":"https:\/\/www.moskito.cz\/pl\/wp-json\/wp\/v2\/pwb-brand?post=219131"},{"taxonomy":"product_brand","embeddable":true,"href":"https:\/\/www.moskito.cz\/pl\/wp-json\/wp\/v2\/product_brand?post=219131"},{"taxonomy":"product_cat","embeddable":true,"href":"https:\/\/www.moskito.cz\/pl\/wp-json\/wp\/v2\/product_cat?post=219131"},{"taxonomy":"product_tag","embeddable":true,"href":"https:\/\/www.moskito.cz\/pl\/wp-json\/wp\/v2\/product_tag?post=219131"}],"curies":[{"name":"wp","href":"https:\/\/api.w.org\/{rel}","templated":true}]}}