{"id":219219,"date":"2022-07-10T09:36:46","date_gmt":"2022-07-10T08:36:46","guid":{"rendered":"https:\/\/www.moskito.cz\/?post_type=product&#038;p=219219"},"modified":"2025-05-07T10:39:38","modified_gmt":"2025-05-07T09:39:38","slug":"pevny-nuz-extrema-ratio-giant-mamba-desert","status":"publish","type":"product","link":"https:\/\/www.moskito.cz\/pl\/produkt\/pevny-nuz-extrema-ratio-giant-mamba-desert\/","title":{"rendered":"Pevn\u00fd N\u016f\u017e Extrema Ratio GIANT MAMBA DESERT"},"content":{"rendered":"<p>Pevn\u00fd N\u016f\u017e <strong>Extrema Ratio<\/strong> GIANT MAMBA DESERT<\/p>\n<p>Giant Mamba m\u00e1 6,3 mm silnou, 58 HRC B\u00f6hler N690 ocelovou \u010depel tanto s hladk\u00fdm ost\u0159\u00edm a plnou d\u00e9lkou pro lehkost, povrchovou \u00fapravu v \u010dern\u00e9 nebo kamenn\u00e9 barv\u011b. Rukoje\u0165 Forprene je p\u0159ipevn\u011bna z\u00e1vitovou \u010depi\u010dkou, d\u00edky kter\u00e9 je n\u016f\u017e pevn\u00fd a dob\u0159e vyv\u00e1\u017een\u00fd. Vst\u0159ikovan\u00fd nylon odoln\u00fd proti n\u00e1razu, M.O.L.L.E. kompatibiln\u00ed pochva m\u00e1 tlumic\u00ed syst\u00e9m, kter\u00fd zabra\u0148uje chrast\u011bn\u00ed \u010depele, bezpe\u010dnostn\u00ed smy\u010dku se dv\u011bma tla\u010d\u00edtky, pogumovan\u00fd stehenn\u00ed popruh proti rotaci a pojistku, kter\u00e1 se uvoln\u00ed jednoduch\u00fdm stisknut\u00edm spou\u0161t\u011b. Nov\u00e1 \u0159ada no\u017e\u016f minimalizuje tlou\u0161\u0165ku a objem, ani\u017e by \u0161et\u0159ila na hou\u017eevnatosti a bezpe\u010dnosti.<\/p>\n<p>V\u00c1HA G: 289<br \/>\nHMOTNOST OZ.: 10,19<br \/>\nD\u00c9LKA \u010cEPELE (MM): 163<br \/>\nD\u00c9LKA \u010cEPELE (IN): 6,41<br \/>\nCELKOV\u00c1 D\u00c9LKA (MM): 293<br \/>\nCELKOV\u00c1 D\u00c9LKA (V): 11,53<br \/>\nTLOU\u0160\u0164KA \u010cEPELE (MM): 6,3<br \/>\nTLOU\u0160\u0164KA \u010cEPELE (IN): 0,24<br \/>\nMATERI\u00c1L \u010cEPELE: B\u00d6HLER N690 STEEL (58HRC)<br \/>\nPOVRCHOV\u00c1 \u00daPRAVA \u010cEPELE: MYT\u00dd KAMENEM<br \/>\nHLAVN\u00cd M\u0158\u00cd\u017dKA: PLOCH\u00c1<br \/>\nMATERI\u00c1L RUKOJETI: FORPRENE<\/p>\n","protected":false},"excerpt":{"rendered":"<p>Spole\u010dnost\u00a0<strong>Extrema Ratio<\/strong>\u00a0se s\u00eddlem v italsk\u00e9m Pratu navrhuje a vyr\u00e1b\u00ed vysoce v\u00fdkonn\u00e9 bojov\u00e9, vojensk\u00e9, kuchy\u0148sk\u00e9, loveck\u00e9 a taktick\u00e9 no\u017ee od roku 1997 a m\u00e1 pov\u011bst vynikaj\u00edc\u00ed kvality, kter\u00e1 je v oboru vojensk\u00fdch a taktick\u00fdch no\u017e\u016f nep\u0159ekonateln\u00e1.\u00a0<strong>Doprava zdarma<\/strong>.<\/p>\n","protected":false},"featured_media":219220,"comment_status":"open","ping_status":"closed","template":"","meta":[],"pwb-brand":[267],"product_brand":[],"product_cat":[23,17],"product_tag":[3667],"class_list":{"0":"post-219219","1":"product","2":"type-product","3":"status-publish","4":"has-post-thumbnail","6":"pwb-brand-extrema-ratio","7":"product_cat-pevne-noze","8":"product_cat-noze","9":"product_tag-b2b","11":"first","12":"instock","13":"taxable","14":"shipping-taxable","15":"purchasable","16":"product-type-simple"},"brands":[{"id":267,"name":"Extrema Ratio","slug":"extrema-ratio"}],"_links":{"self":[{"href":"https:\/\/www.moskito.cz\/pl\/wp-json\/wp\/v2\/product\/219219","targetHints":{"allow":["GET"]}}],"collection":[{"href":"https:\/\/www.moskito.cz\/pl\/wp-json\/wp\/v2\/product"}],"about":[{"href":"https:\/\/www.moskito.cz\/pl\/wp-json\/wp\/v2\/types\/product"}],"replies":[{"embeddable":true,"href":"https:\/\/www.moskito.cz\/pl\/wp-json\/wp\/v2\/comments?post=219219"}],"wp:featuredmedia":[{"embeddable":true,"href":"https:\/\/www.moskito.cz\/pl\/wp-json\/wp\/v2\/media\/219220"}],"wp:attachment":[{"href":"https:\/\/www.moskito.cz\/pl\/wp-json\/wp\/v2\/media?parent=219219"}],"wp:term":[{"taxonomy":"pwb-brand","embeddable":true,"href":"https:\/\/www.moskito.cz\/pl\/wp-json\/wp\/v2\/pwb-brand?post=219219"},{"taxonomy":"product_brand","embeddable":true,"href":"https:\/\/www.moskito.cz\/pl\/wp-json\/wp\/v2\/product_brand?post=219219"},{"taxonomy":"product_cat","embeddable":true,"href":"https:\/\/www.moskito.cz\/pl\/wp-json\/wp\/v2\/product_cat?post=219219"},{"taxonomy":"product_tag","embeddable":true,"href":"https:\/\/www.moskito.cz\/pl\/wp-json\/wp\/v2\/product_tag?post=219219"}],"curies":[{"name":"wp","href":"https:\/\/api.w.org\/{rel}","templated":true}]}}