{"id":219747,"date":"2022-07-13T20:50:26","date_gmt":"2022-07-13T19:50:26","guid":{"rendered":"https:\/\/www.moskito.cz\/?post_type=product&#038;p=219747"},"modified":"2025-05-07T10:39:52","modified_gmt":"2025-05-07T09:39:52","slug":"zaviraci-nuz-extrema-ratio-bdo-r-hcs","status":"publish","type":"product","link":"https:\/\/www.moskito.cz\/pl\/produkt\/zaviraci-nuz-extrema-ratio-bdo-r-hcs\/","title":{"rendered":"Zav\u00edrac\u00ed N\u016f\u017e Extrema Ratio BD\u00d8 R HCS"},"content":{"rendered":"<p>Zav\u00edrac\u00ed N\u016f\u017e <strong>Extrema Ratio<\/strong> BD\u00d8 R HCS<\/p>\n<p>BD\u00d8 R HCS, tenk\u00fd, ultralehk\u00fd 52 g, univerz\u00e1ln\u00ed EDC. Extrema Ratio hrd\u011b p\u0159edstavuje dal\u0161\u00ed zav\u00edrac\u00ed n\u016f\u017e z \u0159ady Basic Folder. Vybaveno n\u00e1stavcem hlavy \/ p\u00e1kou pro rychl\u00e9 otev\u0159en\u00ed syst\u00e9mu vysokorychlostn\u00edho otev\u00edr\u00e1n\u00ed b\u0159itvy. \u0158ezn\u00e9 schopnosti no\u017ee jsou ve srovn\u00e1n\u00ed s jeho vzhledem p\u0159ekvapiv\u00e9.<\/p>\n<p>\u010cepel &#8211; extr\u00e9mn\u011b ostr\u00e1 s profilem Dagger a tlou\u0161\u0165kou 2,5 mm. Je vyrobena z ostr\u00e9, odoln\u00e9 vysoce kobaltov\u00e9 nerezov\u00e9 oceli N690 o tvrdosti 58 HRC, vyroben\u00e9 rakouskou ocel\u00e1rnou B\u00f6hler-Uddeholm. Kl\u00edn je zakon\u010den antireflexn\u00ed vrstvou Stone Washed, kter\u00e1 maskuje drobn\u00e9 \u0161kr\u00e1bance. Hladk\u00e1 hrana Plain je odvozena od brou\u0161en\u00ed Full Flat Grind, kter\u00e9 poskytuje pevnost, vynikaj\u00edc\u00ed geometrii b\u0159itu a extr\u00e9mn\u00ed \u0159ezn\u00fd v\u00fdkon. Robustn\u00ed z\u00e1mek Liner-Lock.<\/p>\n<p>Rukoje\u0165 v barv\u011b HCS (Hybrid Coyote Sage). Vlo\u017eky z nerezov\u00e9 oceli a vlo\u017eky rukojeti z technopolymeru (vyztu\u017een\u00fd nylon) poskytuj\u00ed lehkou a struktur\u00e1ln\u00ed pevnost. Konstrukce s otev\u0159enou zadn\u00ed stranou zjednodu\u0161uje \u010di\u0161t\u011bn\u00ed a \u00fadr\u017ebu. Pevn\u00e1 kovov\u00e1 spona s hlubokou kapsou umo\u017e\u0148uje nosit n\u016f\u017e hluboko (diskr\u00e9tn\u011b) v kapse ve vyklopen\u00e9 poloze.<\/p>\n<p>Technopolymer &#8211; naz\u00fdvan\u00fd tak\u00e9 kovov\u00fd n\u00e1stupce. Modern\u00ed materi\u00e1l s vysok\u00fdm procentem skeln\u00fdch vl\u00e1ken spojen\u00fdch s polymern\u00ed b\u00e1z\u00ed a p\u0159\u00edtomnost\u00ed (\u010di ne) aramidu, (syntetick\u00e1 vl\u00e1kna, kam pat\u0159\u00ed mimo jin\u00e9 Kevlar). Vyzna\u010duje se neobvykl\u00fdmi mechanick\u00fdmi a tepeln\u00fdmi parametry. V\u00fdhody: odoln\u00fd proti korozi, n\u00edzk\u00e1 hmotnost, bez\u00fadr\u017ebov\u00fd (n\u00edzk\u00fd koeficient t\u0159en\u00ed), elektrick\u00e1 izolace (zabra\u0148uje veden\u00ed elekt\u0159iny), \u017e\u00e1dn\u00e1 reakce na magnetick\u00e9 pole, jak\u00e9koliv barvy.<\/p>\n<p>V\u00c1HA G.: 52<br \/>\nHMOTNOST OZ.: 1,83<br \/>\nD\u00c9LKA \u010cEPELE (MM): 60<br \/>\nD\u00c9LKA \u010cEPELE (IN): 2,36<br \/>\nCELKOV\u00c1 D\u00c9LKA (MM): 145<br \/>\nCELKOV\u00c1 D\u00c9LKA (V): 5,70<br \/>\nTLOU\u0160\u0164KA \u010cEPELE (MM): 2,5<br \/>\nTLOU\u0160\u0164KA \u010cEPELE (IN): 0,098<br \/>\nMATERI\u00c1L \u010cEPELE: B\u00d6HLER N690 STEEL (58HRC)<br \/>\nPOVRCHOV\u00c1 \u00daPRAVA \u010cEPELE: MYT\u00dd KAMENEM<br \/>\nHLAVN\u00cd M\u0158\u00cd\u017dKA: PLOCH\u00c1<br \/>\nMATERI\u00c1L RUKOJETI: NYLON<\/p>\n","protected":false},"excerpt":{"rendered":"<p>Spole\u010dnost\u00a0<strong>Extrema Ratio<\/strong>\u00a0se s\u00eddlem v italsk\u00e9m Pratu navrhuje a vyr\u00e1b\u00ed vysoce v\u00fdkonn\u00e9 bojov\u00e9, vojensk\u00e9, kuchy\u0148sk\u00e9, loveck\u00e9 a taktick\u00e9 no\u017ee od roku 1997 a m\u00e1 pov\u011bst vynikaj\u00edc\u00ed kvality, kter\u00e1 je v oboru vojensk\u00fdch a taktick\u00fdch no\u017e\u016f nep\u0159ekonateln\u00e1.<\/p>\n","protected":false},"featured_media":219748,"comment_status":"open","ping_status":"closed","template":"","meta":[],"pwb-brand":[267],"product_brand":[],"product_cat":[22,17],"product_tag":[3667],"class_list":{"0":"post-219747","1":"product","2":"type-product","3":"status-publish","4":"has-post-thumbnail","6":"pwb-brand-extrema-ratio","7":"product_cat-zaviraci-noze","8":"product_cat-noze","9":"product_tag-b2b","11":"first","12":"instock","13":"taxable","14":"shipping-taxable","15":"purchasable","16":"product-type-simple"},"brands":[{"id":267,"name":"Extrema Ratio","slug":"extrema-ratio"}],"_links":{"self":[{"href":"https:\/\/www.moskito.cz\/pl\/wp-json\/wp\/v2\/product\/219747","targetHints":{"allow":["GET"]}}],"collection":[{"href":"https:\/\/www.moskito.cz\/pl\/wp-json\/wp\/v2\/product"}],"about":[{"href":"https:\/\/www.moskito.cz\/pl\/wp-json\/wp\/v2\/types\/product"}],"replies":[{"embeddable":true,"href":"https:\/\/www.moskito.cz\/pl\/wp-json\/wp\/v2\/comments?post=219747"}],"wp:featuredmedia":[{"embeddable":true,"href":"https:\/\/www.moskito.cz\/pl\/wp-json\/wp\/v2\/media\/219748"}],"wp:attachment":[{"href":"https:\/\/www.moskito.cz\/pl\/wp-json\/wp\/v2\/media?parent=219747"}],"wp:term":[{"taxonomy":"pwb-brand","embeddable":true,"href":"https:\/\/www.moskito.cz\/pl\/wp-json\/wp\/v2\/pwb-brand?post=219747"},{"taxonomy":"product_brand","embeddable":true,"href":"https:\/\/www.moskito.cz\/pl\/wp-json\/wp\/v2\/product_brand?post=219747"},{"taxonomy":"product_cat","embeddable":true,"href":"https:\/\/www.moskito.cz\/pl\/wp-json\/wp\/v2\/product_cat?post=219747"},{"taxonomy":"product_tag","embeddable":true,"href":"https:\/\/www.moskito.cz\/pl\/wp-json\/wp\/v2\/product_tag?post=219747"}],"curies":[{"name":"wp","href":"https:\/\/api.w.org\/{rel}","templated":true}]}}