{"id":219878,"date":"2022-07-14T15:11:37","date_gmt":"2022-07-14T14:11:37","guid":{"rendered":"https:\/\/www.moskito.cz\/?post_type=product&#038;p=219878"},"modified":"2025-06-20T14:18:07","modified_gmt":"2025-06-20T13:18:07","slug":"vystrelovaci-nuz-microtech-makora-carbon-fiber-nickel-boron-internals-bronze-dagger-206-13cfis","status":"publish","type":"product","link":"https:\/\/www.moskito.cz\/pl\/produkt\/vystrelovaci-nuz-microtech-makora-carbon-fiber-nickel-boron-internals-bronze-dagger-206-13cfis\/","title":{"rendered":"Vyst\u0159elovac\u00ed N\u016f\u017e Microtech Makora Carbon Fiber Nickel Boron Internals Bronze Dagger 206-13CFIS"},"content":{"rendered":"<p>Vyst\u0159elovac\u00ed N\u016f\u017e Microtech Makora Carbon Fiber Nickel Boron Internals Bronze Dagger 206-13CFIS<\/p>\n<p>Bronzovan\u00e1 dvoub\u0159it\u00e1 \u010depel ve tvaru d\u00fdky s dr\u00e1\u017ekou na z\u00e1kladn\u011b. Jimped palcov\u00fd posuvn\u00edk pro snadno pou\u017eitelnou dvoj\u00ed akci. \u010cern\u00e1 hlin\u00edkov\u00e1 rukoje\u0165 s vlo\u017ekami z uhl\u00edkov\u00fdch vl\u00e1ken.<br \/>\nKapesn\u00ed spona s apokalyptickou povrchovou \u00fapravou s klasick\u00fdm ryt\u00edm mravenc\u016f. Balen\u00ed Signature Series a podepsan\u00fd kapesn\u00ed klip.<\/p>\n<p>T\u00e9m\u011b\u0159 20 let po sv\u00e9m prvn\u00edm vyd\u00e1n\u00ed se Makora vrac\u00ed! Tento klasick\u00fd n\u016f\u017e Microtech OTF byl o\u017eiven aktualizovan\u00fdm designem a vylep\u0161enou technologi\u00ed. I kdy\u017e se zd\u00e1 velmi podobn\u00fd Microtech Ultratech, m\u016f\u017ee se pochlubit n\u011bkter\u00fdmi jemn\u00fdmi \u2013 a n\u011bkter\u00fdmi v\u00e1\u017en\u00fdmi \u2013 rozd\u00edly. Je o n\u011bco tlust\u0161\u00ed, o n\u011bco leh\u010d\u00ed a m\u00e1 \u0161pi\u010datou rukoje\u0165 a aktualizovan\u00fd rozb\u00edje\u010d skla. Ob\u011b strany rukojeti jsou zasazeny materi\u00e1lem zlep\u0161uj\u00edc\u00edm p\u0159ilnavost z uhl\u00edkov\u00fdch vl\u00e1ken a horn\u00ed a spodn\u00ed \u010d\u00e1st rukojeti m\u00e1 otvory, kter\u00e9 spolupracuj\u00ed s dr\u00e1\u017ekov\u00e1n\u00edm na z\u00e1kladn\u011b \u010depele, aby byla pod vodou funk\u010dn\u011bj\u0161\u00ed. \u010cinnost no\u017ee je umocn\u011bna vnit\u0159n\u00edmi \u010d\u00e1stmi z niklu a b\u00f3ru, kter\u00e9 sni\u017euj\u00ed t\u0159en\u00ed a zlep\u0161uj\u00ed konzistenci. Tato nov\u00e1 Makora ukazuje, jak daleko Microtech za\u0161el a dokazuje jejich oddanost sv\u00fdm ko\u0159en\u016fm.<\/p>\n<p>Hled\u00e1te dal\u0161\u00ed no\u017ee Microtech s exkluzivn\u00edm n\u00e1dechem? Pod\u00edvejte se na dal\u0161\u00ed \u010dleny Signature Series, jedine\u010dn\u00e9ho v\u00fdb\u011bru pro superfanou\u0161ky Microtech!<br \/>\nCelkov\u00e1 d\u00e9lka: 9,44\u2033 (239,7125 mm)<\/p>\n<p>D\u00e9lka v zav\u0159en\u00e9m stavu: 6,19\u2033 (157,15 mm)<br \/>\nD\u00e9lka \u010depele: 3,25\u2033 (82,55 mm)<br \/>\nTlou\u0161\u0165ka \u010depele: 0,125\u2033 (3,175 mm)<br \/>\nStyl okraje: Oby\u010dejn\u00fd<br \/>\nMateri\u00e1l rukojeti: \u010dern\u00fd hlin\u00edk<br \/>\nKapesn\u00ed klip: Tip-Down<br \/>\nHmotnost: 3,4 oz ( 96,39 g)<\/p>\n","protected":false},"excerpt":{"rendered":"<div class=\"elementor-element elementor-element-bbb542b elementor-widget elementor-widget-woocommerce-product-short-description\" data-id=\"bbb542b\" data-element_type=\"widget\" data-widget_type=\"woocommerce-product-short-description.default\">\n<div class=\"elementor-widget-container\">\n<div class=\"woocommerce-product-details__short-description\">\n<div class=\"elementor-element elementor-element-bbb542b elementor-widget elementor-widget-woocommerce-product-short-description\" data-id=\"bbb542b\" data-element_type=\"widget\" data-widget_type=\"woocommerce-product-short-description.default\">\n<div class=\"elementor-widget-container\">\n<div class=\"woocommerce-product-details__short-description\">\n<p>V pr\u016fb\u011bhu let\u00a0<strong>Microtech\u00ae Knives<\/strong> naplnil v\u00e1\u0161n\u00ed a dovednost\u00ed v\u00fdrobu no\u017e\u016f, a\u017e z nich vytvo\u0159il t\u00e9m\u011b\u0159 um\u011bleck\u00e1 d\u00edla,kter\u00e9 jsou vrcholem funk\u010dnosti. V\u0161echny d\u00edly jsou vyrobeny v USA.<br \/>\n<strong>Na v\u0161echny no\u017ee Microtech je do\u017eivotn\u00ed z\u00e1ruka.<\/strong><\/p>\n<p><strong>Doprava zdarma.<\/strong><\/p>\n<\/div>\n<\/div>\n<\/div>\n<\/div>\n<\/div>\n<\/div>\n","protected":false},"featured_media":219879,"comment_status":"open","ping_status":"closed","template":"","meta":[],"pwb-brand":[431],"product_brand":[],"product_cat":[2019,17],"product_tag":[3667],"class_list":{"0":"post-219878","1":"product","2":"type-product","3":"status-publish","4":"has-post-thumbnail","6":"pwb-brand-microtech","7":"product_cat-vystrelovaci-noze","8":"product_cat-noze","9":"product_tag-b2b","11":"first","12":"outofstock","13":"taxable","14":"shipping-taxable","15":"purchasable","16":"product-type-simple"},"brands":[{"id":431,"name":"Microtech","slug":"microtech"}],"_links":{"self":[{"href":"https:\/\/www.moskito.cz\/pl\/wp-json\/wp\/v2\/product\/219878","targetHints":{"allow":["GET"]}}],"collection":[{"href":"https:\/\/www.moskito.cz\/pl\/wp-json\/wp\/v2\/product"}],"about":[{"href":"https:\/\/www.moskito.cz\/pl\/wp-json\/wp\/v2\/types\/product"}],"replies":[{"embeddable":true,"href":"https:\/\/www.moskito.cz\/pl\/wp-json\/wp\/v2\/comments?post=219878"}],"wp:featuredmedia":[{"embeddable":true,"href":"https:\/\/www.moskito.cz\/pl\/wp-json\/wp\/v2\/media\/219879"}],"wp:attachment":[{"href":"https:\/\/www.moskito.cz\/pl\/wp-json\/wp\/v2\/media?parent=219878"}],"wp:term":[{"taxonomy":"pwb-brand","embeddable":true,"href":"https:\/\/www.moskito.cz\/pl\/wp-json\/wp\/v2\/pwb-brand?post=219878"},{"taxonomy":"product_brand","embeddable":true,"href":"https:\/\/www.moskito.cz\/pl\/wp-json\/wp\/v2\/product_brand?post=219878"},{"taxonomy":"product_cat","embeddable":true,"href":"https:\/\/www.moskito.cz\/pl\/wp-json\/wp\/v2\/product_cat?post=219878"},{"taxonomy":"product_tag","embeddable":true,"href":"https:\/\/www.moskito.cz\/pl\/wp-json\/wp\/v2\/product_tag?post=219878"}],"curies":[{"name":"wp","href":"https:\/\/api.w.org\/{rel}","templated":true}]}}