{"id":219978,"date":"2022-07-14T21:18:21","date_gmt":"2022-07-14T20:18:21","guid":{"rendered":"https:\/\/www.moskito.cz\/?post_type=product&#038;p=219978"},"modified":"2025-05-07T10:39:57","modified_gmt":"2025-05-07T09:39:57","slug":"zaviraci-nuz-giantmouse-ace-grand-orange-g10","status":"publish","type":"product","link":"https:\/\/www.moskito.cz\/pl\/produkt\/zaviraci-nuz-giantmouse-ace-grand-orange-g10\/","title":{"rendered":"Zav\u00edrac\u00ed N\u016f\u017e GIANTMOUSE ACE GRAND &#8211; ORANGE G10"},"content":{"rendered":"<p>Zav\u00edrac\u00ed N\u016f\u017e <strong>GIANTMOUSE<\/strong> ACE GRAND &#8211; ORANGE G10<\/p>\n<p><strong>KNIVES DONE RIGHT.\u00ae<\/strong><\/p>\n<p>ACE Grand je na\u0161e EDC p\u0159\u00e1telsk\u00e1 verze obl\u00edben\u00e9ho GM5.<br \/>\nS GM5 jsme se rozhodli vytvo\u0159it n\u011bco, co jsme pova\u017eovali za \u201emagnum opus\u201c \u2013 dosud nejlep\u0161\u00ed slo\u017eku GiantMouse. Skv\u011bl\u00fd design s je\u0161t\u011b chladn\u011bj\u0161\u00edm vzhledem a povrchovou \u00fapravou. GM5 byla takov\u00e1 slo\u017eka, kter\u00e1 podle na\u0161eho n\u00e1zoru kontroluje v\u0161echna pol\u00ed\u010dka;<br \/>\n\u00da\u017easn\u00e9 materi\u00e1ly<br \/>\nSkv\u011bl\u00e1 ergonomie<br \/>\nPerfektn\u00ed st\u0159ih a zpracov\u00e1n\u00ed<br \/>\nSkv\u011bl\u00e1 ocel<br \/>\nKr\u00e1sn\u011b se nese<br \/>\nOdv\u00e1\u017en\u00fd vzhled<br \/>\nNejnov\u011bj\u0161\u00ed verze na\u0161\u00ed \u0159ady sportovn\u00edch vah ACE Grands G10 v loveck\u00e9 oran\u017eov\u00e9 a \u010depel z oceli Elmax s povrchovou \u00fapravou Stonewash.<\/p>\n<p>Ocelov\u00e1 \u010depel Elmax byla navr\u017eena tak, aby byla perfektn\u00ed pro v\u0161estrann\u00e9 pou\u017eit\u00ed, a zachovali jsme ji p\u0159esn\u011b jako v GM5. Vysok\u00fd Sabre Flat Grind z n\u011bj d\u011bl\u00e1 siln\u00fd, ale velmi \u00fa\u010dinn\u00fd kr\u00e1je\u010d a v\u00fdrazn\u00fd swedge poskytuje jemn\u00fd hrot pro penetraci bez ztr\u00e1ty s\u00edly na \u0161pi\u010dce.<\/p>\n<p>N\u00e1zev<\/p>\n<p>Grand byl pojmenov\u00e1n po jednom z na\u0161ich obl\u00edben\u00fdch hotel\u016f na na\u0161em ka\u017edoro\u010dn\u00edm turn\u00e9 po show. Grand Hotel Nuremberg je star\u00fd hotel s dlouhou histori\u00ed a SKV\u011aL\u00ddM barem! Kdy\u017e je t\u00fdm GiantMouse ka\u017ed\u00fd b\u0159ezen v Norimberku na v\u00fdstav\u011b IWA Outdoor Classics, v\u011bt\u0161ina ve\u010der\u016f bu\u010f za\u010d\u00edn\u00e1, nebo kon\u010d\u00ed (n\u011bkdy oboj\u00ed) v Atelier Baru v Grand Hotelu.<\/p>\n<p>Specifikace:<br \/>\nOcel \u010depele: Uddeholm Elmax SuperClean. Povrchov\u00e1 \u00faprava Stonewashed.<br \/>\nRukoje\u0165: Oran\u017eov\u00e1 G10.<br \/>\nBackspacer: Titan.<br \/>\nOto\u010dn\u00fd mechanismus: Kuli\u010dkov\u00e1 lo\u017eiska.<br \/>\nUzamykac\u00ed mechanismus: Liner lock.<\/p>\n<p>Rozm\u011bry:<br \/>\nD\u00e9lka \u010depele: 3,3125&#8243; (81,14 mm) &#8211; m\u011b\u0159eno od \u0161pi\u010dky k nejp\u0159edn\u011bj\u0161\u00ed stran\u011b r\u00e1mu.<br \/>\nTlou\u0161\u0165ka \u010depele: 0,157&#8243; (4 mm)<br \/>\nD\u00e9lka rukojeti: 4,5&#8243; (114,3 mm)<br \/>\nCelkov\u00e1 d\u00e9lka: 7,875&#8243; (200 mm)<br \/>\nHmotnost: 5oz (141,9g)<\/p>\n<p>&nbsp;<\/p>\n","protected":false},"excerpt":{"rendered":"<p>My\u0161lenka\u00a0<strong>GiantMouse<\/strong>\u00a0vznikla nad drinky jednoho ve\u010dera b\u011bhem americk\u00e9 show no\u017e\u016f v roce 2015. D\u00e1n\u0161t\u00ed design\u00e9\u0159i \/ no\u017e\u00ed\u0159i Jens Ans\u00f8 a Jesper Voxnaes (Vox) se spolu se sv\u00fdm americk\u00fdm podnikatelsk\u00fdm p\u0159\u00edtelem Jimem Wirthem rozhodli, \u017ee by mohli postavit lep\u0161\u00ed past na my\u0161i. mluvit. Zna\u010dka no\u017e\u016f, kter\u00e1 dok\u00e1\u017ee poskytnout \u00fa\u017easn\u00e9 designy no\u017e\u016f, s nejvy\u0161\u0161\u00ed mo\u017enou kvalitou v\u00fdroby, za f\u00e9rovou cenu a p\u0159itom z\u016fst\u00e1v\u00e1 \u00fazce zapojena do komunity sv\u00fdch z\u00e1kazn\u00edk\u016f.<\/p>\n<p><strong>Doprava zdarma.<\/strong><\/p>\n","protected":false},"featured_media":219979,"comment_status":"open","ping_status":"closed","template":"","meta":[],"pwb-brand":[3228],"product_brand":[],"product_cat":[22,17],"product_tag":[],"class_list":{"0":"post-219978","1":"product","2":"type-product","3":"status-publish","4":"has-post-thumbnail","6":"pwb-brand-giantmouse","7":"product_cat-zaviraci-noze","8":"product_cat-noze","10":"first","11":"instock","12":"taxable","13":"shipping-taxable","14":"purchasable","15":"product-type-simple"},"brands":[{"id":3228,"name":"GiantMouse","slug":"giantmouse"}],"_links":{"self":[{"href":"https:\/\/www.moskito.cz\/pl\/wp-json\/wp\/v2\/product\/219978","targetHints":{"allow":["GET"]}}],"collection":[{"href":"https:\/\/www.moskito.cz\/pl\/wp-json\/wp\/v2\/product"}],"about":[{"href":"https:\/\/www.moskito.cz\/pl\/wp-json\/wp\/v2\/types\/product"}],"replies":[{"embeddable":true,"href":"https:\/\/www.moskito.cz\/pl\/wp-json\/wp\/v2\/comments?post=219978"}],"wp:featuredmedia":[{"embeddable":true,"href":"https:\/\/www.moskito.cz\/pl\/wp-json\/wp\/v2\/media\/219979"}],"wp:attachment":[{"href":"https:\/\/www.moskito.cz\/pl\/wp-json\/wp\/v2\/media?parent=219978"}],"wp:term":[{"taxonomy":"pwb-brand","embeddable":true,"href":"https:\/\/www.moskito.cz\/pl\/wp-json\/wp\/v2\/pwb-brand?post=219978"},{"taxonomy":"product_brand","embeddable":true,"href":"https:\/\/www.moskito.cz\/pl\/wp-json\/wp\/v2\/product_brand?post=219978"},{"taxonomy":"product_cat","embeddable":true,"href":"https:\/\/www.moskito.cz\/pl\/wp-json\/wp\/v2\/product_cat?post=219978"},{"taxonomy":"product_tag","embeddable":true,"href":"https:\/\/www.moskito.cz\/pl\/wp-json\/wp\/v2\/product_tag?post=219978"}],"curies":[{"name":"wp","href":"https:\/\/api.w.org\/{rel}","templated":true}]}}