{"id":219989,"date":"2022-07-14T21:38:39","date_gmt":"2022-07-14T20:38:39","guid":{"rendered":"https:\/\/www.moskito.cz\/?post_type=product&#038;p=219989"},"modified":"2026-03-16T10:59:48","modified_gmt":"2026-03-16T09:59:48","slug":"zaviraci-nuz-giantmouse-ace-farley-slipjoint-brass","status":"publish","type":"product","link":"https:\/\/www.moskito.cz\/pl\/produkt\/zaviraci-nuz-giantmouse-ace-farley-slipjoint-brass\/","title":{"rendered":"Zav\u00edrac\u00ed N\u016f\u017e GIANTMOUSE ACE FARLEY SLIPJOINT &#8211; BRASS"},"content":{"rendered":"<p>Zav\u00edrac\u00ed N\u016f\u017e <strong>GIANTMOUSE<\/strong> ACE FARLEY SLIPJOINT &#8211; BRASS<\/p>\n<p><strong>KNIVES DONE RIGHT.\u00ae<\/strong><\/p>\n<p>P\u0159edstavujeme ACE Farley Slipjoint v mosazi.<\/p>\n<p>Kluzn\u00fd kloub m\u016f\u017ee b\u00fdt nejroz\u0161\u00ed\u0159en\u011bj\u0161\u00edm typem kapesn\u00edho no\u017ee v\u016fbec. V\u00e1\u0161 otec pravd\u011bpodobn\u011b jednu nosil. Tv\u016fj d\u011bde\u010dek t\u00e9m\u011b\u0159 jist\u011b jednu nosil. Je velmi pravd\u011bpodobn\u00e9, \u017ee va\u0161e matka dokonce m\u011bla jeden chrast\u00edc\u00ed v kabelce. Tak\u017ee kdy\u017e jsme za\u010dali navrhovat n\u00e1\u0161 pohled na slipjoint, za\u010dlenili jsme na\u0161e kolektivn\u00ed pocity odpov\u011bdnosti v\u016f\u010di p\u0159edchoz\u00edm generac\u00edm u\u017eivatel\u016f slipjointu, abychom to ud\u011blali spr\u00e1vn\u011b \u2013 abychom vytvo\u0159ili jednoduchou, ale kr\u00e1snou nezamykatelnou slo\u017eku, kter\u00e1 by ur\u010dit\u011b pot\u011b\u0161ila.<\/p>\n<p>\u010c\u00e1ry jsou d\u016fle\u017eit\u00e9. Zejm\u00e9na d\u00e1nsk\u00fdm n\u00e1vrh\u00e1\u0159\u016fm. &#8222;Linie&#8221; nebo tvar Farley byly navr\u017eeny tak, aby vzbuzovaly uzn\u00e1n\u00ed pro jemn\u011bj\u0161\u00ed v\u011bci a hrdost na vlastnictv\u00ed, proto\u017ee upout\u00e1 va\u0161i pozornost, kdy\u017e sed\u00edte na va\u0161em stole. Think Concept Car 1960 spl\u0148uje klasick\u00fd skandin\u00e1vsk\u00fd n\u016f\u017e.<\/p>\n<p>D\u016fle\u017eit\u00e1 je funkce. Zejm\u00e9na d\u00e1nsk\u00fdm n\u00e1vrh\u00e1\u0159\u016fm no\u017e\u016f. Farley byl tedy navr\u017een s dorazov\u00fdm kol\u00edkem na zav\u00edrac\u00ed stran\u011b, aby se zabr\u00e1nilo tomu, \u017ee se \u010depel dotkne pru\u017einy, pokud je zav\u0159en\u00e1 siln\u011b. S\u00edla pru\u017einy byla testov\u00e1na na n\u011bkolika vzorov\u00fdch iterac\u00edch, dokud t\u00fdm nec\u00edtil, \u017ee je tak akor\u00e1t. Pevn\u00e1 spona z ocelov\u00e9ho dr\u00e1tu udr\u017e\u00ed n\u016f\u017e bezpe\u010dn\u011b v kapse a pro lev\u00e1ky mezi n\u00e1mi ji lze p\u0159esunout na opa\u010dnou stupnici.<\/p>\n<p>D\u016fle\u017eit\u00e9 jsou detaily. V\u017edy u GiantMouse. Tak\u017ee \u010depel a pru\u017eina na Farley byly navr\u017eeny se zaoblen\u00fdmi trny. Abychom umo\u017enili optim\u00e1ln\u00ed \u00fachop p\u0159i vytahov\u00e1n\u00ed no\u017ee z kapsy, obr\u00e1b\u011bli jsme \u201ev\u00fd\u0159ezy\u201c na stupnici na ka\u017ed\u00e9 stran\u011b jimpingu. A samotn\u00fd jimping je detail, na kter\u00fd jsme hrd\u00ed a v\u00edme, \u017ee bude p\u0159\u00edjemn\u00fd na pohled i dotek.<\/p>\n<p>Jm\u00e9na jsou d\u016fle\u017eit\u00e1. U\u017e to v\u00edte, pokud vlastn\u00edte dal\u0161\u00ed no\u017ee GiantMouse. Farley byl pojmenov\u00e1n po jednom z na\u0161ich obl\u00edben\u00fdch bar\u016f, kter\u00fd se nach\u00e1z\u00ed v Cavallo Point v Sausalito v Kalifornii. Nach\u00e1z\u00ed se na severn\u00ed z\u00e1kladn\u011b Golden Gate Bridge. Cavallo Point byl domovem Fort Baker, postu americk\u00e9 arm\u00e1dy z roku 1905, kter\u00fd se nach\u00e1z\u00ed bezprost\u0159edn\u011b severn\u011b od Golden Gate Bridge. V are\u00e1lu Farley Baru se nach\u00e1z\u00ed v\u00edce ne\u017e 25 historick\u00fdch arm\u00e1dn\u00edch budov seskupen\u00fdch kolem hlavn\u00edho p\u0159ehl\u00eddkov\u00e9ho stadionu a chr\u00e1n\u011bn\u00e9ho p\u0159\u00edstavu chr\u00e1n\u011bn\u00e9ho molem poskytuj\u00edc\u00edm perspektivu ikonick\u00e9ho Golden Gate Bridge, kter\u00fd jen z\u0159\u00eddka uvid\u00edte. Nejprve jsme \u0161li za v\u00fdhledem. Vraceli jsme se znovu a znovu na \u017eivou hudbu, \u00fa\u017easn\u00e9 \u00fast\u0159ice a to\u010den\u00e1 piva.<\/p>\n<p>SPECIFIKACE<\/p>\n<p>Materi\u00e1ly:<br \/>\n\u010cepel Ocel: B\u00f6hler M390 MICROCLEAN nerezov\u00e1 ocel. Sat\u00e9nov\u00e9 proveden\u00ed.<br \/>\nRukoje\u0165: mosaz.<br \/>\nPru\u017eina a \u0161rouby: ocel.<br \/>\nKlip: ocelov\u00fd dr\u00e1t &#8211; oboustrann\u00fd.<br \/>\nOto\u010dn\u00fd mechanismus: Bronzov\u00e9 podlo\u017eky.<\/p>\n<p>Rozm\u011bry:<br \/>\nD\u00e9lka \u010depele: 2,75&#8243; (70 mm) &#8211; m\u011b\u0159eno od \u0161pi\u010dky k p\u0159edn\u00ed \u010d\u00e1sti r\u00e1mu<br \/>\nTlou\u0161\u0165ka \u010depele: 0,118&#8243; (3 mm)<br \/>\nD\u00e9lka rukojeti: 3,625&#8243; (92 mm)<br \/>\nCelkov\u00e1 d\u00e9lka: 6,4&#8243; (162,6 mm)<br \/>\nHmotnost: 3,5 oz (98,4 g)<\/p>\n<p>&nbsp;<\/p>\n","protected":false},"excerpt":{"rendered":"<p>My\u0161lenka\u00a0<strong>GiantMouse<\/strong>\u00a0vznikla nad drinky jednoho ve\u010dera b\u011bhem americk\u00e9 show no\u017e\u016f v roce 2015. D\u00e1n\u0161t\u00ed design\u00e9\u0159i \/ no\u017e\u00ed\u0159i Jens Ans\u00f8 a Jesper Voxnaes (Vox) se spolu se sv\u00fdm americk\u00fdm podnikatelsk\u00fdm p\u0159\u00edtelem Jimem Wirthem rozhodli, \u017ee by mohli postavit lep\u0161\u00ed past na my\u0161i. mluvit. Zna\u010dka no\u017e\u016f, kter\u00e1 dok\u00e1\u017ee poskytnout \u00fa\u017easn\u00e9 designy no\u017e\u016f, s nejvy\u0161\u0161\u00ed mo\u017enou kvalitou v\u00fdroby, za f\u00e9rovou cenu a p\u0159itom z\u016fst\u00e1v\u00e1 \u00fazce zapojena do komunity sv\u00fdch z\u00e1kazn\u00edk\u016f.<\/p>\n<p><strong>Doprava zdarma.<\/strong><\/p>\n","protected":false},"featured_media":219990,"comment_status":"open","ping_status":"closed","template":"","meta":[],"pwb-brand":[3228],"product_brand":[],"product_cat":[22,17],"product_tag":[],"class_list":{"0":"post-219989","1":"product","2":"type-product","3":"status-publish","4":"has-post-thumbnail","6":"pwb-brand-giantmouse","7":"product_cat-zaviraci-noze","8":"product_cat-noze","10":"first","11":"outofstock","12":"taxable","13":"shipping-taxable","14":"purchasable","15":"product-type-simple"},"brands":[{"id":3228,"name":"GiantMouse","slug":"giantmouse"}],"_links":{"self":[{"href":"https:\/\/www.moskito.cz\/pl\/wp-json\/wp\/v2\/product\/219989","targetHints":{"allow":["GET"]}}],"collection":[{"href":"https:\/\/www.moskito.cz\/pl\/wp-json\/wp\/v2\/product"}],"about":[{"href":"https:\/\/www.moskito.cz\/pl\/wp-json\/wp\/v2\/types\/product"}],"replies":[{"embeddable":true,"href":"https:\/\/www.moskito.cz\/pl\/wp-json\/wp\/v2\/comments?post=219989"}],"wp:featuredmedia":[{"embeddable":true,"href":"https:\/\/www.moskito.cz\/pl\/wp-json\/wp\/v2\/media\/219990"}],"wp:attachment":[{"href":"https:\/\/www.moskito.cz\/pl\/wp-json\/wp\/v2\/media?parent=219989"}],"wp:term":[{"taxonomy":"pwb-brand","embeddable":true,"href":"https:\/\/www.moskito.cz\/pl\/wp-json\/wp\/v2\/pwb-brand?post=219989"},{"taxonomy":"product_brand","embeddable":true,"href":"https:\/\/www.moskito.cz\/pl\/wp-json\/wp\/v2\/product_brand?post=219989"},{"taxonomy":"product_cat","embeddable":true,"href":"https:\/\/www.moskito.cz\/pl\/wp-json\/wp\/v2\/product_cat?post=219989"},{"taxonomy":"product_tag","embeddable":true,"href":"https:\/\/www.moskito.cz\/pl\/wp-json\/wp\/v2\/product_tag?post=219989"}],"curies":[{"name":"wp","href":"https:\/\/api.w.org\/{rel}","templated":true}]}}