{"id":220517,"date":"2022-08-15T20:43:55","date_gmt":"2022-08-15T19:43:55","guid":{"rendered":"https:\/\/www.moskito.cz\/?post_type=product&#038;p=220517"},"modified":"2025-05-07T10:40:01","modified_gmt":"2025-05-07T09:40:01","slug":"zaviraci-nuz-crkt-pazoda-6480","status":"publish","type":"product","link":"https:\/\/www.moskito.cz\/pl\/produkt\/zaviraci-nuz-crkt-pazoda-6480\/","title":{"rendered":"Zav\u00edrac\u00ed N\u016f\u017e CRKT PAZODA 6480"},"content":{"rendered":"<div class=\"flex-1 overflow-hidden @container\/thread\">\n<div class=\"h-full\">\n<div class=\"react-scroll-to-bottom--css-vxybp-79elbk h-full\">\n<div class=\"react-scroll-to-bottom--css-vxybp-1n7m0yu\">\n<div class=\"flex flex-col text-sm md:pb-9\">\n<article class=\"w-full scroll-mb-[var(--thread-trailing-height,150px)] text-token-text-primary focus-visible:outline-2 focus-visible:outline-offset-[-4px]\" dir=\"auto\" data-testid=\"conversation-turn-385\" data-scroll-anchor=\"true\">\n<div class=\"m-auto text-base py-[18px] px-3 md:px-4 w-full md:px-5 lg:px-4 xl:px-5\">\n<div class=\"mx-auto flex flex-1 gap-4 text-base md:gap-5 lg:gap-6 md:max-w-3xl\">\n<div class=\"group\/conversation-turn relative flex w-full min-w-0 flex-col agent-turn\">\n<div class=\"flex-col gap-1 md:gap-3\">\n<div class=\"flex max-w-full flex-col flex-grow\">\n<div class=\"min-h-8 text-message flex w-full flex-col items-end gap-2 whitespace-normal break-words text-start [.text-message+&amp;]:mt-5\" dir=\"auto\" data-message-author-role=\"assistant\" data-message-id=\"83cea62f-0415-447d-9b16-9cb11577caa7\" data-message-model-slug=\"gpt-4o-mini\">\n<div class=\"flex w-full flex-col gap-1 empty:hidden first:pt-[3px]\">\n<div class=\"markdown prose w-full break-words dark:prose-invert light\">\n<p><strong>Zav\u00edrac\u00ed N\u016f\u017e CRKT PAZODA 6480<\/strong> je <strong>elegantn\u00ed a funk\u010dn\u00ed n\u016f\u017e<\/strong> pro ka\u017edodenn\u00ed no\u0161en\u00ed, kter\u00fd spojuje <strong>modern\u00ed design<\/strong> s <strong>v\u00fdkonn\u00fdmi materi\u00e1ly<\/strong>. Tento model vynik\u00e1 nejen svou estetickou str\u00e1nkou, ale tak\u00e9 <strong>vysokou kvalitou<\/strong> a <strong>praktick\u00fdm pou\u017eit\u00edm<\/strong> d\u00edky dob\u0159e navr\u017een\u00fdm funkc\u00edm.<\/p>\n<h3>Kl\u00ed\u010dov\u00e9 vlastnosti <strong>CRKT PAZODA 6480<\/strong>:<\/h3>\n<h4>1. <strong>Stylov\u00fd a elegantn\u00ed design<\/strong><\/h4>\n<ul>\n<li><strong>Povrchov\u00e1 \u00faprava \u010depele a rukojeti<\/strong>: \u010cepel je pota\u017eena <strong>nitridem titanu<\/strong>, co\u017e poskytuje <strong>tmav\u011b \u0161ed\u00fd, odoln\u00fd povrch<\/strong>, kter\u00fd je nejen esteticky p\u0159ita\u017eliv\u00fd, ale tak\u00e9 odoln\u00fd v\u016f\u010di korozi a opot\u0159eben\u00ed. <strong>Rukojeti z nerezov\u00e9 oceli<\/strong> jsou tak\u00e9 opat\u0159eny \u0161ed\u00fdm povlakem z nitridu titanu, co\u017e dod\u00e1v\u00e1 no\u017ei <strong>modern\u00ed vzhled<\/strong> a <strong>dlouhou \u017eivotnost<\/strong>.<\/li>\n<li><strong>Brou\u0161en\u00fd povrch<\/strong>: Vn\u011bj\u0161\u00ed povrch rukojeti je <strong>brou\u0161en\u00fd<\/strong>, co\u017e nejen zlep\u0161uje grip, ale tak\u00e9 poskytuje <strong>dostatek prostoru<\/strong> pro <strong>grav\u00edrov\u00e1n\u00ed<\/strong> nebo <strong>potisk<\/strong>, co\u017e \u010din\u00ed n\u016f\u017e vhodn\u00fdm pro <strong>personalizaci<\/strong>.<\/li>\n<\/ul>\n<h4>2. <strong>Praktick\u00e9 a rychl\u00e9 otev\u00edr\u00e1n\u00ed<\/strong><\/h4>\n<ul>\n<li><strong>Otvor pro \u010depel<\/strong>: Ov\u00e1ln\u00fd <strong>otvor pro \u010depel<\/strong> umo\u017e\u0148uje <strong>rychl\u00e9 otev\u00edr\u00e1n\u00ed<\/strong> ob\u011bma rukama, co\u017e je ide\u00e1ln\u00ed pro situace, kdy je pot\u0159eba n\u016f\u017e <strong>rychle a snadno otev\u0159\u00edt<\/strong>.<\/li>\n<li><strong>Otev\u00edr\u00e1n\u00ed palcem<\/strong>: <strong>Posunov\u00e1n\u00ed palcem<\/strong> na kotou\u010d umo\u017e\u0148uje optim\u00e1ln\u00ed <strong>kontrolu p\u0159i \u0159ez\u00e1n\u00ed<\/strong> a <strong>rychl\u00e9 rozvinut\u00ed \u010depele<\/strong>.<\/li>\n<\/ul>\n<h4>3. <strong>Vysok\u00e1 kvalita materi\u00e1l\u016f<\/strong><\/h4>\n<ul>\n<li><strong>Ocel 8Cr13MoV<\/strong>: \u010cepel je vyrobena z <strong>oceli 8Cr13MoV<\/strong>, kter\u00e1 je zn\u00e1m\u00e1 pro svou <strong>dobrou odolnost proti korozi<\/strong> a <strong>dobr\u00e9 udr\u017eov\u00e1n\u00ed ost\u0159\u00ed<\/strong> p\u0159i b\u011b\u017en\u00e9m pou\u017e\u00edv\u00e1n\u00ed. Tato ocel je tak\u00e9 snadno <strong>ost\u0159iteln\u00e1<\/strong>, co\u017e znamen\u00e1, \u017ee n\u016f\u017e si udr\u017e\u00ed v\u00fdkon i po opakovan\u00e9m pou\u017e\u00edv\u00e1n\u00ed.<\/li>\n<li><strong>Nitrid titanu<\/strong>: Povrchov\u00e1 \u00faprava z nitridu titanu nejen vylep\u0161uje vzhled, ale zvy\u0161uje i odolnost \u010depele proti po\u0161kr\u00e1b\u00e1n\u00ed a <strong>korozi<\/strong>, co\u017e je ide\u00e1ln\u00ed pro dlouhodob\u00e9 pou\u017e\u00edv\u00e1n\u00ed.<\/li>\n<\/ul>\n<h4>4. <strong>R\u00e1mov\u00fd z\u00e1mek pro bezpe\u010dn\u00e9 uzam\u010den\u00ed<\/strong><\/h4>\n<ul>\n<li><strong>R\u00e1mov\u00fd z\u00e1mek<\/strong>: N\u016f\u017e je vybaven <strong>r\u00e1mov\u00fdm z\u00e1mkem<\/strong>, kter\u00fd <strong>bezpe\u010dn\u011b uzamkne<\/strong> \u010depel v otev\u0159en\u00e9 poloze. Tento typ z\u00e1mku je <strong>snadno ovladateln\u00fd<\/strong> a poskytuje <strong>spolehlivou ochranu<\/strong> p\u0159ed necht\u011bn\u00fdm sklopen\u00edm \u010depele b\u011bhem pou\u017e\u00edv\u00e1n\u00ed.<\/li>\n<\/ul>\n<h4>5. <strong>Kompaktn\u00ed a pohodln\u00fd pro ka\u017edodenn\u00ed no\u0161en\u00ed<\/strong><\/h4>\n<ul>\n<li><strong>Hmotnost<\/strong>: S hmotnost\u00ed <strong>3,20 unce<\/strong> (90,72 g) je tento n\u016f\u017e <strong>lehk\u00fd<\/strong>, co\u017e ho \u010din\u00ed skv\u011bl\u00fdm pro <strong>ka\u017edodenn\u00ed no\u0161en\u00ed<\/strong> bez nadm\u011brn\u00e9ho zat\u00ed\u017een\u00ed kapsy.<\/li>\n<li><strong>Velikost<\/strong>: <strong>Celkov\u00e1 d\u00e9lka no\u017ee<\/strong> je <strong>6,50&#8243;<\/strong> (165,10 mm) a <strong>uzav\u0159en\u00e1 d\u00e9lka<\/strong> je <strong>3,74&#8243;<\/strong> (95,10 mm), co\u017e d\u00e1v\u00e1 no\u017ei <strong>kompaktn\u00ed rozm\u011bry<\/strong> ide\u00e1ln\u00ed pro p\u0159en\u00e1\u0161en\u00ed v kapse nebo ta\u0161ce.<\/li>\n<\/ul>\n<h4>6. <strong>V\u0161estrann\u00e9 pou\u017eit\u00ed<\/strong><\/h4>\n<ul>\n<li>Tento n\u016f\u017e je vhodn\u00fd pro <strong>ka\u017edodenn\u00ed \u00fakoly<\/strong>, jako je <strong>otev\u00edr\u00e1n\u00ed ob\u00e1lek<\/strong>, <strong>\u0159ez\u00e1n\u00ed bal\u00edk\u016f<\/strong> nebo <strong>\u00fapravy materi\u00e1l\u016f<\/strong>. Jeho elegantn\u00ed design a funk\u010dnost tak\u00e9 d\u011blaj\u00ed z tohoto no\u017ee v\u00fdborn\u00fd dopln\u011bk pro <strong>gentlemany<\/strong> nebo <strong>firemn\u00ed pou\u017eit\u00ed<\/strong>, kde m\u016f\u017ee b\u00fdt personalizov\u00e1n pro <strong>speci\u00e1ln\u00ed p\u0159\u00edle\u017eitosti<\/strong>.<\/li>\n<\/ul>\n<h3>Specifikace:<\/h3>\n<ul>\n<li><strong>D\u00e9lka \u010depele:<\/strong> 2,74&#8243; (69,65 mm)<\/li>\n<li><strong>Ost\u0159\u00ed:<\/strong> Prost\u00fd<\/li>\n<li><strong>\u010cepel:<\/strong> Ocel 8Cr13MoV<\/li>\n<li><strong>Povrchov\u00e1 \u00faprava \u010depele:<\/strong> Nitrid titanu<\/li>\n<li><strong>Tlou\u0161\u0165ka \u010depele:<\/strong> 0,10&#8243; (2,64 mm)<\/li>\n<li><strong>Celkov\u00e1 d\u00e9lka:<\/strong> 6,50&#8243; (165,10 mm)<\/li>\n<li><strong>Uzav\u0159en\u00e1 d\u00e9lka:<\/strong> 3,74&#8243; (95,10 mm)<\/li>\n<li><strong>Hmotnost:<\/strong> 3,20 oz (90,72 g)<\/li>\n<li><strong>Rukoje\u0165:<\/strong> Nerezov\u00e1 ocel<\/li>\n<li><strong>Styl:<\/strong> Skl\u00e1dac\u00ed n\u016f\u017e se z\u00e1mkem r\u00e1mu<\/li>\n<\/ul>\n<h3>Z\u00e1v\u011br:<\/h3>\n<p><strong>CRKT PAZODA 6480<\/strong> je <strong>stylov\u00fd<\/strong> a <strong>funk\u010dn\u00ed<\/strong> n\u016f\u017e, kter\u00fd se skv\u011ble hod\u00ed pro ka\u017edodenn\u00ed no\u0161en\u00ed a \u00fakoly. Jeho <strong>modern\u00ed design<\/strong>, <strong>vysok\u00e1 kvalita materi\u00e1l\u016f<\/strong> a <strong>praktick\u00e9 vlastnosti<\/strong> d\u011blaj\u00ed tento n\u016f\u017e vynikaj\u00edc\u00edm dopl\u0148kem pro ka\u017ed\u00e9ho, kdo hled\u00e1 <strong>spolehliv\u00fd n\u00e1stroj<\/strong> s <strong>elegantn\u00edm vzhledem<\/strong>. S mo\u017enost\u00ed <strong>personalizace<\/strong> a <strong>vysok\u00fdm v\u00fdkonem<\/strong> je CRKT Pazoda 6480 ide\u00e1ln\u00ed volbou pro ty, kte\u0159\u00ed cht\u011bj\u00ed n\u016f\u017e, kter\u00fd vypad\u00e1 dob\u0159e a z\u00e1rove\u0148 skv\u011ble funguje.<\/p>\n<\/div>\n<\/div>\n<\/div>\n<\/div>\n<div class=\"mb-2 flex gap-3 empty:hidden -ml-2\">\n<div class=\"items-center justify-start rounded-xl p-1 flex\">\n<div class=\"flex items-center\"><\/div>\n<\/div>\n<\/div>\n<\/div>\n<\/div>\n<\/div>\n<\/div>\n<\/article>\n<\/div>\n<\/div>\n<\/div>\n<\/div>\n<\/div>\n<p><iframe title=\"CRKT Pazoda - Folding Pocket Knife\" width=\"800\" height=\"450\" src=\"https:\/\/www.youtube.com\/embed\/76YSlBWoS-E?feature=oembed\" frameborder=\"0\" allow=\"accelerometer; autoplay; clipboard-write; encrypted-media; gyroscope; picture-in-picture; web-share\" referrerpolicy=\"strict-origin-when-cross-origin\" allowfullscreen><\/iframe><\/p>\n<p>&nbsp;<\/p>\n","protected":false},"excerpt":{"rendered":"<div class=\"flex max-w-full flex-col flex-grow\">\n<div class=\"min-h-8 text-message flex w-full flex-col items-end gap-2 whitespace-normal break-words text-start [.text-message+&amp;]:mt-5\" dir=\"auto\" data-message-author-role=\"assistant\" data-message-id=\"83cea62f-0415-447d-9b16-9cb11577caa7\" data-message-model-slug=\"gpt-4o-mini\">\n<div class=\"flex w-full flex-col gap-1 empty:hidden first:pt-[3px]\">\n<div class=\"markdown prose w-full break-words dark:prose-invert light\">\n<p><strong>CRKT PAZODA 6480 je stylov\u00fd a funk\u010dn\u00ed n\u016f\u017e, kter\u00fd se skv\u011ble hod\u00ed pro ka\u017edodenn\u00ed no\u0161en\u00ed a \u00fakoly. Jeho modern\u00ed design, vysok\u00e1 kvalita materi\u00e1l\u016f a praktick\u00e9 vlastnosti d\u011blaj\u00ed tento n\u016f\u017e vynikaj\u00edc\u00edm dopl\u0148kem pro ka\u017ed\u00e9ho, kdo hled\u00e1 spolehliv\u00fd n\u00e1stroj s elegantn\u00edm vzhledem. S mo\u017enost\u00ed personalizace a vysok\u00fdm v\u00fdkonem je CRKT Pazoda 6480 ide\u00e1ln\u00ed volbou pro ty, kte\u0159\u00ed cht\u011bj\u00ed n\u016f\u017e, kter\u00fd vypad\u00e1 dob\u0159e a z\u00e1rove\u0148 skv\u011ble funguje.<\/strong><\/p>\n<\/div>\n<\/div>\n<\/div>\n<\/div>\n<div class=\"mb-2 flex gap-3 empty:hidden -ml-2\">\n<div class=\"items-center justify-start rounded-xl p-1 flex\">\n<div class=\"flex items-center\"><\/div>\n<\/div>\n<\/div>\n","protected":false},"featured_media":220519,"comment_status":"open","ping_status":"closed","template":"","meta":[],"pwb-brand":[209],"product_brand":[],"product_cat":[22,17],"product_tag":[3667],"class_list":{"0":"post-220517","1":"product","2":"type-product","3":"status-publish","4":"has-post-thumbnail","6":"pwb-brand-crkt","7":"product_cat-zaviraci-noze","8":"product_cat-noze","9":"product_tag-b2b","11":"first","12":"instock","13":"taxable","14":"shipping-taxable","15":"purchasable","16":"product-type-simple"},"brands":[{"id":209,"name":"CRKT","slug":"crkt"}],"_links":{"self":[{"href":"https:\/\/www.moskito.cz\/pl\/wp-json\/wp\/v2\/product\/220517","targetHints":{"allow":["GET"]}}],"collection":[{"href":"https:\/\/www.moskito.cz\/pl\/wp-json\/wp\/v2\/product"}],"about":[{"href":"https:\/\/www.moskito.cz\/pl\/wp-json\/wp\/v2\/types\/product"}],"replies":[{"embeddable":true,"href":"https:\/\/www.moskito.cz\/pl\/wp-json\/wp\/v2\/comments?post=220517"}],"wp:featuredmedia":[{"embeddable":true,"href":"https:\/\/www.moskito.cz\/pl\/wp-json\/wp\/v2\/media\/220519"}],"wp:attachment":[{"href":"https:\/\/www.moskito.cz\/pl\/wp-json\/wp\/v2\/media?parent=220517"}],"wp:term":[{"taxonomy":"pwb-brand","embeddable":true,"href":"https:\/\/www.moskito.cz\/pl\/wp-json\/wp\/v2\/pwb-brand?post=220517"},{"taxonomy":"product_brand","embeddable":true,"href":"https:\/\/www.moskito.cz\/pl\/wp-json\/wp\/v2\/product_brand?post=220517"},{"taxonomy":"product_cat","embeddable":true,"href":"https:\/\/www.moskito.cz\/pl\/wp-json\/wp\/v2\/product_cat?post=220517"},{"taxonomy":"product_tag","embeddable":true,"href":"https:\/\/www.moskito.cz\/pl\/wp-json\/wp\/v2\/product_tag?post=220517"}],"curies":[{"name":"wp","href":"https:\/\/api.w.org\/{rel}","templated":true}]}}