{"id":220823,"date":"2022-08-16T22:22:40","date_gmt":"2022-08-16T21:22:40","guid":{"rendered":"https:\/\/www.moskito.cz\/?post_type=product&#038;p=220823"},"modified":"2026-02-06T10:34:02","modified_gmt":"2026-02-06T09:34:02","slug":"zaviraci-nuz-crkt-inara-7140","status":"publish","type":"product","link":"https:\/\/www.moskito.cz\/pl\/produkt\/zaviraci-nuz-crkt-inara-7140\/","title":{"rendered":"Zav\u00edrac\u00ed N\u016f\u017e CRKT INARA 7140"},"content":{"rendered":"<div class=\"flex-1 overflow-hidden @container\/thread\">\n<div class=\"h-full\">\n<div class=\"react-scroll-to-bottom--css-vxybp-79elbk h-full\">\n<div class=\"react-scroll-to-bottom--css-vxybp-1n7m0yu\">\n<div class=\"flex flex-col text-sm md:pb-9\">\n<article class=\"w-full scroll-mb-[var(--thread-trailing-height,150px)] text-token-text-primary focus-visible:outline-2 focus-visible:outline-offset-[-4px]\" dir=\"auto\" data-testid=\"conversation-turn-365\" data-scroll-anchor=\"true\">\n<div class=\"m-auto text-base py-[18px] px-3 md:px-4 w-full md:px-5 lg:px-4 xl:px-5\">\n<div class=\"mx-auto flex flex-1 gap-4 text-base md:gap-5 lg:gap-6 md:max-w-3xl\">\n<div class=\"group\/conversation-turn relative flex w-full min-w-0 flex-col agent-turn\">\n<div class=\"flex-col gap-1 md:gap-3\">\n<div class=\"flex max-w-full flex-col flex-grow\">\n<div class=\"min-h-8 text-message flex w-full flex-col items-end gap-2 whitespace-normal break-words text-start [.text-message+&amp;]:mt-5\" dir=\"auto\" data-message-author-role=\"assistant\" data-message-id=\"b8f40e39-557a-4a3a-bfa0-5abefd6987ef\" data-message-model-slug=\"gpt-4o-mini\">\n<div class=\"flex w-full flex-col gap-1 empty:hidden first:pt-[3px]\">\n<div class=\"markdown prose w-full break-words dark:prose-invert light\">\n<p><strong>Zav\u00edrac\u00ed N\u016f\u017e CRKT Inara 7140<\/strong> je kompaktn\u00ed a elegantn\u00ed n\u016f\u017e pro ka\u017edodenn\u00ed no\u0161en\u00ed (EDC), kter\u00fd spojuje jednoduch\u00fd design s vynikaj\u00edc\u00edmi funkcemi. Jeho minimalistick\u00fd vzhled a kvalitn\u00ed zpracov\u00e1n\u00ed ho \u010din\u00ed ide\u00e1ln\u00edm n\u00e1strojem pro ka\u017edodenn\u00ed pou\u017eit\u00ed, a\u0165 u\u017e na drobn\u00e9 \u00fakoly nebo jako stylov\u00fd dopln\u011bk.<\/p>\n<h3><strong>Hlavn\u00ed vlastnosti:<\/strong><\/h3>\n<ol>\n<li><strong>Design a Konstrukce:<\/strong>\n<ul>\n<li><strong>Jednoduch\u00fd, lehk\u00fd design:<\/strong> N\u016f\u017e byl navr\u017een s filozofi\u00ed jednoduchosti a lehkosti, co\u017e znamen\u00e1, \u017ee je sotva patrn\u00fd, dokud nen\u00ed pot\u0159eba. Tento p\u0159\u00edstup je ide\u00e1ln\u00ed pro ka\u017edodenn\u00ed no\u0161en\u00ed, kdy nechcete m\u00edt p\u0159\u00edli\u0161 velk\u00fd nebo t\u011b\u017ek\u00fd n\u016f\u017e v kapse.<\/li>\n<li><strong>Rukoje\u0165:<\/strong> Kombinace materi\u00e1l\u016f G10 a nerezov\u00e9 oceli poskytuje skv\u00e9l\u00e9 vyv\u00e1\u017een\u00ed mezi odolnost\u00ed a n\u00edzkou hmotnost\u00ed. Rukoje\u0165 je pohodln\u00e1, p\u0159ilnav\u00e1 a vhodn\u00e1 pro dlouhodob\u00e9 pou\u017e\u00edv\u00e1n\u00ed.<\/li>\n<li><strong>Minim\u00e1ln\u00ed profil:<\/strong> N\u016f\u017e je designov\u00e1n tak, aby byl velmi tenk\u00fd a snadno se ve\u0161el do kapsy, co\u017e z n\u011bj \u010din\u00ed ide\u00e1ln\u00ed volbu pro ka\u017edodenn\u00ed no\u0161en\u00ed.<\/li>\n<\/ul>\n<\/li>\n<li><strong>\u010cepel:<\/strong>\n<ul>\n<li><strong>Tvar Wharncliffe:<\/strong> \u010cepel m\u00e1 upraven\u00fd <strong>wharncliffe tvar<\/strong>, co\u017e je ide\u00e1ln\u00ed pro precizn\u00ed \u0159ez\u00e1n\u00ed s vysoce kontrolovanou \u0161pi\u010dkou. Tento tvar je skv\u011bl\u00fd pro pr\u00e1ci v omezen\u00fdch prostorech a pro \u0159ez\u00e1n\u00ed s p\u0159esnost\u00ed.<\/li>\n<li><strong>Ocel 8Cr14MoV:<\/strong> Tento materi\u00e1l je cen\u011bn\u00fd pro svou odolnost proti korozi a schopnost dr\u017eet ost\u0159\u00ed, co\u017e zaji\u0161\u0165uje dlouhou \u017eivotnost \u010depele.<\/li>\n<li><strong>Povrchov\u00e1 \u00faprava Stonewash:<\/strong> Povrch \u010depele je upraven technikou stonewash, kter\u00e1 dod\u00e1v\u00e1 no\u017ei odoln\u00fd, matn\u00fd vzhled a zaji\u0161\u0165uje vy\u0161\u0161\u00ed odolnost proti opot\u0159eben\u00ed.<\/li>\n<\/ul>\n<\/li>\n<li><strong>Akce a Mechanismus Otev\u00edr\u00e1n\u00ed:<\/strong>\n<ul>\n<li><strong>IKBS\u2122 lo\u017eiska:<\/strong> N\u016f\u017e vyu\u017e\u00edv\u00e1 <strong>syst\u00e9m kuli\u010dkov\u00fdch lo\u017eisek IKBS\u2122<\/strong>, co\u017e znamen\u00e1, \u017ee \u010depel se otev\u00edr\u00e1 hladce a rychle. Tento syst\u00e9m p\u0159in\u00e1\u0161\u00ed velmi hladk\u00fd a plynul\u00fd pohyb p\u0159i otv\u00edr\u00e1n\u00ed \u010depele jednou rukou.<\/li>\n<li><strong>Z\u00e1mek r\u00e1mu:<\/strong> Jakmile je \u010depel otev\u0159ena, z\u016fst\u00e1v\u00e1 bezpe\u010dn\u011b na sv\u00e9m m\u00edst\u011b d\u00edky <strong>z\u00e1mku r\u00e1mu<\/strong>, kter\u00fd zaji\u0161\u0165uje, \u017ee \u010depel nebude p\u0159i pou\u017eit\u00ed ne\u00famysln\u011b sklouz\u00e1vat.<\/li>\n<\/ul>\n<\/li>\n<li><strong>Kompaktn\u00ed Rozm\u011bry:<\/strong>\n<ul>\n<li><strong>Celkov\u00e1 d\u00e9lka:<\/strong> 6,63&#8243; (168,28 mm) \u2013 Tento n\u016f\u017e je dostate\u010dn\u011b velk\u00fd na to, aby byl u\u017eite\u010dn\u00fd p\u0159i b\u011b\u017en\u00fdch \u00fakolech, ale z\u00e1rove\u0148 kompaktn\u00ed, tak\u017ee ho m\u016f\u017eete snadno nosit v kapse.<\/li>\n<li><strong>D\u00e9lka \u010depele:<\/strong> 2,78&#8243; (70,69 mm) \u2013 Krat\u0161\u00ed \u010depel, ide\u00e1ln\u00ed pro precizn\u00ed \u0159ez\u00e1n\u00ed.<\/li>\n<li><strong>Hmotnost:<\/strong> Pouh\u00fdch <strong>1,80 oz (51,03 g)<\/strong> \u2013 Velmi lehk\u00fd, co\u017e z n\u011bj \u010din\u00ed komfortn\u00ed n\u00e1stroj pro ka\u017edodenn\u00ed no\u0161en\u00ed, kter\u00fd v\u00e1s nebude zat\u011b\u017eovat.<\/li>\n<\/ul>\n<\/li>\n<\/ol>\n<h3><strong>V\u00fdhody:<\/strong><\/h3>\n<ul>\n<li><strong>Lehkost a kompaktnost:<\/strong> D\u00edky sv\u00e9mu tenk\u00e9mu profilu a n\u00edzk\u00e9 hmotnosti je tento n\u016f\u017e ide\u00e1ln\u00ed pro no\u0161en\u00ed v kapse nebo jako sou\u010d\u00e1st v\u00fdbavy pro ka\u017edodenn\u00ed \u00fakoly.<\/li>\n<li><strong>Precizn\u00ed \u0159ez\u00e1n\u00ed:<\/strong> Wharncliffe \u010depel a vysoce kvalitn\u00ed ocel zaji\u0161\u0165uj\u00ed vynikaj\u00edc\u00ed v\u00fdkon p\u0159i \u0159ez\u00e1n\u00ed, a\u0165 u\u017e jde o jemn\u00e9 \u00fakoly nebo o pr\u00e1ci s materi\u00e1ly vy\u017eaduj\u00edc\u00edmi preciznost.<\/li>\n<li><strong>Hladk\u00e9 otev\u00edr\u00e1n\u00ed:<\/strong> Syst\u00e9m IKBS\u2122 poskytuje hladk\u00e9, rychl\u00e9 a bezpe\u010dn\u00e9 otev\u00edr\u00e1n\u00ed s jednou rukou.<\/li>\n<\/ul>\n<h3><strong>Specifikace:<\/strong><\/h3>\n<ul>\n<li><strong>D\u00e9lka \u010depele:<\/strong> 2,78&#8243; (70,69 mm)<\/li>\n<li><strong>Ost\u0159\u00ed:<\/strong> Prost\u00fd<\/li>\n<li><strong>Materi\u00e1l \u010depele:<\/strong> Ocel 8Cr14MoV<\/li>\n<li><strong>Povrchov\u00e1 \u00faprava:<\/strong> Stonewash<\/li>\n<li><strong>Tlou\u0161\u0165ka \u010depele:<\/strong> 0,09&#8243; (2,26 mm)<\/li>\n<li><strong>Celkov\u00e1 d\u00e9lka:<\/strong> 6,63&#8243; (168,28 mm)<\/li>\n<li><strong>Uzav\u0159en\u00e1 d\u00e9lka:<\/strong> 3,84&#8243; (97,59 mm)<\/li>\n<li><strong>Hmotnost:<\/strong> 1,80 oz (51,03 g)<\/li>\n<li><strong>Rukoje\u0165:<\/strong> G10 a nerezov\u00e1 ocel<\/li>\n<li><strong>Styl:<\/strong> Skl\u00e1dac\u00ed n\u016f\u017e se z\u00e1mkem r\u00e1mu<\/li>\n<\/ul>\n<h3><strong>Shrnut\u00ed:<\/strong><\/h3>\n<p><strong>CRKT Inara 7140<\/strong> je skv\u00e9l\u00e9 zjednodu\u0161en\u00fd n\u016f\u017e pro ka\u017edodenn\u00ed pou\u017eit\u00ed, kter\u00fd nab\u00edz\u00ed vynikaj\u00edc\u00ed rovnov\u00e1hu mezi funkcionalitou, pohodl\u00edm a kompaktn\u00ed velikost\u00ed. D\u00edky kvalitn\u00edm materi\u00e1l\u016fm, precizn\u00edmu designu a snadn\u00e9mu mechanismu otev\u00edr\u00e1n\u00ed je ide\u00e1ln\u00ed volbou pro ty, kte\u0159\u00ed hledaj\u00ed spolehliv\u00fd n\u00e1stroj pro b\u011b\u017en\u00e9 \u00fakoly.<\/p>\n<\/div>\n<\/div>\n<\/div>\n<\/div>\n<div class=\"mb-2 flex gap-3 empty:hidden -ml-2\">\n<div class=\"items-center justify-start rounded-xl p-1 flex\">\n<div class=\"flex items-center\"><\/div>\n<\/div>\n<\/div>\n<div class=\"pr-2 lg:pr-0\"><\/div>\n<\/div>\n<\/div>\n<\/div>\n<\/div>\n<\/article>\n<\/div>\n<\/div>\n<\/div>\n<\/div>\n<\/div>\n<p><iframe title=\"CRKT INARA\u2122 | Richard Rogers Design\" width=\"800\" height=\"450\" src=\"https:\/\/www.youtube.com\/embed\/MKMJfW9Vk_s?feature=oembed\" frameborder=\"0\" allow=\"accelerometer; autoplay; clipboard-write; encrypted-media; gyroscope; picture-in-picture; web-share\" referrerpolicy=\"strict-origin-when-cross-origin\" allowfullscreen><\/iframe><\/p>\n<p>&nbsp;<\/p>\n","protected":false},"excerpt":{"rendered":"<p><strong>CRKT Inara 7140 je skv\u00e9l\u00e9 zjednodu\u0161en\u00fd n\u016f\u017e pro ka\u017edodenn\u00ed pou\u017eit\u00ed, kter\u00fd nab\u00edz\u00ed vynikaj\u00edc\u00ed rovnov\u00e1hu mezi funkcionalitou, pohodl\u00edm a kompaktn\u00ed velikost\u00ed. D\u00edky kvalitn\u00edm materi\u00e1l\u016fm, precizn\u00edmu designu a snadn\u00e9mu mechanismu otev\u00edr\u00e1n\u00ed je ide\u00e1ln\u00ed volbou pro ty, kte\u0159\u00ed hledaj\u00ed spolehliv\u00fd n\u00e1stroj pro b\u011b\u017en\u00e9 \u00fakoly.<\/strong><\/p>\n","protected":false},"featured_media":220824,"comment_status":"open","ping_status":"closed","template":"","meta":[],"pwb-brand":[209],"product_brand":[],"product_cat":[22,17],"product_tag":[3667],"class_list":{"0":"post-220823","1":"product","2":"type-product","3":"status-publish","4":"has-post-thumbnail","6":"pwb-brand-crkt","7":"product_cat-zaviraci-noze","8":"product_cat-noze","9":"product_tag-b2b","11":"first","12":"instock","13":"taxable","14":"shipping-taxable","15":"purchasable","16":"product-type-simple"},"brands":[{"id":209,"name":"CRKT","slug":"crkt"}],"_links":{"self":[{"href":"https:\/\/www.moskito.cz\/pl\/wp-json\/wp\/v2\/product\/220823","targetHints":{"allow":["GET"]}}],"collection":[{"href":"https:\/\/www.moskito.cz\/pl\/wp-json\/wp\/v2\/product"}],"about":[{"href":"https:\/\/www.moskito.cz\/pl\/wp-json\/wp\/v2\/types\/product"}],"replies":[{"embeddable":true,"href":"https:\/\/www.moskito.cz\/pl\/wp-json\/wp\/v2\/comments?post=220823"}],"wp:featuredmedia":[{"embeddable":true,"href":"https:\/\/www.moskito.cz\/pl\/wp-json\/wp\/v2\/media\/220824"}],"wp:attachment":[{"href":"https:\/\/www.moskito.cz\/pl\/wp-json\/wp\/v2\/media?parent=220823"}],"wp:term":[{"taxonomy":"pwb-brand","embeddable":true,"href":"https:\/\/www.moskito.cz\/pl\/wp-json\/wp\/v2\/pwb-brand?post=220823"},{"taxonomy":"product_brand","embeddable":true,"href":"https:\/\/www.moskito.cz\/pl\/wp-json\/wp\/v2\/product_brand?post=220823"},{"taxonomy":"product_cat","embeddable":true,"href":"https:\/\/www.moskito.cz\/pl\/wp-json\/wp\/v2\/product_cat?post=220823"},{"taxonomy":"product_tag","embeddable":true,"href":"https:\/\/www.moskito.cz\/pl\/wp-json\/wp\/v2\/product_tag?post=220823"}],"curies":[{"name":"wp","href":"https:\/\/api.w.org\/{rel}","templated":true}]}}