{"id":221182,"date":"2022-08-18T21:21:28","date_gmt":"2022-08-18T20:21:28","guid":{"rendered":"https:\/\/www.moskito.cz\/?post_type=product&#038;p=221182"},"modified":"2026-01-05T16:16:29","modified_gmt":"2026-01-05T15:16:29","slug":"zaviraci-nuz-crkt-piet-5390","status":"publish","type":"product","link":"https:\/\/www.moskito.cz\/pl\/produkt\/zaviraci-nuz-crkt-piet-5390\/","title":{"rendered":"Zav\u00edrac\u00ed N\u016f\u017e CRKT PIET 5390"},"content":{"rendered":"<div class=\"flex-1 overflow-hidden @container\/thread\">\n<div class=\"h-full\">\n<div class=\"react-scroll-to-bottom--css-vxybp-79elbk h-full\">\n<div class=\"react-scroll-to-bottom--css-vxybp-1n7m0yu\">\n<div class=\"flex flex-col text-sm md:pb-9\">\n<article class=\"w-full scroll-mb-[var(--thread-trailing-height,150px)] text-token-text-primary focus-visible:outline-2 focus-visible:outline-offset-[-4px]\" dir=\"auto\" data-testid=\"conversation-turn-335\" data-scroll-anchor=\"true\">\n<div class=\"m-auto text-base py-[18px] px-3 md:px-4 w-full md:px-5 lg:px-4 xl:px-5\">\n<div class=\"mx-auto flex flex-1 gap-4 text-base md:gap-5 lg:gap-6 md:max-w-3xl\">\n<div class=\"group\/conversation-turn relative flex w-full min-w-0 flex-col agent-turn\">\n<div class=\"flex-col gap-1 md:gap-3\">\n<div class=\"flex max-w-full flex-col flex-grow\">\n<div class=\"min-h-8 text-message flex w-full flex-col items-end gap-2 whitespace-normal break-words text-start [.text-message+&amp;]:mt-5\" dir=\"auto\" data-message-author-role=\"assistant\" data-message-id=\"59397daf-c744-4450-bc19-d9cb66f45300\" data-message-model-slug=\"gpt-4o-mini\">\n<div class=\"flex w-full flex-col gap-1 empty:hidden first:pt-[3px]\">\n<div class=\"markdown prose w-full break-words dark:prose-invert light\">\n<p><strong>Zav\u00edrac\u00ed N\u016f\u017e CRKT PIET 5390<\/strong> je kompaktn\u00ed a stylov\u00fd n\u016f\u017e navr\u017een\u00fd pro ka\u017edodenn\u00ed no\u0161en\u00ed (EDC), kter\u00fd se vyzna\u010duje modern\u00edm designem a prakti\u010dnost\u00ed. Tento n\u016f\u017e je inspirov\u00e1n Portlandem, Oregon, co\u017e je m\u011bsto zn\u00e1m\u00e9 svou jedine\u010dnou kombinac\u00ed kultury, designu a p\u0159\u00edrody. Jesper Voxnaes, d\u00e1nsk\u00fd design\u00e9r, vytvo\u0159il tento n\u016f\u017e s c\u00edlem nab\u00eddnout n\u00e1stroj, kter\u00fd je nejen funk\u010dn\u00ed, ale tak\u00e9 velmi pohodln\u00fd a elegantn\u00ed pro ka\u017edodenn\u00ed pou\u017eit\u00ed ve m\u011bst\u011b.<\/p>\n<h3><strong>Hlavn\u00ed vlastnosti:<\/strong><\/h3>\n<ol>\n<li><strong>Snadn\u00e9 otev\u00edr\u00e1n\u00ed jednou rukou:<\/strong>\n<ul>\n<li><strong>Otvor pro palec<\/strong> je um\u00edst\u011bn na \u010depeli, co\u017e umo\u017e\u0148uje snadn\u00e9 otev\u0159en\u00ed no\u017ee jednou rukou. Tento mechanismus je ide\u00e1ln\u00ed pro rychlou a pohodlnou manipulaci, kdy\u017e pot\u0159ebujete m\u00edt volnou druhou ruku pro jinou \u010dinnost.<\/li>\n<\/ul>\n<\/li>\n<li><strong>Oboustrann\u00e9 no\u0161en\u00ed se \u0161pi\u010dkou nahoru:<\/strong>\n<ul>\n<li><strong>Oboustrann\u00e9 no\u0161en\u00ed<\/strong> znamen\u00e1, \u017ee n\u016f\u017e lze snadno nosit na obou stran\u00e1ch podle preference u\u017eivatele. D\u00edky tomu je p\u0159\u00edstup k no\u017ei rychl\u00fd a pohodln\u00fd v jak\u00e9koli situaci.<\/li>\n<\/ul>\n<\/li>\n<li><strong>Konstrukce rukojeti z nylonu vyztu\u017een\u00e9ho sklem:<\/strong>\n<ul>\n<li><strong>Rukoje\u0165 z nylonu vyztu\u017een\u00e9ho sklem<\/strong> je nejen lehk\u00e1, ale i velmi pevn\u00e1 a odoln\u00e1. Tento materi\u00e1l zaji\u0161\u0165uje v\u00fdbornou p\u0159ilnavost, co\u017e je d\u016fle\u017eit\u00e9 pro bezpe\u010dn\u00e9 a pohodln\u00e9 pou\u017e\u00edv\u00e1n\u00ed no\u017ee, i kdy\u017e m\u00e1te mokr\u00e9 nebo kluzk\u00e9 ruce.<\/li>\n<\/ul>\n<\/li>\n<li><strong>Kompaktn\u00ed a lehk\u00e1 konstrukce:<\/strong>\n<ul>\n<li><strong>N\u00edzk\u00e1 hmotnost<\/strong> (2,50 oz \/ 70,87 g) a <strong>kompaktn\u00ed velikost<\/strong> \u010din\u00ed tento n\u016f\u017e ide\u00e1ln\u00edm pro ka\u017edodenn\u00ed no\u0161en\u00ed. Je dostate\u010dn\u011b mal\u00fd, aby se snadno ve\u0161el do kapsy, a p\u0159itom dostate\u010dn\u011b robustn\u00ed pro b\u011b\u017en\u00e9 \u00fakoly.<\/li>\n<\/ul>\n<\/li>\n<li><strong>Odoln\u00e1 \u010depel z oceli 8Cr13MoV:<\/strong>\n<ul>\n<li><strong>\u010cepel z oceli 8Cr13MoV<\/strong> nab\u00edz\u00ed skv\u011blou rovnov\u00e1hu mezi tvrdost\u00ed a odolnost\u00ed proti korozi. Je dostate\u010dn\u011b tvrd\u00e1 pro dlouhou \u017eivotnost ost\u0159\u00ed a z\u00e1rove\u0148 snadno ost\u0159iteln\u00e1. Povrchov\u00e1 \u00faprava <strong>sat\u00e9n<\/strong> dod\u00e1v\u00e1 no\u017ei atraktivn\u00ed vzhled a pom\u00e1h\u00e1 chr\u00e1nit \u010depel p\u0159ed opot\u0159eben\u00edm.<\/li>\n<\/ul>\n<\/li>\n<li><strong>Z\u00e1mek Liner:<\/strong>\n<ul>\n<li><strong>Z\u00e1mek liner<\/strong> poskytuje spolehlivou bezpe\u010dnost p\u0159i pou\u017e\u00edv\u00e1n\u00ed no\u017ee. Tento mechanismus zajist\u00ed, \u017ee \u010depel z\u016fstane pevn\u011b na sv\u00e9m m\u00edst\u011b, dokud ji neodemknete, co\u017e p\u0159isp\u00edv\u00e1 k bezpe\u010dnosti p\u0159i manipulaci s no\u017eem.<\/li>\n<\/ul>\n<\/li>\n<\/ol>\n<h3><strong>Specifikace:<\/strong><\/h3>\n<ul>\n<li><strong>D\u00e9lka \u010depele:<\/strong> 2,69&#8243; (68,30 mm)<\/li>\n<li><strong>Ost\u0159\u00ed \u010depele:<\/strong> Prost\u00fd<\/li>\n<li><strong>Materi\u00e1l \u010depele:<\/strong> Ocel 8Cr13MoV<\/li>\n<li><strong>Povrchov\u00e1 \u00faprava \u010depele:<\/strong> Sat\u00e9n<\/li>\n<li><strong>Tlou\u0161\u0165ka \u010depele:<\/strong> 0,13&#8243; (3,30 mm)<\/li>\n<li><strong>Celkov\u00e1 d\u00e9lka:<\/strong> 6,44&#8243; (163,53 mm)<\/li>\n<li><strong>Uzav\u0159en\u00e1 d\u00e9lka:<\/strong> 3,76&#8243; (95,48 mm)<\/li>\n<li><strong>Hmotnost:<\/strong> 2,50 oz (70,87 g)<\/li>\n<li><strong>Rukoje\u0165:<\/strong> Nylon vyztu\u017een\u00fd sklem<\/li>\n<li><strong>Styl:<\/strong> Skl\u00e1dac\u00ed n\u016f\u017e se z\u00e1mkem Liner<\/li>\n<\/ul>\n<h3><strong>Pou\u017eit\u00ed:<\/strong><\/h3>\n<ul>\n<li><strong>Ka\u017edodenn\u00ed no\u0161en\u00ed (EDC):<\/strong> D\u00edky sv\u00e9 kompaktn\u00ed velikosti, lehkosti a snadn\u00e9mu otev\u00edr\u00e1n\u00ed je tento n\u016f\u017e ide\u00e1ln\u00ed pro ka\u017edodenn\u00ed \u00fakoly jako otev\u0159en\u00ed bal\u00ed\u010dk\u016f, \u0159ez\u00e1n\u00ed \u0161\u0148\u016frky nebo drobn\u00e1 \u00fadr\u017eba.<\/li>\n<li><strong>M\u011bstsk\u00e9 pou\u017eit\u00ed:<\/strong> Tento n\u016f\u017e je navr\u017een tak, aby byl dostate\u010dn\u011b diskr\u00e9tn\u00ed pro m\u011bstsk\u00e9 prost\u0159ed\u00ed. Je ide\u00e1ln\u00ed pro lidi, kte\u0159\u00ed pot\u0159ebuj\u00ed spolehliv\u00fd n\u00e1stroj, kter\u00fd je snadno p\u0159\u00edstupn\u00fd, ale nen\u00e1padn\u00fd.<\/li>\n<li><strong>Outdoor aktivity:<\/strong> I kdy\u017e je n\u016f\u017e ur\u010den hlavn\u011b pro m\u011bstsk\u00e9 pou\u017eit\u00ed, jeho robustn\u00ed konstrukce a kvalitn\u00ed \u010depel z n\u011bj \u010din\u00ed vhodn\u00e9ho pomocn\u00edka i pro leh\u010d\u00ed outdoorov\u00e9 \u00fakoly, jako je \u0159ez\u00e1n\u00ed v\u011btvi\u010dek, p\u0159\u00edprava potravin nebo opravy vybaven\u00ed.<\/li>\n<\/ul>\n<h3><strong>Shrnut\u00ed:<\/strong><\/h3>\n<p><strong>CRKT PIET 5390<\/strong> je elegantn\u00ed a funk\u010dn\u00ed n\u016f\u017e, kter\u00fd se skv\u011ble hod\u00ed pro ka\u017edodenn\u00ed no\u0161en\u00ed ve m\u011bst\u011b. D\u00edky lehk\u00e9mu a kompaktn\u00edmu designu, snadn\u00e9mu otev\u00edr\u00e1n\u00ed jednou rukou a kvalitn\u00edm materi\u00e1l\u016fm je tento n\u016f\u017e ide\u00e1ln\u00ed pro ka\u017edodenn\u00ed \u00fakoly a lehk\u00e9 pracovn\u00ed nasazen\u00ed. Jesper Voxnaes vytvo\u0159il n\u016f\u017e, kter\u00fd kombinuje modern\u00ed estetiku s vynikaj\u00edc\u00ed funk\u010dnost\u00ed, co\u017e z n\u011bj \u010din\u00ed ide\u00e1ln\u00ed volbu pro ka\u017ed\u00e9ho, kdo hled\u00e1 spolehliv\u00fd a stylov\u00fd n\u016f\u017e pro ka\u017edodenn\u00ed pou\u017eit\u00ed.<\/p>\n<\/div>\n<\/div>\n<\/div>\n<\/div>\n<div class=\"mb-2 flex gap-3 empty:hidden -ml-2\">\n<div class=\"items-center justify-start rounded-xl p-1 flex\">\n<div class=\"flex items-center\"><\/div>\n<\/div>\n<\/div>\n<div class=\"pr-2 lg:pr-0\"><\/div>\n<\/div>\n<\/div>\n<\/div>\n<\/div>\n<\/article>\n<\/div>\n<\/div>\n<\/div>\n<\/div>\n<\/div>\n","protected":false},"excerpt":{"rendered":"<div class=\"flex max-w-full flex-col flex-grow\">\n<div class=\"min-h-8 text-message flex w-full flex-col items-end gap-2 whitespace-normal break-words text-start [.text-message+&amp;]:mt-5\" dir=\"auto\" data-message-author-role=\"assistant\" data-message-id=\"59397daf-c744-4450-bc19-d9cb66f45300\" data-message-model-slug=\"gpt-4o-mini\">\n<div class=\"flex w-full flex-col gap-1 empty:hidden first:pt-[3px]\">\n<div class=\"markdown prose w-full break-words dark:prose-invert light\">\n<p><strong>CRKT PIET 5390 je elegantn\u00ed a funk\u010dn\u00ed n\u016f\u017e, kter\u00fd se skv\u011ble hod\u00ed pro ka\u017edodenn\u00ed no\u0161en\u00ed ve m\u011bst\u011b. D\u00edky lehk\u00e9mu a kompaktn\u00edmu designu, snadn\u00e9mu otev\u00edr\u00e1n\u00ed jednou rukou a kvalitn\u00edm materi\u00e1l\u016fm je tento n\u016f\u017e ide\u00e1ln\u00ed pro ka\u017edodenn\u00ed \u00fakoly a lehk\u00e9 pracovn\u00ed nasazen\u00ed. Jesper Voxnaes vytvo\u0159il n\u016f\u017e, kter\u00fd kombinuje modern\u00ed estetiku s vynikaj\u00edc\u00ed funk\u010dnost\u00ed, co\u017e z n\u011bj \u010din\u00ed ide\u00e1ln\u00ed volbu pro ka\u017ed\u00e9ho, kdo hled\u00e1 spolehliv\u00fd a stylov\u00fd n\u016f\u017e pro ka\u017edodenn\u00ed pou\u017eit\u00ed.<\/strong><\/p>\n<\/div>\n<\/div>\n<\/div>\n<\/div>\n<div class=\"mb-2 flex gap-3 empty:hidden -ml-2\">\n<div class=\"items-center justify-start rounded-xl p-1 flex\">\n<div class=\"flex items-center\"><\/div>\n<\/div>\n<\/div>\n","protected":false},"featured_media":221183,"comment_status":"open","ping_status":"closed","template":"","meta":[],"pwb-brand":[209],"product_brand":[],"product_cat":[22,17],"product_tag":[3667],"class_list":{"0":"post-221182","1":"product","2":"type-product","3":"status-publish","4":"has-post-thumbnail","6":"pwb-brand-crkt","7":"product_cat-zaviraci-noze","8":"product_cat-noze","9":"product_tag-b2b","11":"first","12":"outofstock","13":"taxable","14":"shipping-taxable","15":"purchasable","16":"product-type-simple"},"brands":[{"id":209,"name":"CRKT","slug":"crkt"}],"_links":{"self":[{"href":"https:\/\/www.moskito.cz\/pl\/wp-json\/wp\/v2\/product\/221182","targetHints":{"allow":["GET"]}}],"collection":[{"href":"https:\/\/www.moskito.cz\/pl\/wp-json\/wp\/v2\/product"}],"about":[{"href":"https:\/\/www.moskito.cz\/pl\/wp-json\/wp\/v2\/types\/product"}],"replies":[{"embeddable":true,"href":"https:\/\/www.moskito.cz\/pl\/wp-json\/wp\/v2\/comments?post=221182"}],"wp:featuredmedia":[{"embeddable":true,"href":"https:\/\/www.moskito.cz\/pl\/wp-json\/wp\/v2\/media\/221183"}],"wp:attachment":[{"href":"https:\/\/www.moskito.cz\/pl\/wp-json\/wp\/v2\/media?parent=221182"}],"wp:term":[{"taxonomy":"pwb-brand","embeddable":true,"href":"https:\/\/www.moskito.cz\/pl\/wp-json\/wp\/v2\/pwb-brand?post=221182"},{"taxonomy":"product_brand","embeddable":true,"href":"https:\/\/www.moskito.cz\/pl\/wp-json\/wp\/v2\/product_brand?post=221182"},{"taxonomy":"product_cat","embeddable":true,"href":"https:\/\/www.moskito.cz\/pl\/wp-json\/wp\/v2\/product_cat?post=221182"},{"taxonomy":"product_tag","embeddable":true,"href":"https:\/\/www.moskito.cz\/pl\/wp-json\/wp\/v2\/product_tag?post=221182"}],"curies":[{"name":"wp","href":"https:\/\/api.w.org\/{rel}","templated":true}]}}