{"id":221551,"date":"2022-08-20T07:41:13","date_gmt":"2022-08-20T06:41:13","guid":{"rendered":"https:\/\/www.moskito.cz\/?post_type=product&#038;p=221551"},"modified":"2025-05-07T10:40:17","modified_gmt":"2025-05-07T09:40:17","slug":"zaviraci-nuz-crkt-dually-7086","status":"publish","type":"product","link":"https:\/\/www.moskito.cz\/pl\/produkt\/zaviraci-nuz-crkt-dually-7086\/","title":{"rendered":"Zav\u00edrac\u00ed N\u016f\u017e CRKT DUALLY 7086"},"content":{"rendered":"<div class=\"flex-1 overflow-hidden @container\/thread\">\n<div class=\"h-full\">\n<div class=\"react-scroll-to-bottom--css-vxybp-79elbk h-full\">\n<div class=\"react-scroll-to-bottom--css-vxybp-1n7m0yu\">\n<div class=\"flex flex-col text-sm md:pb-9\">\n<article class=\"w-full scroll-mb-[var(--thread-trailing-height,150px)] text-token-text-primary focus-visible:outline-2 focus-visible:outline-offset-[-4px]\" dir=\"auto\" data-testid=\"conversation-turn-303\" data-scroll-anchor=\"true\">\n<div class=\"m-auto text-base py-[18px] px-3 md:px-4 w-full md:px-5 lg:px-4 xl:px-5\">\n<div class=\"mx-auto flex flex-1 gap-4 text-base md:gap-5 lg:gap-6 md:max-w-3xl\">\n<div class=\"group\/conversation-turn relative flex w-full min-w-0 flex-col agent-turn\">\n<div class=\"flex-col gap-1 md:gap-3\">\n<div class=\"flex max-w-full flex-col flex-grow\">\n<div class=\"min-h-8 text-message flex w-full flex-col items-end gap-2 whitespace-normal break-words text-start [.text-message+&amp;]:mt-5\" dir=\"auto\" data-message-author-role=\"assistant\" data-message-id=\"47a6a3a6-2876-4393-931a-83166bc18139\" data-message-model-slug=\"gpt-4o-mini\">\n<div class=\"flex w-full flex-col gap-1 empty:hidden first:pt-[3px]\">\n<div class=\"markdown prose w-full break-words dark:prose-invert light\">\n<p><strong>Zav\u00edrac\u00ed N\u016f\u017e CRKT DUALLY 7086<\/strong> je skv\u011bl\u00fd v\u00edce\u00fa\u010delov\u00fd n\u00e1stroj, kter\u00fd kombinuje prakti\u010dnost a kompaktn\u00ed design. Je ide\u00e1ln\u00ed pro ka\u017edodenn\u00ed no\u0161en\u00ed (EDC) d\u00edky sv\u00e9 lehk\u00e9 konstrukci, v\u0161estrann\u00e9mu pou\u017eit\u00ed a p\u0159\u00edtomnosti integrovan\u00e9ho otv\u00edr\u00e1ku na l\u00e1hve, co\u017e z n\u011bj d\u011bl\u00e1 skv\u011bl\u00e9ho spole\u010dn\u00edka nejen na pr\u00e1ci, ale i pro volno\u010dasov\u00e9 aktivity. Tento n\u016f\u017e je navr\u017een\u00fd tak, aby pokryl z\u00e1kladn\u00ed pot\u0159eby a poskytl u\u017eivateli jednoduchost a efektivitu v jednom balen\u00ed.<\/p>\n<h3><strong>Hlavn\u00ed vlastnosti:<\/strong><\/h3>\n<ol>\n<li><strong>Dvou\u00fa\u010delov\u00fd design<\/strong>:\n<ul>\n<li><strong>Otv\u00edr\u00e1k na l\u00e1hve<\/strong>: Integrovan\u00fd otv\u00edr\u00e1k na l\u00e1hve p\u0159id\u00e1v\u00e1 praktickou funkci, kter\u00e1 je u\u017eite\u010dn\u00e1 p\u0159i r\u016fzn\u00fdch p\u0159\u00edle\u017eitostech, a\u0165 u\u017e na v\u00fdlet\u011b, v pr\u00e1ci nebo na p\u00e1rty.<\/li>\n<\/ul>\n<\/li>\n<li><strong>Snadn\u00e9 ost\u0159en\u00ed<\/strong>:\n<ul>\n<li><strong>Vysoce uhl\u00edkov\u00e1 nerezov\u00e1 ocel 5Cr15MoV<\/strong>: \u010cepel je vyrobena z kvalitn\u00ed oceli, kter\u00e1 dob\u0159e dr\u017e\u00ed ost\u0159\u00ed a je snadn\u00e1 na \u00fadr\u017ebu. Tato ocel je ide\u00e1ln\u00ed pro denn\u00ed pou\u017eit\u00ed a zaji\u0161\u0165uje dlouhou \u017eivotnost \u010depele.<\/li>\n<\/ul>\n<\/li>\n<li><strong>Bezpe\u010dn\u00e9 zamyk\u00e1n\u00ed<\/strong>:\n<ul>\n<li><strong>Classic Lock<\/strong>: N\u016f\u017e je vybaven klouzav\u00fdm z\u00e1mkem, kter\u00fd zaji\u0161\u0165uje, \u017ee n\u016f\u017e z\u016fstane bezpe\u010dn\u011b v otev\u0159en\u00e9 nebo zav\u0159en\u00e9 poloze, \u010d\u00edm\u017e poskytuje bezpe\u010dnost p\u0159i pou\u017e\u00edv\u00e1n\u00ed.<\/li>\n<\/ul>\n<\/li>\n<li><strong>Pohodln\u00e1 a odoln\u00e1 rukoje\u0165<\/strong>:\n<ul>\n<li><strong>Nylonov\u00e1 rukoje\u0165 vyztu\u017een\u00e1 sklem<\/strong>: Rukoje\u0165 je odoln\u00e1, lehk\u00e1 a pohodln\u00e1, co\u017e zaji\u0161\u0165uje pevn\u00fd a komfortn\u00ed \u00fachop p\u0159i pou\u017eit\u00ed no\u017ee. Rukoje\u0165 je navr\u017eena tak, aby vydr\u017eela i n\u00e1ro\u010dn\u00e9 podm\u00ednky.<\/li>\n<\/ul>\n<\/li>\n<li><strong>Kompaktn\u00ed a lehk\u00fd<\/strong>:\n<ul>\n<li><strong>N\u00edzk\u00e1 hmotnost<\/strong>: S hmotnost\u00ed 1,70 oz (48,19 g) je tento n\u016f\u017e dostate\u010dn\u011b lehk\u00fd pro ka\u017edodenn\u00ed no\u0161en\u00ed a snadno se vejde do kapsy nebo na kl\u00ed\u010denku.<\/li>\n<\/ul>\n<\/li>\n<li><strong>Mo\u017enosti p\u0159\u00edslu\u0161enstv\u00ed<\/strong>:\n<ul>\n<li><strong>Otvor pro \u0161\u0148\u016frku nebo p\u0159\u00edv\u011bsek<\/strong>: Umo\u017e\u0148uje p\u0159ipojit n\u016f\u017e k kl\u00ed\u010dence nebo jin\u00e9mu p\u0159\u00edslu\u0161enstv\u00ed, co\u017e zaji\u0161\u0165uje, \u017ee budete m\u00edt n\u016f\u017e v\u017edy po ruce.<\/li>\n<\/ul>\n<\/li>\n<\/ol>\n<h3><strong>Specifikace<\/strong>:<\/h3>\n<ul>\n<li><strong>D\u00e9lka \u010depele<\/strong>: 1,72&#8243; (43,61 mm)<\/li>\n<li><strong>Ost\u0159\u00ed \u010depele<\/strong>: Prost\u00fd<\/li>\n<li><strong>\u010cepel<\/strong>: Ocel 5Cr15MoV<\/li>\n<li><strong>Povrchov\u00e1 \u00faprava \u010depele<\/strong>: Odst\u0159el kor\u00e1lk\u016f<\/li>\n<li><strong>Tlou\u0161\u0165ka \u010depele<\/strong>: 0,09&#8243; (2,26 mm)<\/li>\n<li><strong>Celkov\u00e1 d\u00e9lka<\/strong>: 4,81&#8243; (122,25 mm)<\/li>\n<li><strong>Uzav\u0159en\u00e1 d\u00e9lka<\/strong>: 3,51&#8243; (89,05 mm)<\/li>\n<li><strong>Hmotnost<\/strong>: 1,70 oz (48,19 g)<\/li>\n<li><strong>Rukoje\u0165<\/strong>: Nylon vyztu\u017een\u00fd sklem<\/li>\n<li><strong>Styl<\/strong>: Skl\u00e1dac\u00ed n\u016f\u017e s posuvn\u00fdm kloubem<\/li>\n<\/ul>\n<p>Tento <strong>Zav\u00edrac\u00ed N\u016f\u017e CRKT DUALLY 7086<\/strong> je ide\u00e1ln\u00edm spole\u010dn\u00edkem pro ka\u017edodenn\u00ed no\u0161en\u00ed, kdy hled\u00e1te n\u00e1stroj, kter\u00fd zvl\u00e1dne ka\u017edodenn\u00ed \u00fakoly a z\u00e1rove\u0148 nab\u00edz\u00ed p\u0159idanou hodnotu v podob\u011b otv\u00edr\u00e1ku na l\u00e1hve. Kompaktn\u00ed velikost a robustn\u00ed design z n\u011bj \u010din\u00ed skv\u00e9l\u00e9 EDC \u0159e\u0161en\u00ed.<\/p>\n<\/div>\n<\/div>\n<\/div>\n<\/div>\n<div class=\"mb-2 flex gap-3 empty:hidden -ml-2\">\n<div class=\"items-center justify-start rounded-xl p-1 flex\">\n<div class=\"flex items-center\"><\/div>\n<\/div>\n<\/div>\n<div class=\"pr-2 lg:pr-0\"><\/div>\n<div class=\"mt-3 w-full empty:hidden\">\n<div class=\"text-center\"><\/div>\n<\/div>\n<\/div>\n<div class=\"absolute\">\n<div class=\"flex items-center justify-center\"><\/div>\n<\/div>\n<\/div>\n<\/div>\n<\/div>\n<\/article>\n<\/div>\n<\/div>\n<\/div>\n<\/div>\n<\/div>\n<div class=\"md:pt-0 dark:border-white\/20 md:border-transparent md:dark:border-transparent w-full\">\n<div>\n<div class=\"m-auto text-base px-3 md:px-4 w-full md:px-5 lg:px-4 xl:px-5\">\n<div class=\"mx-auto flex flex-1 gap-4 text-base md:gap-5 lg:gap-6 md:max-w-3xl\">\n<div class=\"flex justify-center\"><\/div>\n<\/div>\n<\/div>\n<\/div>\n<\/div>\n","protected":false},"excerpt":{"rendered":"<p><strong>Tento Zav\u00edrac\u00ed N\u016f\u017e CRKT DUALLY 7086 je ide\u00e1ln\u00edm spole\u010dn\u00edkem pro ka\u017edodenn\u00ed no\u0161en\u00ed, kdy hled\u00e1te n\u00e1stroj, kter\u00fd zvl\u00e1dne ka\u017edodenn\u00ed \u00fakoly a z\u00e1rove\u0148 nab\u00edz\u00ed p\u0159idanou hodnotu v podob\u011b otv\u00edr\u00e1ku na l\u00e1hve. Kompaktn\u00ed velikost a robustn\u00ed design z n\u011bj \u010din\u00ed skv\u00e9l\u00e9 EDC \u0159e\u0161en\u00ed.<\/strong><\/p>\n","protected":false},"featured_media":221552,"comment_status":"open","ping_status":"closed","template":"","meta":[],"pwb-brand":[209],"product_brand":[],"product_cat":[22,17],"product_tag":[3667],"class_list":{"0":"post-221551","1":"product","2":"type-product","3":"status-publish","4":"has-post-thumbnail","6":"pwb-brand-crkt","7":"product_cat-zaviraci-noze","8":"product_cat-noze","9":"product_tag-b2b","11":"first","12":"instock","13":"taxable","14":"shipping-taxable","15":"purchasable","16":"product-type-simple"},"brands":[{"id":209,"name":"CRKT","slug":"crkt"}],"_links":{"self":[{"href":"https:\/\/www.moskito.cz\/pl\/wp-json\/wp\/v2\/product\/221551","targetHints":{"allow":["GET"]}}],"collection":[{"href":"https:\/\/www.moskito.cz\/pl\/wp-json\/wp\/v2\/product"}],"about":[{"href":"https:\/\/www.moskito.cz\/pl\/wp-json\/wp\/v2\/types\/product"}],"replies":[{"embeddable":true,"href":"https:\/\/www.moskito.cz\/pl\/wp-json\/wp\/v2\/comments?post=221551"}],"wp:featuredmedia":[{"embeddable":true,"href":"https:\/\/www.moskito.cz\/pl\/wp-json\/wp\/v2\/media\/221552"}],"wp:attachment":[{"href":"https:\/\/www.moskito.cz\/pl\/wp-json\/wp\/v2\/media?parent=221551"}],"wp:term":[{"taxonomy":"pwb-brand","embeddable":true,"href":"https:\/\/www.moskito.cz\/pl\/wp-json\/wp\/v2\/pwb-brand?post=221551"},{"taxonomy":"product_brand","embeddable":true,"href":"https:\/\/www.moskito.cz\/pl\/wp-json\/wp\/v2\/product_brand?post=221551"},{"taxonomy":"product_cat","embeddable":true,"href":"https:\/\/www.moskito.cz\/pl\/wp-json\/wp\/v2\/product_cat?post=221551"},{"taxonomy":"product_tag","embeddable":true,"href":"https:\/\/www.moskito.cz\/pl\/wp-json\/wp\/v2\/product_tag?post=221551"}],"curies":[{"name":"wp","href":"https:\/\/api.w.org\/{rel}","templated":true}]}}