{"id":222883,"date":"2022-09-01T19:43:30","date_gmt":"2022-09-01T18:43:30","guid":{"rendered":"https:\/\/www.moskito.cz\/?post_type=product&#038;p=222883"},"modified":"2025-05-07T10:40:35","modified_gmt":"2025-05-07T09:40:35","slug":"propiska-crkt-williams-defense-pen-od-green","status":"publish","type":"product","link":"https:\/\/www.moskito.cz\/pl\/produkt\/propiska-crkt-williams-defense-pen-od-green\/","title":{"rendered":"Propiska CRKT WILLIAMS DEFENSE PEN OD GREEN"},"content":{"rendered":"<p><strong>Propiska CRKT Williams Defense Pen OD Green<\/strong> je nejen stylov\u00fdm psac\u00edm n\u00e1strojem, ale i praktick\u00fdm a skryt\u00fdm obrann\u00fdm n\u00e1strojem. Navr\u017eena b\u00fdval\u00fdm arm\u00e1dn\u00edm d\u016fstojn\u00edkem a instruktorem bojov\u00fdch um\u011bn\u00ed Jamesem Williamsem, tato propiska spojuje design, funk\u010dnost a mo\u017enost pou\u017e\u00edt ji v p\u0159\u00edpad\u011b nouze. Kdy\u017e je pot\u0159eba, m\u016f\u017ee slou\u017eit jako nen\u00e1padn\u00e1 sou\u010d\u00e1st va\u0161eho ka\u017edodenn\u00edho vybaven\u00ed, kter\u00e1 m\u00e1 v\u00edce vyu\u017eit\u00ed ne\u017e jen psan\u00ed.<\/p>\n<h3>Kl\u00ed\u010dov\u00e9 vlastnosti:<\/h3>\n<ol>\n<li><strong>Multifunk\u010dnost<\/strong>:\n<ul>\n<li>Williams Defense Pen je navr\u017een tak, aby byl <strong>diskr\u00e9tn\u00ed a nen\u00e1padn\u00fd<\/strong>, ale z\u00e1rove\u0148 dostate\u010dn\u011b pevn\u00fd pro pou\u017eit\u00ed jako <strong>obrann\u00fd n\u00e1stroj<\/strong> v p\u0159\u00edpad\u011b pot\u0159eby. James Williams vyu\u017eil sv\u00e9 zku\u0161enosti s bojov\u00fdmi um\u011bn\u00edmi k vytvo\u0159en\u00ed pera, kter\u00e9 je u\u017eite\u010dn\u00e9 nejen pro psan\u00ed, ale i pro ochranu.<\/li>\n<\/ul>\n<\/li>\n<li><strong>Ergonomick\u00fd a pevn\u00fd design<\/strong>:\n<ul>\n<li><strong>Hlin\u00edkov\u00e1 rukoje\u0165<\/strong> je <strong>lehk\u00e1<\/strong> a p\u0159itom <strong>pevn\u00e1<\/strong>, co\u017e zaji\u0161\u0165uje dlouhou \u017eivotnost a pohodln\u00e9 pou\u017e\u00edv\u00e1n\u00ed.<\/li>\n<li>Jeho <strong>n\u00edzkoprofilov\u00e1 konstrukce<\/strong> je navr\u017eena pro pohodln\u00e9 no\u0161en\u00ed, ani\u017e by byla p\u0159\u00edli\u0161 n\u00e1padn\u00e1 v kapse nebo ta\u0161ce.<\/li>\n<\/ul>\n<\/li>\n<li><strong>Odoln\u00e1 povrchov\u00e1 \u00faprava<\/strong>:\n<ul>\n<li><strong>Typ III OD Zelen\u00e9 eloxov\u00e1n\u00ed<\/strong> je nejen odoln\u00e9 v\u016f\u010di <strong>po\u0161kr\u00e1b\u00e1n\u00ed<\/strong>, ale tak\u00e9 dod\u00e1v\u00e1 propisce vojensk\u00fd vzhled. Toto eloxov\u00e1n\u00ed zaji\u0161\u0165uje, \u017ee propiska vydr\u017e\u00ed i n\u00e1ro\u010dn\u00e9 podm\u00ednky pou\u017e\u00edv\u00e1n\u00ed bez ztr\u00e1ty estetick\u00e9ho vzhledu.<\/li>\n<\/ul>\n<\/li>\n<li><strong>Psac\u00ed funkce<\/strong>:\n<ul>\n<li><strong>Tlakov\u00e1 inkoustov\u00e1 kazeta<\/strong> zaji\u0161\u0165uje, \u017ee pero funguje i za extr\u00e9mn\u00edch podm\u00ednek, jako jsou zm\u011bny tlaku, extr\u00e9mn\u00ed teploty nebo psan\u00ed na mokr\u00fdch povr\u0161\u00edch. Ide\u00e1ln\u00ed pro neform\u00e1ln\u00ed pou\u017eit\u00ed nebo pro profesion\u00e1ly v ter\u00e9nu.<\/li>\n<\/ul>\n<\/li>\n<\/ol>\n<h3>Specifikace:<\/h3>\n<ul>\n<li><strong>Hmotnost pera<\/strong>: 1,30 oz (36,85 g)<\/li>\n<li><strong>Pr\u016fm\u011br pera<\/strong>: 0,57&#8243; (14,58 mm)<\/li>\n<li><strong>Rukoje\u0165 pera<\/strong>: 6061 hlin\u00edkov\u00e1, eloxovan\u00e1 v <strong>OD zelen\u00e9 barv\u011b<\/strong><\/li>\n<li><strong>Typ n\u00e1pln\u011b<\/strong>: Tlakov\u00e1 inkoustov\u00e1 kazeta<\/li>\n<li><strong>Hmotnost<\/strong>: 1,30 oz (36,85 g)<\/li>\n<\/ul>\n<h3>Mo\u017enosti vyu\u017eit\u00ed:<\/h3>\n<ul>\n<li><strong>Ka\u017edodenn\u00ed no\u0161en\u00ed (EDC)<\/strong>:\n<ul>\n<li>Jako stylov\u00fd a funk\u010dn\u00ed psac\u00ed n\u00e1stroj, kter\u00fd se vejde do ka\u017ed\u00e9 kapsy, nab\u00edz\u00ed Williams Defense Pen pohodl\u00ed a p\u0159ipravenost na ka\u017edou situaci.<\/li>\n<\/ul>\n<\/li>\n<li><strong>Obrann\u00fd n\u00e1stroj<\/strong>:\n<ul>\n<li>V p\u0159\u00edpad\u011b pot\u0159eby m\u016f\u017ee slou\u017eit jako skryt\u00fd obrann\u00fd n\u00e1stroj, kter\u00fd se rychle stane va\u0161\u00ed ochranou, pokud by se situace vyhrotila.<\/li>\n<\/ul>\n<\/li>\n<li><strong>Profesion\u00e1ln\u00ed pou\u017eit\u00ed<\/strong>:\n<ul>\n<li>Tento pero je skv\u00e9l\u00e9 pro profesion\u00e1ly, kte\u0159\u00ed pracuj\u00ed v n\u00e1ro\u010dn\u00fdch podm\u00ednk\u00e1ch nebo v ter\u00e9nu, kde je d\u016fle\u017eit\u00e1 spolehlivost a odolnost n\u00e1stroj\u016f.<\/li>\n<\/ul>\n<\/li>\n<\/ul>\n<h3>Z\u00e1v\u011br:<\/h3>\n<p><strong>CRKT Williams Defense Pen<\/strong> je nejen psac\u00ed n\u00e1stroj, ale i nen\u00e1padn\u00fd a siln\u00fd obrann\u00fd n\u00e1stroj, kter\u00fd spojuje funk\u010dnost, odolnost a diskr\u00e9tnost. D\u00edky kompaktn\u00ed velikosti a odoln\u00e9 konstrukci je ide\u00e1ln\u00ed pro ka\u017edodenn\u00ed no\u0161en\u00ed, ale nab\u00edz\u00ed i mo\u017enost pou\u017e\u00edt ho v p\u0159\u00edpad\u011b nebezpe\u010d\u00ed. Tlakov\u00e1 inkoustov\u00e1 kazeta zaji\u0161\u0165uje, \u017ee pero funguje v jak\u00fdchkoli podm\u00ednk\u00e1ch, a povrchov\u00e1 \u00faprava zaru\u010duje jeho dlouhou \u017eivotnost i p\u0159i n\u00e1ro\u010dn\u00e9m pou\u017e\u00edv\u00e1n\u00ed.<\/p>\n","protected":false},"excerpt":{"rendered":"<p><strong>CRKT Williams Defense Pen je nejen psac\u00ed n\u00e1stroj, ale i nen\u00e1padn\u00fd a siln\u00fd obrann\u00fd n\u00e1stroj, kter\u00fd spojuje funk\u010dnost, odolnost a diskr\u00e9tnost. D\u00edky kompaktn\u00ed velikosti a odoln\u00e9 konstrukci je ide\u00e1ln\u00ed pro ka\u017edodenn\u00ed no\u0161en\u00ed, ale nab\u00edz\u00ed i mo\u017enost pou\u017e\u00edt ho v p\u0159\u00edpad\u011b nebezpe\u010d\u00ed. Tlakov\u00e1 inkoustov\u00e1 kazeta zaji\u0161\u0165uje, \u017ee pero funguje v jak\u00fdchkoli podm\u00ednk\u00e1ch, a povrchov\u00e1 \u00faprava zaru\u010duje jeho dlouhou \u017eivotnost i p\u0159i n\u00e1ro\u010dn\u00e9m pou\u017e\u00edv\u00e1n\u00ed.<\/strong><\/p>\n","protected":false},"featured_media":222884,"comment_status":"open","ping_status":"closed","template":"","meta":[],"pwb-brand":[209],"product_brand":[],"product_cat":[22,17],"product_tag":[3667],"class_list":{"0":"post-222883","1":"product","2":"type-product","3":"status-publish","4":"has-post-thumbnail","6":"pwb-brand-crkt","7":"product_cat-zaviraci-noze","8":"product_cat-noze","9":"product_tag-b2b","11":"first","12":"instock","13":"taxable","14":"shipping-taxable","15":"purchasable","16":"product-type-simple"},"brands":[{"id":209,"name":"CRKT","slug":"crkt"}],"_links":{"self":[{"href":"https:\/\/www.moskito.cz\/pl\/wp-json\/wp\/v2\/product\/222883","targetHints":{"allow":["GET"]}}],"collection":[{"href":"https:\/\/www.moskito.cz\/pl\/wp-json\/wp\/v2\/product"}],"about":[{"href":"https:\/\/www.moskito.cz\/pl\/wp-json\/wp\/v2\/types\/product"}],"replies":[{"embeddable":true,"href":"https:\/\/www.moskito.cz\/pl\/wp-json\/wp\/v2\/comments?post=222883"}],"wp:featuredmedia":[{"embeddable":true,"href":"https:\/\/www.moskito.cz\/pl\/wp-json\/wp\/v2\/media\/222884"}],"wp:attachment":[{"href":"https:\/\/www.moskito.cz\/pl\/wp-json\/wp\/v2\/media?parent=222883"}],"wp:term":[{"taxonomy":"pwb-brand","embeddable":true,"href":"https:\/\/www.moskito.cz\/pl\/wp-json\/wp\/v2\/pwb-brand?post=222883"},{"taxonomy":"product_brand","embeddable":true,"href":"https:\/\/www.moskito.cz\/pl\/wp-json\/wp\/v2\/product_brand?post=222883"},{"taxonomy":"product_cat","embeddable":true,"href":"https:\/\/www.moskito.cz\/pl\/wp-json\/wp\/v2\/product_cat?post=222883"},{"taxonomy":"product_tag","embeddable":true,"href":"https:\/\/www.moskito.cz\/pl\/wp-json\/wp\/v2\/product_tag?post=222883"}],"curies":[{"name":"wp","href":"https:\/\/api.w.org\/{rel}","templated":true}]}}