{"id":223129,"date":"2022-09-03T13:25:36","date_gmt":"2022-09-03T12:25:36","guid":{"rendered":"https:\/\/www.moskito.cz\/?post_type=product&#038;p=223129"},"modified":"2025-06-28T11:31:04","modified_gmt":"2025-06-28T10:31:04","slug":"zaviraci-nuz-crkt-k-i-s-s-with-triple-point-serrations-5510","status":"publish","type":"product","link":"https:\/\/www.moskito.cz\/pl\/produkt\/zaviraci-nuz-crkt-k-i-s-s-with-triple-point-serrations-5510\/","title":{"rendered":"Zav\u00edrac\u00ed N\u016f\u017e CRKT K.I.S.S. WITH TRIPLE POINT SERRATIONS 5510"},"content":{"rendered":"<p>&nbsp;<\/p>\n<div class=\"flex-1 overflow-hidden @container\/thread\">\n<div class=\"h-full\">\n<div class=\"react-scroll-to-bottom--css-vxybp-79elbk h-full\">\n<div class=\"react-scroll-to-bottom--css-vxybp-1n7m0yu\">\n<div class=\"flex flex-col text-sm md:pb-9\">\n<article class=\"w-full scroll-mb-[var(--thread-trailing-height,150px)] text-token-text-primary focus-visible:outline-2 focus-visible:outline-offset-[-4px]\" dir=\"auto\" data-testid=\"conversation-turn-203\" data-scroll-anchor=\"true\">\n<div class=\"m-auto text-base py-[18px] px-3 md:px-4 w-full md:px-5 lg:px-4 xl:px-5\">\n<div class=\"mx-auto flex flex-1 gap-4 text-base md:gap-5 lg:gap-6 md:max-w-3xl\">\n<div class=\"group\/conversation-turn relative flex w-full min-w-0 flex-col agent-turn\">\n<div class=\"flex-col gap-1 md:gap-3\">\n<div class=\"flex max-w-full flex-col flex-grow\">\n<div class=\"min-h-8 text-message flex w-full flex-col items-end gap-2 whitespace-normal break-words text-start [.text-message+&amp;]:mt-5\" dir=\"auto\" data-message-author-role=\"assistant\" data-message-id=\"58fe396b-e4d8-4ca1-bf34-9f652eb57391\" data-message-model-slug=\"gpt-4o-mini\">\n<div class=\"flex w-full flex-col gap-1 empty:hidden first:pt-[3px]\">\n<div class=\"markdown prose w-full break-words dark:prose-invert light\">\n<p><strong>Zav\u00edrac\u00ed N\u016f\u017e CRKT K.I.S.S. WITH TRIPLE POINT SERRATIONS\u2122 5510<\/strong> je skv\u011bl\u00fdm p\u0159\u00edkladem <strong>jednoduchosti<\/strong> a <strong>efektivity<\/strong> v designu, kombinuj\u00edc\u00ed preciznost a inovaci. Tento n\u016f\u017e, navr\u017een\u00fd <strong>Edem Halliganem<\/strong>, je ide\u00e1ln\u00ed volbou pro <strong>ka\u017edodenn\u00ed no\u0161en\u00ed<\/strong> a je <strong>cen\u011bn<\/strong> pro sv\u016fj <strong>minimalistick\u00fd<\/strong> a <strong>funk\u010dn\u00ed design<\/strong>.<\/p>\n<h3>Kl\u00ed\u010dov\u00e9 vlastnosti:<\/h3>\n<ol>\n<li><strong>Jednoduch\u00fd a efektivn\u00ed design<\/strong>:\n<ul>\n<li><strong>K.I.S.S.<\/strong> znamen\u00e1 <strong>Keep It Super Simple<\/strong>, co\u017e dokonale vystihuje filozofii tohoto no\u017ee.<\/li>\n<li><strong>Dvoud\u00edln\u00e1 konstrukce<\/strong> s <strong>integ\u00e1ln\u00edm z\u00e1mkem r\u00e1mu<\/strong> a <strong>p\u0159esn\u00fdm l\u00edcov\u00e1n\u00edm<\/strong> \u010depele k r\u00e1mu poskytuje vynikaj\u00edc\u00ed <strong>stabilitu<\/strong> a <strong>pevnost<\/strong>.<\/li>\n<\/ul>\n<\/li>\n<li><strong>Unik\u00e1tn\u00ed tvar \u010depele inspirovan\u00fd Tanto<\/strong>:\n<ul>\n<li>\u010cepel je <strong>brou\u0161ena ve stylu Tanto<\/strong>, co\u017e znamen\u00e1, \u017ee m\u00e1 <strong>dl\u00e1tov\u00fd hrot na p\u0159edn\u00ed stran\u011b<\/strong> a <strong>ploch\u00e9 ost\u0159\u00ed na zadn\u00ed stran\u011b<\/strong>.<\/li>\n<li>Tento design je ide\u00e1ln\u00ed pro <strong>precizn\u00ed \u0159ezy<\/strong> a <strong>vysokou odolnost<\/strong> v t\u011b\u017ek\u00fdch podm\u00ednk\u00e1ch.<\/li>\n<li>Nab\u00edz\u00ed varianty <strong>Razor-Sharp<\/strong> a <strong>Triple Point Serrations\u2122<\/strong>, co\u017e zaji\u0161\u0165uje <strong>skv\u011blou efektivitu<\/strong> p\u0159i \u0159ez\u00e1n\u00ed r\u016fzn\u00fdch materi\u00e1l\u016f, jako jsou provazy nebo \u0161\u0148\u016fry.<\/li>\n<\/ul>\n<\/li>\n<li><strong>Snadn\u00e9 otev\u00edr\u00e1n\u00ed a bezpe\u010dn\u00e9 uzam\u010den\u00ed<\/strong>:\n<ul>\n<li><strong>Palcov\u00fd kol\u00edk<\/strong> umo\u017e\u0148uje snadn\u00e9 otev\u0159en\u00ed no\u017ee jednou rukou.<\/li>\n<li>Po \u00fapln\u00e9m otev\u0159en\u00ed se <strong>z\u00e1mek r\u00e1mu<\/strong> automaticky zacvakne, co\u017e zajist\u00ed <strong>siln\u00e9 a bezpe\u010dn\u00e9 uzam\u010den\u00ed<\/strong> \u010depele na m\u00edst\u011b.<\/li>\n<li>Tento design je nejen efektivn\u00ed, ale i <strong>snadno ovladateln\u00fd jednou rukou<\/strong>.<\/li>\n<\/ul>\n<\/li>\n<li><strong>Kvalitn\u00ed materi\u00e1ly<\/strong>:\n<ul>\n<li><strong>\u010cepel je vyrobena z nerezov\u00e9 oceli 3Cr13<\/strong>, co\u017e poskytuje <strong>dobrou ostrost<\/strong> a <strong>odolnost proti korozi<\/strong>.<\/li>\n<li><strong>Povrchov\u00e1 \u00faprava<\/strong> v podob\u011b <strong>otrysk\u00e1v\u00e1n\u00ed kor\u00e1lky<\/strong> zaji\u0161\u0165uje p\u0159\u00edjemn\u00fd vzhled a <strong>vy\u0161\u0161\u00ed odolnost proti po\u0161kr\u00e1b\u00e1n\u00ed<\/strong>.<\/li>\n<\/ul>\n<\/li>\n<li><strong>Kapesn\u00ed a pen\u011b\u017en\u00ed spona<\/strong>:\n<ul>\n<li>N\u016f\u017e je vybaven <strong>kapesn\u00ed sponou<\/strong>, kter\u00e1 umo\u017e\u0148uje <strong>snadn\u00e9 no\u0161en\u00ed v kapse<\/strong> nebo jako <strong>pen\u011b\u017en\u00ed sponu<\/strong>.<\/li>\n<li>M\u016f\u017ee b\u00fdt tak\u00e9 pou\u017eit s <strong>d\u011blen\u00fdm krou\u017ekem<\/strong> nebo <strong>\u0161\u0148\u016frkou<\/strong> jako p\u0159\u00edv\u011bsek na kl\u00ed\u010de, co\u017e d\u00e1v\u00e1 v\u00edce mo\u017enost\u00ed pro praktick\u00e9 no\u0161en\u00ed.<\/li>\n<\/ul>\n<\/li>\n<\/ol>\n<h3>Specifikace:<\/h3>\n<ul>\n<li><strong>D\u00e9lka \u010depele<\/strong>: 2,25&#8243; (57,18 mm)<\/li>\n<li><strong>Ost\u0159\u00ed \u010depele<\/strong>: Triple Point Serrations\u2122<\/li>\n<li><strong>Materi\u00e1l \u010depele<\/strong>: Ocel 3Cr13<\/li>\n<li><strong>Povrchov\u00e1 \u00faprava \u010depele<\/strong>: Odst\u0159el kor\u00e1lk\u016f<\/li>\n<li><strong>Tlou\u0161\u0165ka \u010depele<\/strong>: 0,11&#8243; (2,74 mm)<\/li>\n<li><strong>Celkov\u00e1 d\u00e9lka<\/strong>: 5,75&#8243; (146,05 mm)<\/li>\n<li><strong>Uzav\u0159en\u00e1 d\u00e9lka<\/strong>: 3,50&#8243; (88,82 mm)<\/li>\n<li><strong>Hmotnost<\/strong>: 2,20 unce (62,37 g)<\/li>\n<li><strong>Rukoje\u0165<\/strong>: Nerezov\u00e1 ocel<\/li>\n<li><strong>Styl<\/strong>: Skl\u00e1dac\u00ed n\u016f\u017e se z\u00e1mkem r\u00e1mu<\/li>\n<\/ul>\n<h3>Shrnut\u00ed:<\/h3>\n<p><strong>Zav\u00edrac\u00ed N\u016f\u017e CRKT K.I.S.S. WITH TRIPLE POINT SERRATIONS\u2122<\/strong> 5510 je ide\u00e1ln\u00edm n\u00e1strojem pro ka\u017edodenn\u00ed no\u0161en\u00ed, kter\u00fd klade d\u016fraz na <strong>jednoduchost<\/strong>, <strong>efektivitu<\/strong> a <strong>d\u016fraz na funk\u010dnost<\/strong>. Je to revolu\u010dn\u00ed design, kter\u00fd v\u00e1m nab\u00eddne <strong>ostrost<\/strong>, <strong>odolnost<\/strong> a <strong>snadn\u00e9 ovl\u00e1d\u00e1n\u00ed<\/strong> \u2013 a to v\u0161e v <strong>kompaktn\u00edm<\/strong> a <strong>stylov\u00e9m balen\u00ed<\/strong>. Bez ohledu na to, jestli je pou\u017e\u00edv\u00e1n pro <strong>b\u011b\u017en\u00e9 \u00fakoly<\/strong> nebo pro <strong>n\u00e1ro\u010dn\u011bj\u0161\u00ed aplikace<\/strong>, tento n\u016f\u017e je skv\u00e9l\u00e9 kombinace jednoduchosti a vysoce kvalitn\u00edho designu.<\/p>\n<\/div>\n<\/div>\n<\/div>\n<\/div>\n<div class=\"mb-2 flex gap-3 empty:hidden -ml-2\">\n<div class=\"items-center justify-start rounded-xl p-1 flex\">\n<div class=\"flex items-center\"><\/div>\n<\/div>\n<\/div>\n<div class=\"pr-2 lg:pr-0\"><\/div>\n<\/div>\n<\/div>\n<\/div>\n<\/div>\n<\/article>\n<\/div>\n<\/div>\n<\/div>\n<\/div>\n<\/div>\n<p><iframe title=\"CRKT KISS | Ed Halligan Design\" width=\"800\" height=\"450\" src=\"https:\/\/www.youtube.com\/embed\/mHPFP-Ji_vc?feature=oembed\" frameborder=\"0\" allow=\"accelerometer; autoplay; clipboard-write; encrypted-media; gyroscope; picture-in-picture; web-share\" referrerpolicy=\"strict-origin-when-cross-origin\" allowfullscreen><\/iframe><\/p>\n<p>&nbsp;<\/p>\n","protected":false},"excerpt":{"rendered":"<p><strong>Zav\u00edrac\u00ed N\u016f\u017e CRKT K.I.S.S. WITH TRIPLE POINT SERRATIONS\u2122 5510 je ide\u00e1ln\u00edm n\u00e1strojem pro ka\u017edodenn\u00ed no\u0161en\u00ed, kter\u00fd klade d\u016fraz na jednoduchost, efektivitu a d\u016fraz na funk\u010dnost. Je to revolu\u010dn\u00ed design, kter\u00fd v\u00e1m nab\u00eddne ostrost, odolnost a snadn\u00e9 ovl\u00e1d\u00e1n\u00ed \u2013 a to v\u0161e v kompaktn\u00edm a stylov\u00e9m balen\u00ed. Bez ohledu na to, jestli je pou\u017e\u00edv\u00e1n pro b\u011b\u017en\u00e9 \u00fakoly nebo pro n\u00e1ro\u010dn\u011bj\u0161\u00ed aplikace, tento n\u016f\u017e je skv\u00e9l\u00e9 kombinace jednoduchosti a vysoce kvalitn\u00edho designu.<\/strong><\/p>\n","protected":false},"featured_media":223130,"comment_status":"open","ping_status":"closed","template":"","meta":[],"pwb-brand":[209],"product_brand":[],"product_cat":[22,17],"product_tag":[3667],"class_list":{"0":"post-223129","1":"product","2":"type-product","3":"status-publish","4":"has-post-thumbnail","6":"pwb-brand-crkt","7":"product_cat-zaviraci-noze","8":"product_cat-noze","9":"product_tag-b2b","11":"first","12":"instock","13":"sale","14":"taxable","15":"shipping-taxable","16":"purchasable","17":"product-type-simple"},"brands":[{"id":209,"name":"CRKT","slug":"crkt"}],"_links":{"self":[{"href":"https:\/\/www.moskito.cz\/pl\/wp-json\/wp\/v2\/product\/223129","targetHints":{"allow":["GET"]}}],"collection":[{"href":"https:\/\/www.moskito.cz\/pl\/wp-json\/wp\/v2\/product"}],"about":[{"href":"https:\/\/www.moskito.cz\/pl\/wp-json\/wp\/v2\/types\/product"}],"replies":[{"embeddable":true,"href":"https:\/\/www.moskito.cz\/pl\/wp-json\/wp\/v2\/comments?post=223129"}],"wp:featuredmedia":[{"embeddable":true,"href":"https:\/\/www.moskito.cz\/pl\/wp-json\/wp\/v2\/media\/223130"}],"wp:attachment":[{"href":"https:\/\/www.moskito.cz\/pl\/wp-json\/wp\/v2\/media?parent=223129"}],"wp:term":[{"taxonomy":"pwb-brand","embeddable":true,"href":"https:\/\/www.moskito.cz\/pl\/wp-json\/wp\/v2\/pwb-brand?post=223129"},{"taxonomy":"product_brand","embeddable":true,"href":"https:\/\/www.moskito.cz\/pl\/wp-json\/wp\/v2\/product_brand?post=223129"},{"taxonomy":"product_cat","embeddable":true,"href":"https:\/\/www.moskito.cz\/pl\/wp-json\/wp\/v2\/product_cat?post=223129"},{"taxonomy":"product_tag","embeddable":true,"href":"https:\/\/www.moskito.cz\/pl\/wp-json\/wp\/v2\/product_tag?post=223129"}],"curies":[{"name":"wp","href":"https:\/\/api.w.org\/{rel}","templated":true}]}}