{"id":223181,"date":"2022-09-03T20:18:54","date_gmt":"2022-09-03T19:18:54","guid":{"rendered":"https:\/\/www.moskito.cz\/?post_type=product&#038;p=223181"},"modified":"2026-01-18T09:39:14","modified_gmt":"2026-01-18T08:39:14","slug":"pevny-nuz-crkt-scribe-2425","status":"publish","type":"product","link":"https:\/\/www.moskito.cz\/pl\/produkt\/pevny-nuz-crkt-scribe-2425\/","title":{"rendered":"Pevn\u00fd N\u016f\u017e CRKT SCRIBE 2425"},"content":{"rendered":"<p>Pevn\u00fd N\u016f\u017e <strong>CRKT<\/strong> SCRIBE 2425.<\/p>\n<div class=\"flex-1 overflow-hidden @container\/thread\">\n<div class=\"h-full\">\n<div class=\"react-scroll-to-bottom--css-vxybp-79elbk h-full\">\n<div class=\"react-scroll-to-bottom--css-vxybp-1n7m0yu\">\n<div class=\"flex flex-col text-sm\">\n<article class=\"w-full scroll-mb-[var(--thread-trailing-height,150px)] text-token-text-primary focus-visible:outline-2 focus-visible:outline-offset-[-4px]\" dir=\"auto\" data-testid=\"conversation-turn-201\" data-scroll-anchor=\"true\">\n<div class=\"m-auto text-base py-[18px] px-3 md:px-4 w-full md:px-5 lg:px-4 xl:px-5\">\n<div class=\"mx-auto flex flex-1 gap-4 text-base md:gap-5 lg:gap-6 md:max-w-3xl\">\n<div class=\"group\/conversation-turn relative flex w-full min-w-0 flex-col agent-turn\">\n<div class=\"flex-col gap-1 md:gap-3\">\n<div class=\"flex max-w-full flex-col flex-grow\">\n<div class=\"min-h-8 text-message flex w-full flex-col items-end gap-2 whitespace-normal break-words text-start [.text-message+&amp;]:mt-5\" dir=\"auto\" data-message-author-role=\"assistant\" data-message-id=\"798cc5a0-747d-4a52-b8a0-b91bc471a8a0\" data-message-model-slug=\"gpt-4o-mini\">\n<div class=\"flex w-full flex-col gap-1 empty:hidden first:pt-[3px]\">\n<div class=\"markdown prose w-full break-words dark:prose-invert light\">\n<p><strong>CRKT Scribe\u2122<\/strong> je praktick\u00fd, kompaktn\u00ed a <strong>diskr\u00e9tn\u00ed n\u016f\u017e pro ka\u017edodenn\u00ed no\u0161en\u00ed<\/strong>, kter\u00fd byl navr\u017een s c\u00edlem poskytovat <strong>vysokou funk\u010dnost<\/strong> v <strong>n\u00edzk\u00e9m profilu<\/strong>, ide\u00e1ln\u00ed pro <strong>kancel\u00e1\u0159sk\u00e9 prost\u0159ed\u00ed<\/strong> nebo pro <strong>ka\u017edodenn\u00ed \u00fakoly<\/strong>, kde je d\u016fle\u017eit\u00e1 <strong>mobilita<\/strong> a <strong>jednoduchost<\/strong>.<\/p>\n<h3>Kl\u00ed\u010dov\u00e9 vlastnosti:<\/h3>\n<ol>\n<li><strong>Kompaktn\u00ed a n\u00edzkoprofilov\u00fd design<\/strong>:\n<ul>\n<li>N\u016f\u017e <strong>Scribe\u2122<\/strong> m\u00e1 <strong>velmi kompaktn\u00ed velikost<\/strong> (d\u00e9lka \u010depele 1,74&#8243; a celkov\u00e1 d\u00e9lka 4,13&#8243;), co\u017e znamen\u00e1, \u017ee se snadno vejde do va\u0161\u00ed p\u0159edn\u00ed kapsy nebo na kl\u00ed\u010denku.<\/li>\n<li>D\u00edky <strong>n\u00edzk\u00e9mu profilu<\/strong> se snadno skryje v kapse nebo batohu, ani\u017e by p\u0159itahoval zbyte\u010dnou pozornost.<\/li>\n<\/ul>\n<\/li>\n<li><strong>Pevn\u00e1 \u010depel z oceli 5Cr15MoV<\/strong>:\n<ul>\n<li><strong>\u010cepel je vyrobena z kvalitn\u00ed nerezov\u00e9 oceli 5Cr15MoV<\/strong>, co\u017e zaji\u0161\u0165uje dostate\u010dnou ostrost a hou\u017eevnatost pro b\u011b\u017en\u00e9 \u00fakoly, jako je \u0159ez\u00e1n\u00ed bal\u00edk\u016f, st\u0159\u00edh\u00e1n\u00ed nit\u00ed nebo jin\u00e9 men\u0161\u00ed \u00fakoly.<\/li>\n<li><strong>Stonewash povrchov\u00e1 \u00faprava<\/strong> \u010depele poskytuje nejen atraktivn\u00ed vzhled, ale tak\u00e9 <strong>zlep\u0161uje odolnost proti korozi<\/strong> a <strong>po\u0161kr\u00e1b\u00e1n\u00ed<\/strong>.<\/li>\n<\/ul>\n<\/li>\n<li><strong>Praktick\u00e9 pouzdro a snadn\u00e9 no\u0161en\u00ed<\/strong>:\n<ul>\n<li>N\u016f\u017e je dod\u00e1v\u00e1n s <strong>speci\u00e1ln\u00edm pouzdrem<\/strong>, kter\u00e9 dr\u017e\u00ed n\u016f\u017e na m\u00edst\u011b a zaji\u0161\u0165uje, \u017ee je v\u017edy p\u0159ipraven k pou\u017eit\u00ed.<\/li>\n<li><strong>Pouzdro s n\u00edzk\u00fdm profilem<\/strong> z nylonu vyztu\u017een\u00e9ho sklem zaji\u0161\u0165uje bezpe\u010dn\u00e9 no\u0161en\u00ed a <strong>diskr\u00e9tnost<\/strong>. K tomu m\u00e1 <strong>kapesn\u00ed klip<\/strong>, kter\u00fd umo\u017e\u0148uje p\u0159ipojit n\u016f\u017e k p\u0159edn\u00ed kapse, tak\u017ee jej m\u016f\u017eete m\u00edt v\u017edy u sebe.<\/li>\n<\/ul>\n<\/li>\n<li><strong>Ergonomick\u00e1 a odoln\u00e1 rukoje\u0165<\/strong>:\n<ul>\n<li><strong>Rukoje\u0165 z vyztu\u017een\u00e9ho nylonu<\/strong> je <strong>texturovan\u00e1<\/strong>, co\u017e poskytuje <strong>dobrou p\u0159ilnavost<\/strong> i p\u0159i pou\u017eit\u00ed jednou rukou.<\/li>\n<li><strong>Nylonov\u00e1 rukoje\u0165 vyztu\u017een\u00e1 sklem<\/strong> zaji\u0161\u0165uje <strong>odolnost<\/strong> a <strong>dlouhou \u017eivotnost<\/strong>, co\u017e je ide\u00e1ln\u00ed pro ka\u017edodenn\u00ed pou\u017e\u00edv\u00e1n\u00ed.<\/li>\n<\/ul>\n<\/li>\n<li><strong>Mo\u017enosti p\u0159\u00edslu\u0161enstv\u00ed<\/strong>:\n<ul>\n<li><strong>Otvor pro \u0161\u0148\u016frku<\/strong> nab\u00edz\u00ed mo\u017enost p\u0159ipevn\u011bn\u00ed <strong>kl\u00ed\u010denky<\/strong> nebo <strong>p\u0159\u00edv\u011bsku<\/strong>, co\u017e m\u016f\u017ee b\u00fdt velmi praktick\u00e9 pro r\u016fzn\u00e9 \u00fa\u010dely no\u0161en\u00ed.<\/li>\n<\/ul>\n<\/li>\n<\/ol>\n<h3>Specifikace:<\/h3>\n<ul>\n<li><strong>D\u00e9lka \u010depele<\/strong>: 1,74&#8243; (44,20 mm)<\/li>\n<li><strong>Ost\u0159\u00ed \u010depele<\/strong>: Prost\u00fd<\/li>\n<li><strong>Materi\u00e1l \u010depele<\/strong>: Ocel 5Cr15MoV<\/li>\n<li><strong>Povrchov\u00e1 \u00faprava \u010depele<\/strong>: Stonewash<\/li>\n<li><strong>Tlou\u0161\u0165ka \u010depele<\/strong>: 0,10&#8243; (2,57 mm)<\/li>\n<li><strong>Celkov\u00e1 d\u00e9lka<\/strong>: 4,13&#8243; (104,78 mm)<\/li>\n<li><strong>Hmotnost<\/strong>: 0,90 oz. (25,51 g)<\/li>\n<li><strong>Rukoje\u0165<\/strong>: Nylon vyztu\u017een\u00fd sklem<\/li>\n<li><strong>Styl<\/strong>: N\u016f\u017e s pevnou \u010depel\u00ed s pouzdrem<\/li>\n<li><strong>Materi\u00e1l pl\u00e1\u0161t\u011b<\/strong>: Nylon vyztu\u017een\u00fd sklem<\/li>\n<li><strong>Hmotnost pl\u00e1\u0161t\u011b<\/strong>: 0,10 oz. (2,83 g)<\/li>\n<\/ul>\n<h3>Shrnut\u00ed:<\/h3>\n<p><strong>CRKT Scribe\u2122<\/strong> je ide\u00e1ln\u00ed <strong>n\u00e1stroj pro ka\u017edodenn\u00ed no\u0161en\u00ed<\/strong>, kter\u00fd spojuje <strong>diskr\u00e9tn\u00ed vzhled<\/strong>, <strong>kompaktn\u00ed velikost<\/strong> a <strong>efektivn\u00ed v\u00fdkon<\/strong>. Tento n\u016f\u017e je perfektn\u00ed pro ka\u017edodenn\u00ed \u00fakoly, jako je \u0159ez\u00e1n\u00ed bal\u00edk\u016f, st\u0159\u00edh\u00e1n\u00ed nit\u00ed nebo pro jin\u00e9 drobn\u00e9 \u00fakoly, kter\u00e9 si \u017e\u00e1daj\u00ed <strong>vysokou mobilitu<\/strong> a <strong>snadnou p\u0159enosnost<\/strong>. D\u00edky <strong>pevn\u00e9 rukojeti<\/strong> a <strong>intuitivn\u00edmu no\u0161en\u00ed<\/strong> je to n\u016f\u017e, kter\u00fd v\u00e1m bude v\u017edy k dispozici, kdykoli ho budete pot\u0159ebovat.<\/p>\n<\/div>\n<\/div>\n<\/div>\n<\/div>\n<div class=\"mb-2 flex gap-3 empty:hidden -ml-2\">\n<div class=\"items-center justify-start rounded-xl p-1 flex\">\n<div class=\"flex items-center\"><\/div>\n<\/div>\n<\/div>\n<div class=\"pr-2 lg:pr-0\"><\/div>\n<\/div>\n<\/div>\n<\/div>\n<\/div>\n<\/article>\n<\/div>\n<\/div>\n<\/div>\n<\/div>\n<\/div>\n<p><iframe title=\"Designing the journey: Get to know T.J. Schwarz\" width=\"800\" height=\"450\" src=\"https:\/\/www.youtube.com\/embed\/uApN_4a0pUM?feature=oembed\" frameborder=\"0\" allow=\"accelerometer; autoplay; clipboard-write; encrypted-media; gyroscope; picture-in-picture; web-share\" referrerpolicy=\"strict-origin-when-cross-origin\" allowfullscreen><\/iframe><\/p>\n<p>&nbsp;<\/p>\n","protected":false},"excerpt":{"rendered":"<div class=\"flex max-w-full flex-col flex-grow\">\n<div class=\"min-h-8 text-message flex w-full flex-col items-end gap-2 whitespace-normal break-words text-start [.text-message+&amp;]:mt-5\" dir=\"auto\" data-message-author-role=\"assistant\" data-message-id=\"798cc5a0-747d-4a52-b8a0-b91bc471a8a0\" data-message-model-slug=\"gpt-4o-mini\">\n<div class=\"flex w-full flex-col gap-1 empty:hidden first:pt-[3px]\">\n<div class=\"markdown prose w-full break-words dark:prose-invert light\">\n<p><strong>CRKT Scribe\u2122 je ide\u00e1ln\u00ed n\u00e1stroj pro ka\u017edodenn\u00ed no\u0161en\u00ed, kter\u00fd spojuje diskr\u00e9tn\u00ed vzhled, kompaktn\u00ed velikost a efektivn\u00ed v\u00fdkon. Tento n\u016f\u017e je perfektn\u00ed pro ka\u017edodenn\u00ed \u00fakoly, jako je \u0159ez\u00e1n\u00ed bal\u00edk\u016f, st\u0159\u00edh\u00e1n\u00ed nit\u00ed nebo pro jin\u00e9 drobn\u00e9 \u00fakoly, kter\u00e9 si \u017e\u00e1daj\u00ed vysokou mobilitu a snadnou p\u0159enosnost. D\u00edky pevn\u00e9 rukojeti a intuitivn\u00edmu no\u0161en\u00ed je to n\u016f\u017e, kter\u00fd v\u00e1m bude v\u017edy k dispozici, kdykoli ho budete pot\u0159ebovat.<\/strong><\/p>\n<\/div>\n<\/div>\n<\/div>\n<\/div>\n<div class=\"mb-2 flex gap-3 empty:hidden -ml-2\">\n<div class=\"items-center justify-start rounded-xl p-1 flex\">\n<div class=\"flex items-center\"><\/div>\n<\/div>\n<\/div>\n","protected":false},"featured_media":223182,"comment_status":"open","ping_status":"closed","template":"","meta":[],"pwb-brand":[209],"product_brand":[],"product_cat":[23,17],"product_tag":[3667],"class_list":{"0":"post-223181","1":"product","2":"type-product","3":"status-publish","4":"has-post-thumbnail","6":"pwb-brand-crkt","7":"product_cat-pevne-noze","8":"product_cat-noze","9":"product_tag-b2b","11":"first","12":"outofstock","13":"taxable","14":"shipping-taxable","15":"purchasable","16":"product-type-simple"},"brands":[{"id":209,"name":"CRKT","slug":"crkt"}],"_links":{"self":[{"href":"https:\/\/www.moskito.cz\/pl\/wp-json\/wp\/v2\/product\/223181","targetHints":{"allow":["GET"]}}],"collection":[{"href":"https:\/\/www.moskito.cz\/pl\/wp-json\/wp\/v2\/product"}],"about":[{"href":"https:\/\/www.moskito.cz\/pl\/wp-json\/wp\/v2\/types\/product"}],"replies":[{"embeddable":true,"href":"https:\/\/www.moskito.cz\/pl\/wp-json\/wp\/v2\/comments?post=223181"}],"wp:featuredmedia":[{"embeddable":true,"href":"https:\/\/www.moskito.cz\/pl\/wp-json\/wp\/v2\/media\/223182"}],"wp:attachment":[{"href":"https:\/\/www.moskito.cz\/pl\/wp-json\/wp\/v2\/media?parent=223181"}],"wp:term":[{"taxonomy":"pwb-brand","embeddable":true,"href":"https:\/\/www.moskito.cz\/pl\/wp-json\/wp\/v2\/pwb-brand?post=223181"},{"taxonomy":"product_brand","embeddable":true,"href":"https:\/\/www.moskito.cz\/pl\/wp-json\/wp\/v2\/product_brand?post=223181"},{"taxonomy":"product_cat","embeddable":true,"href":"https:\/\/www.moskito.cz\/pl\/wp-json\/wp\/v2\/product_cat?post=223181"},{"taxonomy":"product_tag","embeddable":true,"href":"https:\/\/www.moskito.cz\/pl\/wp-json\/wp\/v2\/product_tag?post=223181"}],"curies":[{"name":"wp","href":"https:\/\/api.w.org\/{rel}","templated":true}]}}