{"id":223211,"date":"2022-09-03T21:01:50","date_gmt":"2022-09-03T20:01:50","guid":{"rendered":"https:\/\/www.moskito.cz\/?post_type=product&#038;p=223211"},"modified":"2025-05-07T10:40:40","modified_gmt":"2025-05-07T09:40:40","slug":"zaviraci-nuz-crkt-stylus-k820bxp","status":"publish","type":"product","link":"https:\/\/www.moskito.cz\/pl\/produkt\/zaviraci-nuz-crkt-stylus-k820bxp\/","title":{"rendered":"Zav\u00edrac\u00ed N\u016f\u017e CRKT STYLUS K820BXP"},"content":{"rendered":"<p>&nbsp;<\/p>\n<div class=\"flex-1 overflow-hidden @container\/thread\">\n<div class=\"h-full\">\n<div class=\"react-scroll-to-bottom--css-vxybp-79elbk h-full\">\n<div class=\"react-scroll-to-bottom--css-vxybp-1n7m0yu\">\n<div class=\"flex flex-col text-sm md:pb-9\">\n<article class=\"w-full scroll-mb-[var(--thread-trailing-height,150px)] text-token-text-primary focus-visible:outline-2 focus-visible:outline-offset-[-4px]\" dir=\"auto\" data-testid=\"conversation-turn-199\" data-scroll-anchor=\"true\">\n<div class=\"m-auto text-base py-[18px] px-3 md:px-4 w-full md:px-5 lg:px-4 xl:px-5\">\n<div class=\"mx-auto flex flex-1 gap-4 text-base md:gap-5 lg:gap-6 md:max-w-3xl\">\n<div class=\"group\/conversation-turn relative flex w-full min-w-0 flex-col agent-turn\">\n<div class=\"flex-col gap-1 md:gap-3\">\n<div class=\"flex max-w-full flex-col flex-grow\">\n<div class=\"min-h-8 text-message flex w-full flex-col items-end gap-2 whitespace-normal break-words text-start [.text-message+&amp;]:mt-5\" dir=\"auto\" data-message-author-role=\"assistant\" data-message-id=\"4f3bb147-20b0-435b-88f3-fa5ae8087e33\" data-message-model-slug=\"gpt-4o-mini\">\n<div class=\"flex w-full flex-col gap-1 empty:hidden first:pt-[3px]\">\n<div class=\"markdown prose w-full break-words dark:prose-invert light\">\n<p><strong>Zav\u00edrac\u00ed N\u016f\u017e CRKT Stylus K820BXP<\/strong> je elegantn\u00ed, funk\u010dn\u00ed a kompaktn\u00ed n\u016f\u017e navr\u017een\u00fd zn\u00e1m\u00fdm design\u00e9rem <strong>Kenem Onionem<\/strong>, kter\u00fd v n\u011bm dokonale spojuje <strong>styl<\/strong> a <strong>vysok\u00fd v\u00fdkon<\/strong>. Tento n\u016f\u017e je ide\u00e1ln\u00ed pro <strong>ka\u017edodenn\u00ed no\u0161en\u00ed<\/strong>, kde je d\u016fraz kladen na <strong>jemn\u00fd vzhled<\/strong> a <strong>praktick\u00e9 pou\u017eit\u00ed<\/strong>. Je to skv\u00e9l\u00e9 volba pro ty, kte\u0159\u00ed hledaj\u00ed <strong>gentlemansk\u00fd n\u016f\u017e<\/strong> s modern\u00edmi technologiemi a <strong>vysokou kvalitou<\/strong>.<\/p>\n<h3>Kl\u00ed\u010dov\u00e9 vlastnosti:<\/h3>\n<ol>\n<li><strong>Kompaktn\u00ed a elegantn\u00ed design<\/strong>:\n<ul>\n<li><strong>Stylus\u2122<\/strong> je navr\u017een jako \u0161t\u00edhl\u00fd a elegantn\u00ed n\u016f\u017e, kter\u00fd se pohodln\u011b vejde do jak\u00e9koli kapsy nebo ta\u0161ky. S <strong>d\u00e9lkou \u010depele 3,18&#8243;<\/strong> (80,67 mm) a celkovou d\u00e9lkou 7,38&#8243; (187,33 mm) je dostate\u010dn\u011b kompaktn\u00ed na ka\u017edodenn\u00ed pou\u017eit\u00ed, ale z\u00e1rove\u0148 dostate\u010dn\u011b v\u00fdkonn\u00fd na r\u016fzn\u00e9 \u00fakoly.<\/li>\n<\/ul>\n<\/li>\n<li><strong>Ocel 12C27 Sandvik pro vynikaj\u00edc\u00ed ostrost<\/strong>:\n<ul>\n<li><strong>\u010cepel z oceli Sandvik 12C27\u2122<\/strong> je zn\u00e1m\u00e1 pro svou <strong>vysokou ostrost<\/strong>, <strong>hou\u017eevnatost<\/strong> a <strong>odolnost proti korozi<\/strong>. Ide\u00e1ln\u00ed pro ka\u017edodenn\u00ed \u00fakoly, jako je \u0159ez\u00e1n\u00ed, otev\u00edr\u00e1n\u00ed obal\u016f nebo p\u0159\u00edprava potravin.<\/li>\n<li>Povrchov\u00e1 \u00faprava <strong>sat\u00e9n<\/strong> dod\u00e1v\u00e1 \u010depeli modern\u00ed a elegantn\u00ed vzhled, zat\u00edmco <strong>prosto ost\u0159\u00ed<\/strong> je ide\u00e1ln\u00ed pro precizn\u00ed \u0159ez\u00e1n\u00ed.<\/li>\n<\/ul>\n<\/li>\n<li><strong>Asistovan\u00e9 otev\u00edr\u00e1n\u00ed<\/strong>:\n<ul>\n<li><strong>Asistovan\u00e9 otev\u00edr\u00e1n\u00ed<\/strong> Ken Onion znamen\u00e1, \u017ee kdy\u017e \u010d\u00e1ste\u010dn\u011b otev\u0159ete \u010depel, n\u016f\u017e se automaticky otev\u0159e vysokou rychlost\u00ed, co\u017e zaji\u0161\u0165uje rychl\u00e9 a snadn\u00e9 nasazen\u00ed \u010depele.<\/li>\n<li>Syst\u00e9m <strong>IKBS\u2122<\/strong> s kuli\u010dkov\u00fdmi lo\u017eisky garantuje <strong>extra hladk\u00fd pohyb \u010depele<\/strong>, co\u017e je d\u016fle\u017eit\u00e9 pro rychl\u00e9 a efektivn\u00ed pou\u017eit\u00ed.<\/li>\n<li><strong>Liner Lock<\/strong> mechanismus zaji\u0161\u0165uje bezpe\u010dn\u00e9 uzam\u010den\u00ed \u010depele v otev\u0159en\u00e9 poloze a umo\u017e\u0148uje jej\u00ed snadn\u00e9 uzav\u0159en\u00ed jednou rukou.<\/li>\n<\/ul>\n<\/li>\n<li><strong>Konstrukce rukojeti<\/strong>:\n<ul>\n<li><strong>Rukoje\u0165 z hlin\u00edku<\/strong> je lehk\u00e1, ale z\u00e1rove\u0148 pevn\u00e1 a poskytuje <strong>vynikaj\u00edc\u00ed p\u0159ilnavost<\/strong> p\u0159i pou\u017e\u00edv\u00e1n\u00ed.<\/li>\n<li>D\u00edky promy\u0161len\u00e9 konstrukci je n\u016f\u017e ergonomick\u00fd a poskytuje komfortn\u00ed \u00fachop pro r\u016fzn\u00e9 \u00fakoly.<\/li>\n<\/ul>\n<\/li>\n<li><strong>Kapesn\u00ed spona<\/strong>:\n<ul>\n<li><strong>N\u00edzkoprofilov\u00e1 kapesn\u00ed spona<\/strong> umo\u017e\u0148uje pohodln\u00e9 no\u0161en\u00ed no\u017ee v kapse, ani\u017e by zbyte\u010dn\u011b vystupoval, co\u017e zaji\u0161\u0165uje diskr\u00e9tn\u00ed p\u0159enos.<\/li>\n<\/ul>\n<\/li>\n<\/ol>\n<h3>Specifikace:<\/h3>\n<ul>\n<li><strong>D\u00e9lka \u010depele<\/strong>: 3,18&#8243; (80,67 mm)<\/li>\n<li><strong>Ost\u0159\u00ed \u010depele<\/strong>: Prost\u00fd<\/li>\n<li><strong>Materi\u00e1l \u010depele<\/strong>: Ocel 12C27 Sandvik<\/li>\n<li><strong>Povrchov\u00e1 \u00faprava \u010depele<\/strong>: Sat\u00e9n<\/li>\n<li><strong>Tlou\u0161\u0165ka \u010depele<\/strong>: 0,13&#8243; (3,20 mm)<\/li>\n<li><strong>Celkov\u00e1 d\u00e9lka<\/strong>: 7,38&#8243; (187,33 mm)<\/li>\n<li><strong>Uzav\u0159en\u00e1 d\u00e9lka<\/strong>: 4,15&#8243; (105,46 mm)<\/li>\n<li><strong>Hmotnost<\/strong>: 2,10 oz (59,53 g)<\/li>\n<li><strong>Rukoje\u0165<\/strong>: Hlin\u00edk<\/li>\n<li><strong>Styl<\/strong>: Skl\u00e1dac\u00ed n\u016f\u017e se z\u00e1mkem Liner<\/li>\n<\/ul>\n<h3>Shrnut\u00ed:<\/h3>\n<p><strong>Zav\u00edrac\u00ed N\u016f\u017e CRKT Stylus\u2122 K820BXP<\/strong> je elegantn\u00ed a <strong>kompaktn\u00ed n\u016f\u017e<\/strong>, kter\u00fd spojuje <strong>jemn\u00fd design<\/strong> s <strong>vysok\u00fdm v\u00fdkonem<\/strong>. D\u00edky <strong>asistovan\u00e9mu otev\u00edr\u00e1n\u00ed<\/strong>, <strong>ostr\u00e9 \u010depeli z oceli Sandvik 12C27\u2122<\/strong> a <strong>lehk\u00e9mu hlin\u00edkov\u00e9mu t\u011blu<\/strong> je to skv\u011bl\u00fd n\u016f\u017e pro ka\u017edodenn\u00ed no\u0161en\u00ed, kter\u00fd poskytuje jak <strong>estetick\u00fd vzhled<\/strong>, tak <strong>vynikaj\u00edc\u00ed funk\u010dnost<\/strong>. <strong>N\u00edzkoprofilov\u00e1 kapesn\u00ed spona<\/strong> umo\u017e\u0148uje pohodln\u00e9 a diskr\u00e9tn\u00ed no\u0161en\u00ed, co\u017e \u010din\u00ed tento n\u016f\u017e ide\u00e1ln\u00edm spole\u010dn\u00edkem pro ty, kte\u0159\u00ed hledaj\u00ed <strong>eleganci a efektivitu<\/strong> v jednom balen\u00ed.<\/p>\n<\/div>\n<\/div>\n<\/div>\n<\/div>\n<div class=\"mb-2 flex gap-3 empty:hidden -ml-2\">\n<div class=\"items-center justify-start rounded-xl p-1 flex\">\n<div class=\"flex items-center\"><\/div>\n<\/div>\n<\/div>\n<div class=\"pr-2 lg:pr-0\"><\/div>\n<\/div>\n<\/div>\n<\/div>\n<\/div>\n<\/article>\n<\/div>\n<\/div>\n<\/div>\n<\/div>\n<\/div>\n<p><iframe title=\"CRKT STYLUS\u2122 | Ken Onion Design\" width=\"800\" height=\"450\" src=\"https:\/\/www.youtube.com\/embed\/EM4vlHQc-lw?feature=oembed\" frameborder=\"0\" allow=\"accelerometer; autoplay; clipboard-write; encrypted-media; gyroscope; picture-in-picture; web-share\" referrerpolicy=\"strict-origin-when-cross-origin\" allowfullscreen><\/iframe><\/p>\n<p>&nbsp;<\/p>\n","protected":false},"excerpt":{"rendered":"<p><strong>Zav\u00edrac\u00ed N\u016f\u017e CRKT Stylus\u2122 K820BXP je elegantn\u00ed a kompaktn\u00ed n\u016f\u017e, kter\u00fd spojuje jemn\u00fd design s vysok\u00fdm v\u00fdkonem. D\u00edky asistovan\u00e9mu otev\u00edr\u00e1n\u00ed, ostr\u00e9 \u010depeli z oceli Sandvik 12C27\u2122 a lehk\u00e9mu hlin\u00edkov\u00e9mu t\u011blu je to skv\u011bl\u00fd n\u016f\u017e pro ka\u017edodenn\u00ed no\u0161en\u00ed, kter\u00fd poskytuje jak estetick\u00fd vzhled, tak vynikaj\u00edc\u00ed funk\u010dnost. N\u00edzkoprofilov\u00e1 kapesn\u00ed spona umo\u017e\u0148uje pohodln\u00e9 a diskr\u00e9tn\u00ed no\u0161en\u00ed, co\u017e \u010din\u00ed tento n\u016f\u017e ide\u00e1ln\u00edm spole\u010dn\u00edkem pro ty, kte\u0159\u00ed hledaj\u00ed eleganci a efektivitu v jednom balen\u00ed.<\/strong><\/p>\n","protected":false},"featured_media":223212,"comment_status":"open","ping_status":"closed","template":"","meta":[],"pwb-brand":[209],"product_brand":[],"product_cat":[22,17],"product_tag":[3667],"class_list":{"0":"post-223211","1":"product","2":"type-product","3":"status-publish","4":"has-post-thumbnail","6":"pwb-brand-crkt","7":"product_cat-zaviraci-noze","8":"product_cat-noze","9":"product_tag-b2b","11":"first","12":"outofstock","13":"taxable","14":"shipping-taxable","15":"purchasable","16":"product-type-simple"},"brands":[{"id":209,"name":"CRKT","slug":"crkt"}],"_links":{"self":[{"href":"https:\/\/www.moskito.cz\/pl\/wp-json\/wp\/v2\/product\/223211","targetHints":{"allow":["GET"]}}],"collection":[{"href":"https:\/\/www.moskito.cz\/pl\/wp-json\/wp\/v2\/product"}],"about":[{"href":"https:\/\/www.moskito.cz\/pl\/wp-json\/wp\/v2\/types\/product"}],"replies":[{"embeddable":true,"href":"https:\/\/www.moskito.cz\/pl\/wp-json\/wp\/v2\/comments?post=223211"}],"wp:featuredmedia":[{"embeddable":true,"href":"https:\/\/www.moskito.cz\/pl\/wp-json\/wp\/v2\/media\/223212"}],"wp:attachment":[{"href":"https:\/\/www.moskito.cz\/pl\/wp-json\/wp\/v2\/media?parent=223211"}],"wp:term":[{"taxonomy":"pwb-brand","embeddable":true,"href":"https:\/\/www.moskito.cz\/pl\/wp-json\/wp\/v2\/pwb-brand?post=223211"},{"taxonomy":"product_brand","embeddable":true,"href":"https:\/\/www.moskito.cz\/pl\/wp-json\/wp\/v2\/product_brand?post=223211"},{"taxonomy":"product_cat","embeddable":true,"href":"https:\/\/www.moskito.cz\/pl\/wp-json\/wp\/v2\/product_cat?post=223211"},{"taxonomy":"product_tag","embeddable":true,"href":"https:\/\/www.moskito.cz\/pl\/wp-json\/wp\/v2\/product_tag?post=223211"}],"curies":[{"name":"wp","href":"https:\/\/api.w.org\/{rel}","templated":true}]}}