{"id":225752,"date":"2022-09-21T19:32:10","date_gmt":"2022-09-21T18:32:10","guid":{"rendered":"https:\/\/www.moskito.cz\/?post_type=product&#038;p=225752"},"modified":"2025-06-28T11:31:16","modified_gmt":"2025-06-28T10:31:16","slug":"zaviraci-nuz-kershaw-starter-series-flatbed-assisted-flipper-1376","status":"publish","type":"product","link":"https:\/\/www.moskito.cz\/pl\/produkt\/zaviraci-nuz-kershaw-starter-series-flatbed-assisted-flipper-1376\/","title":{"rendered":"Zav\u00edrac\u00ed N\u016f\u017e Kershaw Starter Series Flatbed Assisted Flipper 1376"},"content":{"rendered":"<p>Zav\u00edrac\u00ed N\u016f\u017e <strong>Kershaw<\/strong> Starter Series Flatbed Assisted Flipper 1376.<\/p>\n<p>Sta\u010d\u00ed jeden pohled na Flatbed, abyste v\u011bd\u011bli, \u017ee to znamen\u00e1 obchod. Taktick\u00fd n\u016f\u017e, tento asistovan\u00fd n\u016f\u017e m\u00e1 v\u0161e, co fanou\u0161ci Kershaw cht\u011bj\u00ed od spolehliv\u00e9ho no\u017ee. Jeho tanto \u010depel je skv\u011bl\u00e1 pro piercingov\u00e9 \u0159ezy a povrchov\u00e1 \u00faprava \u010depele BlackWash skryje \u0161kr\u00e1bance. Ocelov\u00e1 vlo\u017eka BlackWash dod\u00e1v\u00e1 texturovan\u00e9 rukojeti GFN nen\u00e1padnou vrstvu. Celkov\u00fd profil je navr\u017een tak, aby byl velk\u00fd, ani\u017e by se stal p\u0159ehnan\u00fdm, a spona na hlubokou kapsu usnad\u0148uje p\u0159en\u00e1\u0161en\u00ed. Jako spolehliv\u00fd pickup i tento taktick\u00fd n\u016f\u017e Starter Series tvrd\u011b pracuje a svou pr\u00e1ci zvl\u00e1dne.<\/p>\n<p>Funkce<br \/>\nOcel \u010depele 8Cr13MoV nab\u00edz\u00ed dobrou odolnost proti korozi, vysokou pevnost; Povrchov\u00e1 \u00faprava BlackWash pom\u00e1h\u00e1 skr\u00fdt \u0161kr\u00e1bance od pou\u017e\u00edv\u00e1n\u00ed<br \/>\nRukoje\u0165 s texturou GRN nab\u00edz\u00ed bezpe\u010dn\u00e9 uchopen\u00ed; Ocelov\u00e1 vlo\u017eka BlackWash<br \/>\nOtev\u00edr\u00e1 se rychle a snadno pomoc\u00ed asistovan\u00e9ho otev\u00edr\u00e1n\u00ed a flipperu<br \/>\nSpona na hlubokou kapsu je snadno oboustrann\u00e1 pro no\u0161en\u00ed vlevo\/vpravo; otvor pro \u0161\u0148\u016frku<br \/>\nDesign s\u00e9rie taktick\u00fdch start\u00e9r\u016f; tanto \u010depel pro piercingov\u00e9 \u0159ezy<br \/>\nSpecifikace<br \/>\nD\u00e9lka \u010depele: 3,125&#8243; (7,9 cm)<br \/>\nD\u00e9lka v zav\u0159en\u00e9m stavu: 4,125&#8243; (10,5 cm)<br \/>\nCelkov\u00e1 d\u00e9lka: 7,25&#8243; (18,4 cm)<br \/>\nMateri\u00e1l \u010depele: Nerezov\u00e1 ocel 8Cr13MoV<br \/>\nTlou\u0161\u0165ka \u010depele: 0,110&#8243; (2,8 mm)<br \/>\nStyl \u010depele: Tanto<br \/>\nPovrchov\u00e1 \u00faprava \u010depele: BlackWash<br \/>\nMateri\u00e1l rukojeti: Nylon pln\u011bn\u00fd sklem s BlackWash Steel Inlay<br \/>\nTlou\u0161\u0165ka rukojeti: 0,54&#8243; (13,7 mm)<br \/>\nUzamykac\u00ed mechanismus: Liner Lock<br \/>\nSestava oto\u010dn\u00e9ho \u010depu: SpeedSafe Assist<br \/>\nKapesn\u00ed klip: Deep-Carry oboustrann\u00e9 vykl\u00e1p\u011bn\u00ed<br \/>\nHmotnost: 3,2 oz. (91 g)<\/p>\n","protected":false},"excerpt":{"rendered":"<p>Zakladatel spole\u010dnosti Kershaw, Pete Kershaw, v\u011bd\u011bl, jak je d\u016fle\u017eit\u00e1 zaru\u010den\u00e1 kvalita. Koncem roku 1974 se rozhodl zalo\u017eit vlastn\u00ed no\u017e\u00ed\u0159skou spole\u010dnost v cement\u00e1rn\u011b v Lake Oswego v Oregonu.<\/p>\n<p>V Japonsku se gener\u00e1ln\u00ed \u0159editel Kai Koji Endo domn\u00edval, \u017ee Kershaw m\u00e1 je\u0161t\u011b v\u011bt\u0161\u00ed potenci\u00e1l k r\u016fstu. V roce 1996 Endo investoval do americk\u00e9ho v\u00fdrobn\u00edho z\u00e1vodu na z\u00e1kladn\u011b Kai USA ve Wilsonville. V\u011b\u0159il, \u017ee to Kershawovi pom\u016f\u017ee dos\u00e1hnout pln\u00e9ho potenci\u00e1lu. A brzy Kai USA najal nov\u00fd produk\u010dn\u00ed t\u00fdm pro tuto pr\u00e1ci.<\/p>\n","protected":false},"featured_media":225754,"comment_status":"open","ping_status":"closed","template":"","meta":[],"pwb-brand":[385],"product_brand":[],"product_cat":[22,17],"product_tag":[],"class_list":{"0":"post-225752","1":"product","2":"type-product","3":"status-publish","4":"has-post-thumbnail","6":"pwb-brand-kershaw","7":"product_cat-zaviraci-noze","8":"product_cat-noze","10":"first","11":"instock","12":"sale","13":"taxable","14":"shipping-taxable","15":"purchasable","16":"product-type-simple"},"brands":[{"id":385,"name":"Kershaw","slug":"kershaw"}],"_links":{"self":[{"href":"https:\/\/www.moskito.cz\/pl\/wp-json\/wp\/v2\/product\/225752","targetHints":{"allow":["GET"]}}],"collection":[{"href":"https:\/\/www.moskito.cz\/pl\/wp-json\/wp\/v2\/product"}],"about":[{"href":"https:\/\/www.moskito.cz\/pl\/wp-json\/wp\/v2\/types\/product"}],"replies":[{"embeddable":true,"href":"https:\/\/www.moskito.cz\/pl\/wp-json\/wp\/v2\/comments?post=225752"}],"wp:featuredmedia":[{"embeddable":true,"href":"https:\/\/www.moskito.cz\/pl\/wp-json\/wp\/v2\/media\/225754"}],"wp:attachment":[{"href":"https:\/\/www.moskito.cz\/pl\/wp-json\/wp\/v2\/media?parent=225752"}],"wp:term":[{"taxonomy":"pwb-brand","embeddable":true,"href":"https:\/\/www.moskito.cz\/pl\/wp-json\/wp\/v2\/pwb-brand?post=225752"},{"taxonomy":"product_brand","embeddable":true,"href":"https:\/\/www.moskito.cz\/pl\/wp-json\/wp\/v2\/product_brand?post=225752"},{"taxonomy":"product_cat","embeddable":true,"href":"https:\/\/www.moskito.cz\/pl\/wp-json\/wp\/v2\/product_cat?post=225752"},{"taxonomy":"product_tag","embeddable":true,"href":"https:\/\/www.moskito.cz\/pl\/wp-json\/wp\/v2\/product_tag?post=225752"}],"curies":[{"name":"wp","href":"https:\/\/api.w.org\/{rel}","templated":true}]}}