{"id":226386,"date":"2022-09-28T20:07:31","date_gmt":"2022-09-28T19:07:31","guid":{"rendered":"https:\/\/www.moskito.cz\/?post_type=product&#038;p=226386"},"modified":"2025-07-14T14:07:32","modified_gmt":"2025-07-14T13:07:32","slug":"vystrelovaci-nuz-magnum-black-lightning","status":"publish","type":"product","link":"https:\/\/www.moskito.cz\/pl\/produkt\/vystrelovaci-nuz-magnum-black-lightning\/","title":{"rendered":"Vyst\u0159elovac\u00ed N\u016f\u017e Magnum Black Lightning"},"content":{"rendered":"<p>Vyst\u0159elovac\u00ed N\u016f\u017e <strong>Magnum<\/strong> Black Lightning.<\/p>\n<p>Tento \u0161ikovn\u00fd a mal\u00fd pru\u017einov\u00fd n\u016f\u017e vypad\u00e1 velmi futuristicky. Solidn\u011b zpracovan\u00e1 rukoje\u0165 je kombinac\u00ed st\u0159enek z nerezov\u00e9 oceli a \u010dern\u00e9ho materi\u00e1lu G-10. \u010cepel z nerezov\u00e9 oceli 440 je \u010dern\u011bn\u00e1 a m\u00e1 oboustrannou ochranu ruky. Pojistka zabra\u0148uje n\u00e1hodn\u00e9mu uvoln\u011bn\u00ed \u010depele. V\u010detn\u011b klipu pro uchycen\u00ed.<\/p>\n<p>Celkov\u00e1 d\u00e9lka: 12.5 cm<br \/>\nD\u00e9lka \u010depele: 5 cm<br \/>\nTlou\u0161\u0165ka \u010depele: 2 mm<br \/>\nHmotnost: 95 g<br \/>\nMateri\u00e1l \u010depele: 440A<br \/>\nMateri\u00e1l rukojeti: G-10<br \/>\nTyp pojistky: Tla\u010d\u00edtko<\/p>\n","protected":false},"excerpt":{"rendered":"<p>Tento \u0161ikovn\u00fd a mal\u00fd pru\u017einov\u00fd n\u016f\u017e vypad\u00e1 velmi futuristicky.<\/p>\n","protected":false},"featured_media":226387,"comment_status":"open","ping_status":"closed","template":"","meta":[],"pwb-brand":[140],"product_brand":[],"product_cat":[2019,17],"product_tag":[3667],"class_list":{"0":"post-226386","1":"product","2":"type-product","3":"status-publish","4":"has-post-thumbnail","6":"pwb-brand-boker","7":"product_cat-vystrelovaci-noze","8":"product_cat-noze","9":"product_tag-b2b","11":"first","12":"instock","13":"taxable","14":"shipping-taxable","15":"purchasable","16":"product-type-simple"},"brands":[{"id":140,"name":"Boker","slug":"boker"}],"_links":{"self":[{"href":"https:\/\/www.moskito.cz\/pl\/wp-json\/wp\/v2\/product\/226386","targetHints":{"allow":["GET"]}}],"collection":[{"href":"https:\/\/www.moskito.cz\/pl\/wp-json\/wp\/v2\/product"}],"about":[{"href":"https:\/\/www.moskito.cz\/pl\/wp-json\/wp\/v2\/types\/product"}],"replies":[{"embeddable":true,"href":"https:\/\/www.moskito.cz\/pl\/wp-json\/wp\/v2\/comments?post=226386"}],"wp:featuredmedia":[{"embeddable":true,"href":"https:\/\/www.moskito.cz\/pl\/wp-json\/wp\/v2\/media\/226387"}],"wp:attachment":[{"href":"https:\/\/www.moskito.cz\/pl\/wp-json\/wp\/v2\/media?parent=226386"}],"wp:term":[{"taxonomy":"pwb-brand","embeddable":true,"href":"https:\/\/www.moskito.cz\/pl\/wp-json\/wp\/v2\/pwb-brand?post=226386"},{"taxonomy":"product_brand","embeddable":true,"href":"https:\/\/www.moskito.cz\/pl\/wp-json\/wp\/v2\/product_brand?post=226386"},{"taxonomy":"product_cat","embeddable":true,"href":"https:\/\/www.moskito.cz\/pl\/wp-json\/wp\/v2\/product_cat?post=226386"},{"taxonomy":"product_tag","embeddable":true,"href":"https:\/\/www.moskito.cz\/pl\/wp-json\/wp\/v2\/product_tag?post=226386"}],"curies":[{"name":"wp","href":"https:\/\/api.w.org\/{rel}","templated":true}]}}