{"id":226407,"date":"2022-09-28T21:34:49","date_gmt":"2022-09-28T20:34:49","guid":{"rendered":"https:\/\/www.moskito.cz\/?post_type=product&#038;p=226407"},"modified":"2025-05-07T10:41:12","modified_gmt":"2025-05-07T09:41:12","slug":"zaviraci-nuz-magnum-lil-lambfoot","status":"publish","type":"product","link":"https:\/\/www.moskito.cz\/pl\/produkt\/zaviraci-nuz-magnum-lil-lambfoot\/","title":{"rendered":"Zav\u00edrac\u00ed N\u016f\u017e Magnum Lil Lambfoot"},"content":{"rendered":"<p>Zav\u00edrac\u00ed N\u016f\u017e <strong>Magnum<\/strong> Lil Lambfoot.<\/p>\n<p>Magnum Lil Lambfoot je modern\u00ed interpretac\u00ed osv\u011bd\u010den\u00e9ho farm\u00e1\u0159sk\u00e9ho no\u017ee nebo dr\u00e1pov\u00e9ho no\u017ee. Podsadit\u00e1 \u010depel Sheepfoot z 8Cr13MoV optim\u00e1ln\u011b vyu\u017e\u00edv\u00e1 sv\u00e9 kompaktn\u00ed rozm\u011bry d\u00edky rovn\u00e9mu ost\u0159\u00ed a ovl\u00e1d\u00e1 se pomoc\u00ed kapkovit\u00e9ho otvoru pro palec . Je ide\u00e1ln\u00ed pro \u0159ez\u00e1n\u00ed m\u011bkk\u00e9ho materi\u00e1lu, pro \u0159ez\u00e1n\u00ed lan a \u0161\u0148\u016fr nebo pro carving. P\u0159edn\u00ed rukoje\u0165 stupnice je vyrobena z texturovan\u00e9ho G10 , zat\u00edmco zadn\u00ed \u010d\u00e1st je vyrobena z nerezov\u00e9 oceli a obsahuje robustn\u00ed r\u00e1mov\u00fd z\u00e1mek . Ozdobn\u00e9 fr\u00e9zov\u00e1n\u00ed a modr\u00fd krou\u017eek kolem \u0161roubu osy \u010depele vytv\u00e1\u0159ej\u00ed optick\u00e9 akcenty. S otvorem pro \u0161\u0148\u016frku a praktickou sponou pro hlubok\u00e9 no\u0161en\u00ed (sklopn\u00e1\/p).<\/p>\n<p>Typ: Kapesn\u00ed n\u016f\u017e<br \/>\nZna\u010dka: Magnum<br \/>\nCelkov\u00e1 d\u00e9lka: 13,00 cm<br \/>\nD\u00e9lka \u010depele: 5,20 cm<br \/>\nTlou\u0161\u0165ka \u010depele: 2,80 mm<br \/>\nHmotnost: 89,00 g<br \/>\nMateri\u00e1l \u010depele: 8Cr13MoV<br \/>\nMateri\u00e1l rukojeti: G10<br \/>\nOtv\u00edr\u00e1k: Otvor pro palec<br \/>\nOtev\u00edrac\u00ed: Manu\u00e1l<br \/>\nTyp z\u00e1mku: Framelock<\/p>\n","protected":false},"excerpt":{"rendered":"<p>Magnum Lil Lambfoot je modern\u00ed interpretac\u00ed osv\u011bd\u010den\u00e9ho farm\u00e1\u0159sk\u00e9ho no\u017ee.<\/p>\n","protected":false},"featured_media":226408,"comment_status":"open","ping_status":"closed","template":"","meta":[],"pwb-brand":[140],"product_brand":[],"product_cat":[22,17],"product_tag":[3667],"class_list":{"0":"post-226407","1":"product","2":"type-product","3":"status-publish","4":"has-post-thumbnail","6":"pwb-brand-boker","7":"product_cat-zaviraci-noze","8":"product_cat-noze","9":"product_tag-b2b","11":"first","12":"instock","13":"taxable","14":"shipping-taxable","15":"purchasable","16":"product-type-simple"},"brands":[{"id":140,"name":"Boker","slug":"boker"}],"_links":{"self":[{"href":"https:\/\/www.moskito.cz\/pl\/wp-json\/wp\/v2\/product\/226407","targetHints":{"allow":["GET"]}}],"collection":[{"href":"https:\/\/www.moskito.cz\/pl\/wp-json\/wp\/v2\/product"}],"about":[{"href":"https:\/\/www.moskito.cz\/pl\/wp-json\/wp\/v2\/types\/product"}],"replies":[{"embeddable":true,"href":"https:\/\/www.moskito.cz\/pl\/wp-json\/wp\/v2\/comments?post=226407"}],"wp:featuredmedia":[{"embeddable":true,"href":"https:\/\/www.moskito.cz\/pl\/wp-json\/wp\/v2\/media\/226408"}],"wp:attachment":[{"href":"https:\/\/www.moskito.cz\/pl\/wp-json\/wp\/v2\/media?parent=226407"}],"wp:term":[{"taxonomy":"pwb-brand","embeddable":true,"href":"https:\/\/www.moskito.cz\/pl\/wp-json\/wp\/v2\/pwb-brand?post=226407"},{"taxonomy":"product_brand","embeddable":true,"href":"https:\/\/www.moskito.cz\/pl\/wp-json\/wp\/v2\/product_brand?post=226407"},{"taxonomy":"product_cat","embeddable":true,"href":"https:\/\/www.moskito.cz\/pl\/wp-json\/wp\/v2\/product_cat?post=226407"},{"taxonomy":"product_tag","embeddable":true,"href":"https:\/\/www.moskito.cz\/pl\/wp-json\/wp\/v2\/product_tag?post=226407"}],"curies":[{"name":"wp","href":"https:\/\/api.w.org\/{rel}","templated":true}]}}