{"id":227690,"date":"2022-10-09T13:18:07","date_gmt":"2022-10-09T12:18:07","guid":{"rendered":"https:\/\/www.moskito.cz\/?post_type=product&#038;p=227690"},"modified":"2025-05-07T10:42:04","modified_gmt":"2025-05-07T09:42:04","slug":"vystrelovaci-nuz-microtech-dagger-otf-utx-70","status":"publish","type":"product","link":"https:\/\/www.moskito.cz\/pl\/produkt\/vystrelovaci-nuz-microtech-dagger-otf-utx-70\/","title":{"rendered":"Vyst\u0159elovac\u00ed N\u016f\u017e Microtech Dagger OTF UTX-70"},"content":{"rendered":"<p>Vyst\u0159elovac\u00ed N\u016f\u017e <strong>Microtech<\/strong> Dagger OTF UTX-70.<\/p>\n<p>Microtech UTX-70 (pojmenovan\u00fd podle velikosti 70 % jejich obl\u00edben\u00e9ho modelu Ultratech ) je nejkompaktn\u011bj\u0161\u00ed, vysoce kvalitn\u00ed OTF automatick\u00fd n\u016f\u017e na trhu. Jm\u00e9no Microtech vzbuzuje fantazie o zl\u00fdch hran\u00e1ch, v\u00fdkonn\u00e9 automatick\u00e9 akci a \u00fa\u017easn\u00fdch americk\u00fdch designech; i kdy\u017e je UTX-70 mal\u00fd, jakmile ho budete m\u00edt v ruce, uvid\u00edte, jak se tyto fantazie prom\u011bn\u00ed ve skute\u010dnost. UTX-70 je perfektn\u00ed n\u016f\u017e, kter\u00fd si m\u016f\u017eete schovat do n\u00e1prsn\u00ed kapsy na ozdobn\u00e9 ud\u00e1losti, pou\u017e\u00edt pro ka\u017edodenn\u00ed \u0159ez\u00e1n\u00ed nebo jen otev\u0159\u00edt dopisy \u2013 v \u0161\u00edlen\u00e9m stylu. Je z\u00e1bavn\u00e9 se s n\u00edm o\u0161\u00edvat, je dob\u0159e vyroben\u00e9, odoln\u00e9, ostr\u00e9 jako b\u0159itva a p\u0159ipraven\u00e9 dost\u00e1t humbuku.<\/p>\n<p>M\u00e1te r\u00e1di automatick\u00e9 no\u017ee Microtech OTF , ale nec\u00edt\u00edte tuto velikost nebo tvar? M\u00e1me v\u00e1s na dosah! Pod\u00edvejte se na na\u0161i \u0161irokou nab\u00eddku dal\u0161\u00edch model\u016f Microtech OTF.<\/p>\n<p>Celkov\u00e1 d\u00e9lka: 14.07 cm<br \/>\nD\u00e9lka \u010depele: 6.02 cm<br \/>\nTlou\u0161\u0165ka \u010depele: 0,2 cm<br \/>\nMateri\u00e1l \u010depele: Bohler M390<br \/>\nTvrdost: 59-60 \u00b0 RC<br \/>\nStyl \u010depel\u00ed: Drop Point<br \/>\nD\u00e9lka rukojeti: 8.05 cm<br \/>\nTlou\u0161\u0165ka rukojeti: 0,8 cm<br \/>\nMateri\u00e1l rukojeti: hlin\u00edk<br \/>\nHmotnost: 1,24 oz.<br \/>\nU\u017eivatel: Prav\u00e1 ruka<br \/>\nPocket Clip: Tip-Down<br \/>\nTyp no\u017ee: Double-Action OTF Automatic<br \/>\nOtv\u00edra\u010d: Thumb Slide<br \/>\nZna\u010dka: Microtech<br \/>\nModel: UTX-70<br \/>\nZem\u011b p\u016fvodu: USA<br \/>\nNejlep\u0161\u00ed vyu\u017eit\u00ed: ka\u017edodenn\u00ed no\u0161en\u00ed, taktick\u00e9<\/p>\n<p><iframe title=\"Microtech Combat Troodon Torture Test\" width=\"800\" height=\"450\" src=\"https:\/\/www.youtube.com\/embed\/xE9TeOFYEjg?feature=oembed\" frameborder=\"0\" allow=\"accelerometer; autoplay; clipboard-write; encrypted-media; gyroscope; picture-in-picture; web-share\" referrerpolicy=\"strict-origin-when-cross-origin\" allowfullscreen><\/iframe><\/p>\n<p>&nbsp;<\/p>\n","protected":false},"excerpt":{"rendered":"<p>V pr\u016fb\u011bhu let\u00a0<strong>Microtech\u00ae Knives<\/strong> naplnil v\u00e1\u0161n\u00ed a dovednost\u00ed v\u00fdrobu no\u017e\u016f, a\u017e z nich vytvo\u0159il t\u00e9m\u011b\u0159 um\u011bleck\u00e1 d\u00edla,kter\u00e9 jsou vrcholem funk\u010dnosti.V\u0161echny d\u00edly jsou vyrobeny v USA.<br \/>\n<strong>Na v\u0161echny no\u017ee Microtech je do\u017eivotn\u00ed z\u00e1ruka.<\/strong><\/p>\n","protected":false},"featured_media":227691,"comment_status":"open","ping_status":"closed","template":"","meta":[],"pwb-brand":[431],"product_brand":[],"product_cat":[2019,17],"product_tag":[3667],"class_list":{"0":"post-227690","1":"product","2":"type-product","3":"status-publish","4":"has-post-thumbnail","6":"pwb-brand-microtech","7":"product_cat-vystrelovaci-noze","8":"product_cat-noze","9":"product_tag-b2b","11":"first","12":"outofstock","13":"taxable","14":"shipping-taxable","15":"purchasable","16":"product-type-simple"},"brands":[{"id":431,"name":"Microtech","slug":"microtech"}],"_links":{"self":[{"href":"https:\/\/www.moskito.cz\/pl\/wp-json\/wp\/v2\/product\/227690","targetHints":{"allow":["GET"]}}],"collection":[{"href":"https:\/\/www.moskito.cz\/pl\/wp-json\/wp\/v2\/product"}],"about":[{"href":"https:\/\/www.moskito.cz\/pl\/wp-json\/wp\/v2\/types\/product"}],"replies":[{"embeddable":true,"href":"https:\/\/www.moskito.cz\/pl\/wp-json\/wp\/v2\/comments?post=227690"}],"wp:featuredmedia":[{"embeddable":true,"href":"https:\/\/www.moskito.cz\/pl\/wp-json\/wp\/v2\/media\/227691"}],"wp:attachment":[{"href":"https:\/\/www.moskito.cz\/pl\/wp-json\/wp\/v2\/media?parent=227690"}],"wp:term":[{"taxonomy":"pwb-brand","embeddable":true,"href":"https:\/\/www.moskito.cz\/pl\/wp-json\/wp\/v2\/pwb-brand?post=227690"},{"taxonomy":"product_brand","embeddable":true,"href":"https:\/\/www.moskito.cz\/pl\/wp-json\/wp\/v2\/product_brand?post=227690"},{"taxonomy":"product_cat","embeddable":true,"href":"https:\/\/www.moskito.cz\/pl\/wp-json\/wp\/v2\/product_cat?post=227690"},{"taxonomy":"product_tag","embeddable":true,"href":"https:\/\/www.moskito.cz\/pl\/wp-json\/wp\/v2\/product_tag?post=227690"}],"curies":[{"name":"wp","href":"https:\/\/api.w.org\/{rel}","templated":true}]}}