{"id":227699,"date":"2022-10-09T13:35:27","date_gmt":"2022-10-09T12:35:27","guid":{"rendered":"https:\/\/www.moskito.cz\/?post_type=product&#038;p=227699"},"modified":"2025-05-07T10:42:05","modified_gmt":"2025-05-07T09:42:05","slug":"vystrelovaci-nuz-microtech-utx-85-233-13-ap","status":"publish","type":"product","link":"https:\/\/www.moskito.cz\/pl\/produkt\/vystrelovaci-nuz-microtech-utx-85-233-13-ap\/","title":{"rendered":"Vyst\u0159elovac\u00ed N\u016f\u017e Microtech UTX-85 233-13 AP"},"content":{"rendered":"<p>Vyst\u0159elovac\u00ed N\u016f\u017e <strong>Microtech<\/strong> UTX-85 233-13 AP.<\/p>\n<p>N\u016f\u017e Microtech UTX-85 OTF je perfektn\u00ed kombinac\u00ed kompaktn\u00ed velikosti a velk\u00e9ho v\u00fdkonu. P\u0159i velikosti 85 % Ultratech je Microtech UTX-85 vyroben ze stejn\u00fdch materi\u00e1l\u016f, na stejn\u00fdch stroj\u00edch a se stejnou vynal\u00e9zavost\u00ed jako jeho p\u0159edch\u016fdce. Microtech UTX-85 je perfektn\u00ed n\u016f\u017e pro v\u0161echny situace \u2013 bez ohledu na to, jak\u00fd \u00fakol \u0159e\u017eete; bude hladce zapadat do va\u0161eho \u017eivotn\u00edho stylu. D\u00edky rychl\u00e9mu otev\u00edr\u00e1n\u00ed a zav\u00edr\u00e1n\u00ed jednou rukou zvl\u00e1dne pr\u00e1ci b\u011bhem n\u011bkolika sekund. Vybaveno oboustrann\u00fdm kapesn\u00edm klipem a kompaktn\u00ed velikost\u00ed, je to perfektn\u00ed volba pro ka\u017edodenn\u00ed pou\u017eit\u00ed a no\u0161en\u00ed.<\/p>\n<p>SPECIFIKACE:<\/p>\n<p>Celkov\u00e1 d\u00e9lka: 18,3 cm<br \/>\nD\u00e9lka v zav\u0159en\u00e9m stavu: 10,3 cm<br \/>\nD\u00e9lka \u010depele: 7,8 cm<br \/>\nD\u00e9lka ost\u0159\u00ed: 7,5 cm<br \/>\nTlou\u0161\u0165ka \u010depele: 3,23 mm<br \/>\n\u010cepel ocel: Elmax, XHP, M390 nebo 204P<br \/>\nMateri\u00e1l rukojeti: \u010dern\u00fd hlin\u00edk<br \/>\nTlou\u0161\u0165ka rukojeti: 13 mm<br \/>\nKapesn\u00ed klip: Tip-Down<br \/>\nZem\u011b p\u016fvodu: USA<\/p>\n","protected":false},"excerpt":{"rendered":"<p>V pr\u016fb\u011bhu let\u00a0<strong>Microtech\u00ae Knives<\/strong>\u00a0naplnil v\u00e1\u0161n\u00ed a dovednost\u00ed v\u00fdrobu no\u017e\u016f, a\u017e z nich vytvo\u0159il t\u00e9m\u011b\u0159 um\u011bleck\u00e1 d\u00edla,kter\u00e9 jsou vrcholem funk\u010dnosti.V\u0161echny d\u00edly jsou vyrobeny v USA.<br \/>\n<strong>Na v\u0161echny no\u017ee Microtech je do\u017eivotn\u00ed z\u00e1ruka.<\/strong><\/p>\n","protected":false},"featured_media":227700,"comment_status":"open","ping_status":"closed","template":"","meta":[],"pwb-brand":[431],"product_brand":[],"product_cat":[2019,17],"product_tag":[3667],"class_list":{"0":"post-227699","1":"product","2":"type-product","3":"status-publish","4":"has-post-thumbnail","6":"pwb-brand-microtech","7":"product_cat-vystrelovaci-noze","8":"product_cat-noze","9":"product_tag-b2b","11":"first","12":"outofstock","13":"taxable","14":"shipping-taxable","15":"purchasable","16":"product-type-simple"},"brands":[{"id":431,"name":"Microtech","slug":"microtech"}],"_links":{"self":[{"href":"https:\/\/www.moskito.cz\/pl\/wp-json\/wp\/v2\/product\/227699","targetHints":{"allow":["GET"]}}],"collection":[{"href":"https:\/\/www.moskito.cz\/pl\/wp-json\/wp\/v2\/product"}],"about":[{"href":"https:\/\/www.moskito.cz\/pl\/wp-json\/wp\/v2\/types\/product"}],"replies":[{"embeddable":true,"href":"https:\/\/www.moskito.cz\/pl\/wp-json\/wp\/v2\/comments?post=227699"}],"wp:featuredmedia":[{"embeddable":true,"href":"https:\/\/www.moskito.cz\/pl\/wp-json\/wp\/v2\/media\/227700"}],"wp:attachment":[{"href":"https:\/\/www.moskito.cz\/pl\/wp-json\/wp\/v2\/media?parent=227699"}],"wp:term":[{"taxonomy":"pwb-brand","embeddable":true,"href":"https:\/\/www.moskito.cz\/pl\/wp-json\/wp\/v2\/pwb-brand?post=227699"},{"taxonomy":"product_brand","embeddable":true,"href":"https:\/\/www.moskito.cz\/pl\/wp-json\/wp\/v2\/product_brand?post=227699"},{"taxonomy":"product_cat","embeddable":true,"href":"https:\/\/www.moskito.cz\/pl\/wp-json\/wp\/v2\/product_cat?post=227699"},{"taxonomy":"product_tag","embeddable":true,"href":"https:\/\/www.moskito.cz\/pl\/wp-json\/wp\/v2\/product_tag?post=227699"}],"curies":[{"name":"wp","href":"https:\/\/api.w.org\/{rel}","templated":true}]}}