{"id":228001,"date":"2022-10-12T20:55:19","date_gmt":"2022-10-12T19:55:19","guid":{"rendered":"https:\/\/www.moskito.cz\/?post_type=product&#038;p=228001"},"modified":"2025-05-07T10:42:21","modified_gmt":"2025-05-07T09:42:21","slug":"microtech-tricko-bee-tee-shirt-ss-crew-unisex-black-vel-m","status":"publish","type":"product","link":"https:\/\/www.moskito.cz\/pl\/produkt\/microtech-tricko-bee-tee-shirt-ss-crew-unisex-black-vel-m\/","title":{"rendered":"MICROTECH TRI\u010cKO Bee Tee Shirt SS Crew Unisex Black vel.M"},"content":{"rendered":"<p><strong>MICROTECH<\/strong> TRI\u010cKO Bee Tee Shirt SS Crew Unisex Black vel.M<\/p>\n<p>Toto tri\u010dko je nab\u00edzeno v \u010dern\u00e9 barv\u011b a m\u00e1 na zadn\u00ed stran\u011b grafiku no\u017ee Microtech x Bastinelli Knives na zadn\u00ed stran\u011b a text \u201eHuman Bullshit Voids Warranty\u201c na p\u0159edn\u00ed stran\u011b.<\/p>\n<p>60% \u010desan\u00e1 ring-spun bavlna, 40% polyester<br \/>\nUnisex kr\u00e1tk\u00fd ruk\u00e1v s v\u00fdst\u0159ihem<\/p>\n<p><iframe title=\"Microtech Combat Troodon Torture Test\" width=\"800\" height=\"450\" src=\"https:\/\/www.youtube.com\/embed\/xE9TeOFYEjg?feature=oembed\" frameborder=\"0\" allow=\"accelerometer; autoplay; clipboard-write; encrypted-media; gyroscope; picture-in-picture; web-share\" allowfullscreen><\/iframe><\/p>\n<p>&nbsp;<\/p>\n","protected":false},"excerpt":{"rendered":"<p><strong>Velikost M.<\/strong><\/p>\n","protected":false},"featured_media":228002,"comment_status":"open","ping_status":"closed","template":"","meta":[],"pwb-brand":[431],"product_brand":[],"product_cat":[2019,17],"product_tag":[3667],"class_list":{"0":"post-228001","1":"product","2":"type-product","3":"status-publish","4":"has-post-thumbnail","6":"pwb-brand-microtech","7":"product_cat-vystrelovaci-noze","8":"product_cat-noze","9":"product_tag-b2b","11":"first","12":"outofstock","13":"taxable","14":"shipping-taxable","15":"purchasable","16":"product-type-simple"},"brands":[{"id":431,"name":"Microtech","slug":"microtech"}],"_links":{"self":[{"href":"https:\/\/www.moskito.cz\/pl\/wp-json\/wp\/v2\/product\/228001","targetHints":{"allow":["GET"]}}],"collection":[{"href":"https:\/\/www.moskito.cz\/pl\/wp-json\/wp\/v2\/product"}],"about":[{"href":"https:\/\/www.moskito.cz\/pl\/wp-json\/wp\/v2\/types\/product"}],"replies":[{"embeddable":true,"href":"https:\/\/www.moskito.cz\/pl\/wp-json\/wp\/v2\/comments?post=228001"}],"wp:featuredmedia":[{"embeddable":true,"href":"https:\/\/www.moskito.cz\/pl\/wp-json\/wp\/v2\/media\/228002"}],"wp:attachment":[{"href":"https:\/\/www.moskito.cz\/pl\/wp-json\/wp\/v2\/media?parent=228001"}],"wp:term":[{"taxonomy":"pwb-brand","embeddable":true,"href":"https:\/\/www.moskito.cz\/pl\/wp-json\/wp\/v2\/pwb-brand?post=228001"},{"taxonomy":"product_brand","embeddable":true,"href":"https:\/\/www.moskito.cz\/pl\/wp-json\/wp\/v2\/product_brand?post=228001"},{"taxonomy":"product_cat","embeddable":true,"href":"https:\/\/www.moskito.cz\/pl\/wp-json\/wp\/v2\/product_cat?post=228001"},{"taxonomy":"product_tag","embeddable":true,"href":"https:\/\/www.moskito.cz\/pl\/wp-json\/wp\/v2\/product_tag?post=228001"}],"curies":[{"name":"wp","href":"https:\/\/api.w.org\/{rel}","templated":true}]}}