{"id":228053,"date":"2022-10-13T20:32:09","date_gmt":"2022-10-13T19:32:09","guid":{"rendered":"https:\/\/www.moskito.cz\/?post_type=product&#038;p=228053"},"modified":"2025-05-07T10:42:24","modified_gmt":"2025-05-07T09:42:24","slug":"microtech-fleecova-cepice","status":"publish","type":"product","link":"https:\/\/www.moskito.cz\/pl\/produkt\/microtech-fleecova-cepice\/","title":{"rendered":"MICROTECH FLEECOV\u00c1 \u010cEPICE"},"content":{"rendered":"<p><strong>MICROTECH<\/strong> FLEECOV\u00c1 \u010cEPICE.<\/p>\n<p>Fleeceov\u00e1 \u010depice Microtech je tepl\u00e1 a p\u0159\u00edjemn\u00e1 a m\u00e1 na\u0161itou visa\u010dku s logem Microtech.<\/p>\n<p>100% Poly Micro Fleece<br \/>\nAnti-Pill Finish<\/p>\n","protected":false},"excerpt":{"rendered":"<p>MICROTECH FLEECOV\u00c1 \u010cEPICE. Fleeceov\u00e1 \u010depice Microtech je tepl\u00e1 a p\u0159\u00edjemn\u00e1 a m\u00e1 na\u0161itou visa\u010dku s logem Microtech. 100% Poly Micro Fleece Anti-Pill Finish<\/p>\n","protected":false},"featured_media":228054,"comment_status":"open","ping_status":"closed","template":"","meta":[],"pwb-brand":[431],"product_brand":[],"product_cat":[2019,17],"product_tag":[3667],"class_list":{"0":"post-228053","1":"product","2":"type-product","3":"status-publish","4":"has-post-thumbnail","6":"pwb-brand-microtech","7":"product_cat-vystrelovaci-noze","8":"product_cat-noze","9":"product_tag-b2b","11":"first","12":"outofstock","13":"taxable","14":"shipping-taxable","15":"purchasable","16":"product-type-simple"},"brands":[{"id":431,"name":"Microtech","slug":"microtech"}],"_links":{"self":[{"href":"https:\/\/www.moskito.cz\/pl\/wp-json\/wp\/v2\/product\/228053","targetHints":{"allow":["GET"]}}],"collection":[{"href":"https:\/\/www.moskito.cz\/pl\/wp-json\/wp\/v2\/product"}],"about":[{"href":"https:\/\/www.moskito.cz\/pl\/wp-json\/wp\/v2\/types\/product"}],"replies":[{"embeddable":true,"href":"https:\/\/www.moskito.cz\/pl\/wp-json\/wp\/v2\/comments?post=228053"}],"wp:featuredmedia":[{"embeddable":true,"href":"https:\/\/www.moskito.cz\/pl\/wp-json\/wp\/v2\/media\/228054"}],"wp:attachment":[{"href":"https:\/\/www.moskito.cz\/pl\/wp-json\/wp\/v2\/media?parent=228053"}],"wp:term":[{"taxonomy":"pwb-brand","embeddable":true,"href":"https:\/\/www.moskito.cz\/pl\/wp-json\/wp\/v2\/pwb-brand?post=228053"},{"taxonomy":"product_brand","embeddable":true,"href":"https:\/\/www.moskito.cz\/pl\/wp-json\/wp\/v2\/product_brand?post=228053"},{"taxonomy":"product_cat","embeddable":true,"href":"https:\/\/www.moskito.cz\/pl\/wp-json\/wp\/v2\/product_cat?post=228053"},{"taxonomy":"product_tag","embeddable":true,"href":"https:\/\/www.moskito.cz\/pl\/wp-json\/wp\/v2\/product_tag?post=228053"}],"curies":[{"name":"wp","href":"https:\/\/api.w.org\/{rel}","templated":true}]}}